{"id":859,"date":"2025-04-11T08:54:52","date_gmt":"2025-04-11T12:54:52","guid":{"rendered":"https:\/\/www.soleacapital.com\/privacy-policy\/"},"modified":"2025-06-29T12:50:08","modified_gmt":"2025-06-29T16:50:08","slug":"politique-de-confidentialite","status":"publish","type":"page","link":"https:\/\/www.soleacapital.com\/fr\/politique-de-confidentialite\/","title":{"rendered":"Politique de confidentialit\u00e9"},"content":{"rendered":"\t\t<div data-elementor-type=\"wp-page\" data-elementor-id=\"859\" class=\"elementor elementor-859 elementor-34\" data-elementor-post-type=\"page\">\n\t\t\t\t<div class=\"elementor-element elementor-element-c335262 e-con-full e-flex e-con e-parent\" data-id=\"c335262\" data-element_type=\"container\">\n\t\t\t\t<div class=\"elementor-element elementor-element-e766327 elementor-widget elementor-widget-soleacapital-banner\" data-id=\"e766327\" data-element_type=\"widget\" data-widget_type=\"soleacapital-banner.default\">\n\t\t\t\t<div class=\"elementor-widget-container\">\n\t\t\t\t\t        <div class=\"widget-header-banner\"\n            style=\"--sw-image-desktop: url('https:\/\/www.soleacapital.com\/wp-content\/uploads\/2025\/04\/header-contact-desktop-2400x655.jpg');\n                   --sw-image-mobile: url('https:\/\/www.soleacapital.com\/wp-content\/uploads\/2025\/04\/header-philosophy-desktop-1200x548.jpg');\">\n            <div class=\"container-xxl\">\n                <div class=\"row\">\n                    <div class=\"col-12 widget-header-banner__titles widget-header-banner__title--center col-lg-8 offset-lg-2\">\n                        <h1 class=\"widget-header-banner__title h1 widget-header-banner__title--underline\">\n                            Politique de confidentialit\u00e9                        <\/h1>\n                                            <\/div>\n                <\/div>\n                <div class=\"row\">\n                                    <\/div>\n            <\/div>\n        <\/div>\n        \t\t\t\t<\/div>\n\t\t\t\t<\/div>\n\t\t\t\t<\/div>\n\t\t<div class=\"elementor-element elementor-element-dc92539 e-con-full container-xxl-bs e-flex e-con e-parent\" data-id=\"dc92539\" data-element_type=\"container\">\n\t\t<div class=\"elementor-element elementor-element-275c00c e-con-full row e-flex e-con e-child\" data-id=\"275c00c\" data-element_type=\"container\">\n\t\t\t\t<div class=\"elementor-element elementor-element-4aca872 col-12 col-lg-8 offset-lg-2 elementor-widget elementor-widget-text-editor\" data-id=\"4aca872\" data-element_type=\"widget\" data-widget_type=\"text-editor.default\">\n\t\t\t\t<div class=\"elementor-widget-container\">\n\t\t\t\t\t\t\t\t\t<p>\u00a0<\/p><p><small><strong>Date d&rsquo;entr\u00e9e en vigueur : 5 mai 2025<\/strong><\/small><\/p><p>Solea Capital (\u00ab\u00a0Solea\u00a0\u00bb, \u00ab\u00a0nous\u00a0\u00bb, \u00ab\u00a0notre\u00a0\u00bb ou \u00ab\u00a0nos\u00a0\u00bb) respecte votre vie priv\u00e9e et s&rsquo;engage \u00e0 prot\u00e9ger les informations personnelles que vous pourriez nous fournir via ce Site. Cette Politique de Confidentialit\u00e9 explique quelles informations nous recueillons, comment nous les utilisons et quels sont vos droits concernant ces informations.<\/p><h2 class=\"h4\">1. Informations que nous recueillons<\/h2><p>Nous pouvons recueillir deux types d&rsquo;informations :<\/p><h3 class=\"p\">a) Informations personnelles<\/h3><p>Cela inclut les informations qui peuvent \u00eatre utilis\u00e9es pour vous identifier directement ou indirectement, telles que votre nom, votre adresse e-mail, votre num\u00e9ro de t\u00e9l\u00e9phone, votre affiliation professionnelle et d&rsquo;autres donn\u00e9es similaires que vous fournissez volontairement via des formulaires ou des e-mails.<\/p><h3 class=\"p\">b) Donn\u00e9es d&rsquo;utilisation et cookies<\/h3><p>Cela inclut l&rsquo;adresse IP, le type de navigateur, les identifiants d&rsquo;appareil et le comportement de navigation sur notre Site. Nous pouvons utiliser des cookies et d&rsquo;autres technologies de suivi pour am\u00e9liorer l&rsquo;exp\u00e9rience utilisateur et analyser le trafic du site web.<\/p><h2 class=\"h4\">2. Comment nous utilisons vos informations<\/h2><p>Nous pouvons utiliser vos informations pour :<\/p><ul><li>R\u00e9pondre \u00e0 vos demandes ou requ\u00eates.<\/li><li>Communiquer avec vous concernant nos services ou d&rsquo;\u00e9ventuelles relations commerciales.<\/li><li>Maintenir et am\u00e9liorer la fonctionnalit\u00e9 de notre Site.<\/li><li>Nous conformer aux lois applicables et aux obligations l\u00e9gales.<\/li><\/ul><h2 class=\"h4\">3. Partage des informations<\/h2><p>Nous ne vendons ni ne louons vos informations personnelles. Nous pouvons partager vos informations avec :<\/p><ul><li>Les fournisseurs de services et sous-traitants autoris\u00e9s qui nous aident \u00e0 exploiter le Site.<\/li><li>Les autorit\u00e9s l\u00e9gales ou r\u00e9glementaires lorsque requis par la loi ou une assignation \u00e0 compara\u00eetre.<\/li><li>Les successeurs en cas de fusion, d&rsquo;acquisition ou de r\u00e9organisation de Solea Capital.<\/li><\/ul><h2 class=\"h4\">4. S\u00e9curit\u00e9 des donn\u00e9es<\/h2><p>Nous mettons en \u0153uvre des mesures de protection administratives, techniques et physiques pour aider \u00e0 prot\u00e9ger vos donn\u00e9es personnelles contre tout acc\u00e8s, utilisation ou divulgation non autoris\u00e9s. Cependant, aucune m\u00e9thode de transmission de donn\u00e9es sur internet n&rsquo;est enti\u00e8rement s\u00e9curis\u00e9e, et nous ne pouvons garantir une s\u00e9curit\u00e9 absolue.<\/p><h2 class=\"h4\">5. R\u00e9tention des donn\u00e9es<\/h2><p>Nous ne conservons les donn\u00e9es personnelles que le temps n\u00e9cessaire pour atteindre les objectifs d\u00e9crits dans cette Politique de Confidentialit\u00e9 ou tel que requis par la loi.<\/p><h2 class=\"h4\">6. Vos droits<\/h2><p>Selon votre juridiction, vous pourriez avoir des droits concernant vos informations personnelles, tels que :<br \/>\u2022 Acc\u00e9der ou corriger les informations que nous d\u00e9tenons \u00e0 votre sujet.<br \/>\u2022 Demander la suppression de vos donn\u00e9es personnelles.<br \/>\u2022 Vous d\u00e9sinscrire des communications marketing.<br \/>Pour exercer l&rsquo;un de ces droits, veuillez nous contacter \u00e0 l&rsquo;adresse indiqu\u00e9e ci-dessous.<\/p><h2 class=\"h4\">7. Services tiers<\/h2><p>Ce Site peut contenir des liens vers des sites web ou des plateformes externes. Nous ne sommes pas responsables des pratiques de confidentialit\u00e9 de ces tiers. Vous devez consulter leurs politiques de confidentialit\u00e9 s\u00e9par\u00e9ment.<\/p><h2 class=\"h4\">8. Confidentialit\u00e9 des enfants<\/h2><p>Ce Site n&rsquo;est pas destin\u00e9 aux personnes de moins de 18 ans. Nous ne recueillons pas sciemment ni ne sollicitons d&rsquo;informations personnelles aupr\u00e8s de mineurs.<\/p><h2 class=\"h4\">9. Modifications de cette politique<\/h2><p>Nous nous r\u00e9servons le droit de mettre \u00e0 jour cette Politique de Confidentialit\u00e9 \u00e0 tout moment. Toute modification sera publi\u00e9e sur cette page avec une date d&rsquo;entr\u00e9e en vigueur r\u00e9vis\u00e9e.<\/p><h2 class=\"h4\">10. Nous contacter<\/h2><p>Si vous avez des questions concernant cette Politique de Confidentialit\u00e9 ou la mani\u00e8re dont nous traitons vos donn\u00e9es, veuillez contacter :<\/p><p><strong>Solea Capital<\/strong><br \/>1395 Brickell Ave, Suite 960 <br \/>Miami, FL 33131<\/p><p>\u00c9tats-Unis T\u00e9l\u00e9phone : +1-305-663-7285<\/p><p><a href=\"mailto:contact@soleacapital.com\">contact@soleacapital.com<\/a><\/p><p>\u00a0<\/p>\t\t\t\t\t\t\t\t<\/div>\n\t\t\t\t<\/div>\n\t\t\t\t<\/div>\n\t\t\t\t<\/div>\n\t\t\t\t<\/div>\n\t\t","protected":false},"excerpt":{"rendered":"<p>Politique de confidentialit\u00e9 \u00a0 Date d&rsquo;entr\u00e9e en vigueur : 5 mai 2025 Solea Capital (\u00ab\u00a0Solea\u00a0\u00bb, \u00ab\u00a0nous\u00a0\u00bb, \u00ab\u00a0notre\u00a0\u00bb ou \u00ab\u00a0nos\u00a0\u00bb) respecte votre vie priv\u00e9e et s&rsquo;engage \u00e0 prot\u00e9ger les informations personnelles que vous pourriez nous fournir via ce Site. Cette Politique de Confidentialit\u00e9 explique quelles informations nous recueillons, comment nous les utilisons et quels sont vos [&hellip;]<\/p>\n","protected":false},"author":1,"featured_media":0,"parent":0,"menu_order":0,"comment_status":"closed","ping_status":"closed","template":"","meta":{"_acf_changed":false,"footnotes":""},"class_list":["post-859","page","type-page","status-publish","hentry"],"acf":[],"yoast_head":"<!-- This site is optimized with the Yoast SEO plugin v25.4 - https:\/\/yoast.com\/wordpress\/plugins\/seo\/ -->\n<title>Politique de confidentialit\u00e9 - Solea Capital<\/title>\n<meta name=\"robots\" content=\"index, follow, max-snippet:-1, max-image-preview:large, max-video-preview:-1\" \/>\n<link rel=\"canonical\" href=\"https:\/\/www.soleacapital.com\/fr\/politique-de-confidentialite\/\" \/>\n<meta property=\"og:locale\" content=\"fr_FR\" \/>\n<meta property=\"og:type\" content=\"article\" \/>\n<meta property=\"og:title\" content=\"Politique de confidentialit\u00e9 - Solea Capital\" \/>\n<meta property=\"og:description\" content=\"Politique de confidentialit\u00e9 \u00a0 Date d&rsquo;entr\u00e9e en vigueur : 5 mai 2025 Solea Capital (\u00ab\u00a0Solea\u00a0\u00bb, \u00ab\u00a0nous\u00a0\u00bb, \u00ab\u00a0notre\u00a0\u00bb ou \u00ab\u00a0nos\u00a0\u00bb) respecte votre vie priv\u00e9e et s&rsquo;engage \u00e0 prot\u00e9ger les informations personnelles que vous pourriez nous fournir via ce Site. Cette Politique de Confidentialit\u00e9 explique quelles informations nous recueillons, comment nous les utilisons et quels sont vos [&hellip;]\" \/>\n<meta property=\"og:url\" content=\"https:\/\/www.soleacapital.com\/fr\/politique-de-confidentialite\/\" \/>\n<meta property=\"og:site_name\" content=\"Solea Capital\" \/>\n<meta property=\"article:modified_time\" content=\"2025-06-29T16:50:08+00:00\" \/>\n<meta name=\"twitter:card\" content=\"summary_large_image\" \/>\n<meta name=\"twitter:label1\" content=\"Dur\u00e9e de lecture estim\u00e9e\" \/>\n\t<meta name=\"twitter:data1\" content=\"3 minutes\" \/>\n<script type=\"application\/ld+json\" class=\"yoast-schema-graph\">{\"@context\":\"https:\/\/schema.org\",\"@graph\":[{\"@type\":\"WebPage\",\"@id\":\"https:\/\/www.soleacapital.com\/fr\/politique-de-confidentialite\/\",\"url\":\"https:\/\/www.soleacapital.com\/fr\/politique-de-confidentialite\/\",\"name\":\"Politique de confidentialit\u00e9 - Solea Capital\",\"isPartOf\":{\"@id\":\"https:\/\/www.soleacapital.com\/#website\"},\"datePublished\":\"2025-04-11T12:54:52+00:00\",\"dateModified\":\"2025-06-29T16:50:08+00:00\",\"breadcrumb\":{\"@id\":\"https:\/\/www.soleacapital.com\/fr\/politique-de-confidentialite\/#breadcrumb\"},\"inLanguage\":\"fr-FR\",\"potentialAction\":[{\"@type\":\"ReadAction\",\"target\":[\"https:\/\/www.soleacapital.com\/fr\/politique-de-confidentialite\/\"]}]},{\"@type\":\"BreadcrumbList\",\"@id\":\"https:\/\/www.soleacapital.com\/fr\/politique-de-confidentialite\/#breadcrumb\",\"itemListElement\":[{\"@type\":\"ListItem\",\"position\":1,\"name\":\"Home\",\"item\":\"https:\/\/www.soleacapital.com\/fr\/\"},{\"@type\":\"ListItem\",\"position\":2,\"name\":\"Politique de confidentialit\u00e9\"}]},{\"@type\":\"WebSite\",\"@id\":\"https:\/\/www.soleacapital.com\/#website\",\"url\":\"https:\/\/www.soleacapital.com\/\",\"name\":\"Solea Capital\",\"description\":\"\",\"potentialAction\":[{\"@type\":\"SearchAction\",\"target\":{\"@type\":\"EntryPoint\",\"urlTemplate\":\"https:\/\/www.soleacapital.com\/?s={search_term_string}\"},\"query-input\":{\"@type\":\"PropertyValueSpecification\",\"valueRequired\":true,\"valueName\":\"search_term_string\"}}],\"inLanguage\":\"fr-FR\"}]}<\/script>\n<!-- \/ Yoast SEO plugin. -->","yoast_head_json":{"title":"Politique de confidentialit\u00e9 - Solea Capital","robots":{"index":"index","follow":"follow","max-snippet":"max-snippet:-1","max-image-preview":"max-image-preview:large","max-video-preview":"max-video-preview:-1"},"canonical":"https:\/\/www.soleacapital.com\/fr\/politique-de-confidentialite\/","og_locale":"fr_FR","og_type":"article","og_title":"Politique de confidentialit\u00e9 - Solea Capital","og_description":"Politique de confidentialit\u00e9 \u00a0 Date d&rsquo;entr\u00e9e en vigueur : 5 mai 2025 Solea Capital (\u00ab\u00a0Solea\u00a0\u00bb, \u00ab\u00a0nous\u00a0\u00bb, \u00ab\u00a0notre\u00a0\u00bb ou \u00ab\u00a0nos\u00a0\u00bb) respecte votre vie priv\u00e9e et s&rsquo;engage \u00e0 prot\u00e9ger les informations personnelles que vous pourriez nous fournir via ce Site. Cette Politique de Confidentialit\u00e9 explique quelles informations nous recueillons, comment nous les utilisons et quels sont vos [&hellip;]","og_url":"https:\/\/www.soleacapital.com\/fr\/politique-de-confidentialite\/","og_site_name":"Solea Capital","article_modified_time":"2025-06-29T16:50:08+00:00","twitter_card":"summary_large_image","twitter_misc":{"Dur\u00e9e de lecture estim\u00e9e":"3 minutes"},"schema":{"@context":"https:\/\/schema.org","@graph":[{"@type":"WebPage","@id":"https:\/\/www.soleacapital.com\/fr\/politique-de-confidentialite\/","url":"https:\/\/www.soleacapital.com\/fr\/politique-de-confidentialite\/","name":"Politique de confidentialit\u00e9 - Solea Capital","isPartOf":{"@id":"https:\/\/www.soleacapital.com\/#website"},"datePublished":"2025-04-11T12:54:52+00:00","dateModified":"2025-06-29T16:50:08+00:00","breadcrumb":{"@id":"https:\/\/www.soleacapital.com\/fr\/politique-de-confidentialite\/#breadcrumb"},"inLanguage":"fr-FR","potentialAction":[{"@type":"ReadAction","target":["https:\/\/www.soleacapital.com\/fr\/politique-de-confidentialite\/"]}]},{"@type":"BreadcrumbList","@id":"https:\/\/www.soleacapital.com\/fr\/politique-de-confidentialite\/#breadcrumb","itemListElement":[{"@type":"ListItem","position":1,"name":"Home","item":"https:\/\/www.soleacapital.com\/fr\/"},{"@type":"ListItem","position":2,"name":"Politique de confidentialit\u00e9"}]},{"@type":"WebSite","@id":"https:\/\/www.soleacapital.com\/#website","url":"https:\/\/www.soleacapital.com\/","name":"Solea Capital","description":"","potentialAction":[{"@type":"SearchAction","target":{"@type":"EntryPoint","urlTemplate":"https:\/\/www.soleacapital.com\/?s={search_term_string}"},"query-input":{"@type":"PropertyValueSpecification","valueRequired":true,"valueName":"search_term_string"}}],"inLanguage":"fr-FR"}]}},"_links":{"self":[{"href":"https:\/\/www.soleacapital.com\/fr\/wp-json\/wp\/v2\/pages\/859","targetHints":{"allow":["GET"]}}],"collection":[{"href":"https:\/\/www.soleacapital.com\/fr\/wp-json\/wp\/v2\/pages"}],"about":[{"href":"https:\/\/www.soleacapital.com\/fr\/wp-json\/wp\/v2\/types\/page"}],"author":[{"embeddable":true,"href":"https:\/\/www.soleacapital.com\/fr\/wp-json\/wp\/v2\/users\/1"}],"replies":[{"embeddable":true,"href":"https:\/\/www.soleacapital.com\/fr\/wp-json\/wp\/v2\/comments?post=859"}],"version-history":[{"count":13,"href":"https:\/\/www.soleacapital.com\/fr\/wp-json\/wp\/v2\/pages\/859\/revisions"}],"predecessor-version":[{"id":882,"href":"https:\/\/www.soleacapital.com\/fr\/wp-json\/wp\/v2\/pages\/859\/revisions\/882"}],"wp:attachment":[{"href":"https:\/\/www.soleacapital.com\/fr\/wp-json\/wp\/v2\/media?parent=859"}],"curies":[{"name":"wp","href":"https:\/\/api.w.org\/{rel}","templated":true}]}}