{"id":804,"date":"2025-04-11T08:40:37","date_gmt":"2025-04-11T12:40:37","guid":{"rendered":"https:\/\/www.soleacapital.com\/?page_id=804"},"modified":"2025-06-30T03:17:36","modified_gmt":"2025-06-30T07:17:36","slug":"philosophie","status":"publish","type":"page","link":"https:\/\/www.soleacapital.com\/fr\/philosophie\/","title":{"rendered":"Philosophie"},"content":{"rendered":"\t\t<div data-elementor-type=\"wp-page\" data-elementor-id=\"804\" class=\"elementor elementor-804 elementor-12\" data-elementor-post-type=\"page\">\n\t\t\t\t<div class=\"elementor-element elementor-element-a98bcde e-con-full e-flex e-con e-parent\" data-id=\"a98bcde\" data-element_type=\"container\">\n\t\t\t\t<div class=\"elementor-element elementor-element-b6a526b elementor-widget elementor-widget-soleacapital-banner\" data-id=\"b6a526b\" data-element_type=\"widget\" data-widget_type=\"soleacapital-banner.default\">\n\t\t\t\t<div class=\"elementor-widget-container\">\n\t\t\t\t\t        <div class=\"widget-header-banner\"\n            style=\"--sw-image-desktop: url('https:\/\/www.soleacapital.com\/wp-content\/uploads\/2025\/04\/header-philosophy-desktop-2400x1096.jpg');\n                   --sw-image-mobile: url('https:\/\/www.soleacapital.com\/wp-content\/uploads\/2025\/04\/header-philosophy-mobile.jpg');\">\n            <div class=\"container-xxl\">\n                <div class=\"row\">\n                    <div class=\"col-12 widget-header-banner__titles widget-header-banner__title--center col-lg-8 offset-lg-2\">\n                        <h1 class=\"widget-header-banner__title h1 widget-header-banner__title--underline\">\n                            Notre philosophie                        <\/h1>\n                                            <\/div>\n                <\/div>\n                <div class=\"row\">\n                                            <div class=\"col-12 widget-header-banner__body widget-header-banner__body--left col-md-5 offset-md-1\">\n                            <p>Une approche d\u2019investissement sur mesure, fond\u00e9e sur la transparence, l\u2019engagement et l\u2019expertise, enrichie par des partenariats strat\u00e9giques pour g\u00e9n\u00e9rer une valeur durable et soutenir une croissance \u00e0 long terme.<\/p>                        <\/div>\n                                    <\/div>\n            <\/div>\n        <\/div>\n        \t\t\t\t<\/div>\n\t\t\t\t<\/div>\n\t\t\t\t<\/div>\n\t\t<div class=\"elementor-element elementor-element-dd1f734 e-con-full e-flex e-con e-parent\" data-id=\"dd1f734\" data-element_type=\"container\">\n\t\t\t\t<div class=\"elementor-element elementor-element-47ea15a elementor-widget elementor-widget-soleacapital-image-text\" data-id=\"47ea15a\" data-element_type=\"widget\" data-widget_type=\"soleacapital-image-text.default\">\n\t\t\t\t<div class=\"elementor-widget-container\">\n\t\t\t\t\t        <div class=\"container-xxl\">\n            <div class=\"row row__text-image\">\n                <div class=\"col-12 col-md-6 offset-lg-1 col-lg-4 column-image position-negative\">\n                    <img fetchpriority=\"high\" decoding=\"async\" src=\"https:\/\/www.soleacapital.com\/wp-content\/uploads\/2025\/04\/Philosophy-2-1200x1400.jpg\" alt=\"\" width=\"1200\" height=\"1400\" class=\"align size-format-6-7 wp-image-631\" \/>                <\/div>\n                <div class=\"col-12 col-md-6 offset-lg-1 col-lg-5 column-text\">\n                    <p>Chez Solea Capital, nous investissons dans des entreprises \u00e0 potentiel inexploit\u00e9, l\u00e0 o\u00f9 notre engagement strat\u00e9gique et op\u00e9rationnel peut faire la diff\u00e9rence. Nous adoptons une <strong>approche personnalis\u00e9e, transparente et s\u00e9lective<\/strong>, qui nous permet de choisir chaque <strong>opportunit\u00e9 individuellement<\/strong>. Cela assure une vision claire des investissements et un alignement pr\u00e9cis avec les objectifs de nos investisseurs. En tant que soci\u00e9t\u00e9 ind\u00e9pendante et familiale, nous prenons des d\u00e9cisions libres de tout conflit d\u2019int\u00e9r\u00eat, avec un seul objectif : g\u00e9n\u00e9rer les meilleures performances. Chaque investissement repose sur une analyse rigoureuse, combinant donn\u00e9es chiffr\u00e9es et lecture humaine. Notre posture collaborative et agile nous permet de b\u00e2tir des relations solides avec nos partenaires, bien au-del\u00e0 de la transaction.<\/p><p>Au c\u0153ur de notre d\u00e9marche, trois piliers fondamentaux d\u00e9finissent notre identit\u00e9\u00a0: une vision strat\u00e9gique cibl\u00e9e, une implication op\u00e9rationnelle et la cr\u00e9ation de valeur sur le long terme.<\/p><h2 class=\"lead mb-1\"><b>L\u2019exigence d\u2019une vision strat\u00e9gique clair<\/b>e<\/h2><p>Nous investissons dans des secteurs que nous connaissons en profondeur. Cette approche cibl\u00e9e nous permet d\u2019effectuer une due diligence plus pertinente et de prendre des d\u00e9cisions d\u2019investissement plus avis\u00e9es.<\/p><h2 class=\"lead mb-1\"><b>L\u2019i<\/b><b>mplication op\u00e9rationnelle active<\/b><\/h2><p>Nous sommes convaincus que l\u2019implication directe dans les op\u00e9rations de nos participations g\u00e9n\u00e8re des r\u00e9sultats tangibles. Cela se traduit par un appui strat\u00e9gique constant, l\u2019optimisation des performances et un accompagnement sur mesure des projets de croissance.<\/p><h2 class=\"lead mb-1\"><b>La c<\/b><b>r\u00e9ation de valeur sur le long terme<\/b><\/h2><p>Nous privil\u00e9gions une approche de long terme, ax\u00e9e sur la construction d\u2019une valeur solide et p\u00e9renne. Cela implique un capital stable, une strat\u00e9gie de croissance clairement d\u00e9finie, et un engagement durable aux c\u00f4t\u00e9s des \u00e9quipes dirigeantes.<\/p>                <\/div>\n            <\/div>\n        <\/div>\n\t\t\t\t<\/div>\n\t\t\t\t<\/div>\n\t\t\t\t<\/div>\n\t\t<div class=\"elementor-element elementor-element-15c4690 e-con-full container-xxl-bs e-flex e-con e-parent\" data-id=\"15c4690\" data-element_type=\"container\">\n\t\t<div class=\"elementor-element elementor-element-4e98159 e-con-full row e-flex e-con e-child\" data-id=\"4e98159\" data-element_type=\"container\">\n\t\t\t\t<div class=\"elementor-element elementor-element-16d57c9 elementor-align-left col-12 col-lg-10 offset-lg-1 elementor-widget elementor-widget-button\" data-id=\"16d57c9\" data-element_type=\"widget\" data-widget_type=\"button.default\">\n\t\t\t\t<div class=\"elementor-widget-container\">\n\t\t\t\t\t\t\t\t\t<div class=\"elementor-button-wrapper\">\n\t\t\t\t\t<a class=\"elementor-button elementor-button-link elementor-size-sm\" href=\"https:\/\/www.soleacapital.com\/fr\/contactez-nous\/\">\n\t\t\t\t\t\t<span class=\"elementor-button-content-wrapper\">\n\t\t\t\t\t\t\t\t\t<span class=\"elementor-button-text\">Contactez-nous<\/span>\n\t\t\t\t\t<\/span>\n\t\t\t\t\t<\/a>\n\t\t\t\t<\/div>\n\t\t\t\t\t\t\t\t<\/div>\n\t\t\t\t<\/div>\n\t\t\t\t<\/div>\n\t\t\t\t<\/div>\n\t\t<div class=\"elementor-element elementor-element-14e8653 e-flex e-con-boxed e-con e-parent\" data-id=\"14e8653\" data-element_type=\"container\">\n\t\t\t\t\t<div class=\"e-con-inner\">\n\t\t\t\t<div class=\"elementor-element elementor-element-c39bce8 elementor-widget elementor-widget-soleacapital-rebound\" data-id=\"c39bce8\" data-element_type=\"widget\" data-widget_type=\"soleacapital-rebound.default\">\n\t\t\t\t<div class=\"elementor-widget-container\">\n\t\t\t\t\t        <div class=\"widget-rebound\">\n            <div class=\"row\">\n                <div class=\"col-12\">\n                    <div class=\"widget-rebound__title\">\n                        <h2 class=\"h2\">\n                            \u00c0 lire \u00e9galement                        <\/h2>\n                    <\/div>\n                <\/div>\n                <div class=\"col-12 col-md-10 offset-md-1 col-lg-8 offset-lg-2\">\n                    <div class=\"row\">\n                                                    <div class=\"col-6 col-md-6 widget-rebound-article\">\n                                <div class=\"widget-rebound-article__image\">\n                                    <a href=\"https:\/\/www.soleacapital.com\/about-us\/\"\n                                                                                                                    >\n                                        <img decoding=\"async\" src=\"https:\/\/www.soleacapital.com\/wp-content\/uploads\/2025\/04\/solea-in-few-words-1-960x840.jpg\" alt=\"\" width=\"960\" height=\"840\" class=\"align size-rebound wp-image-339\" \/>                                    <\/a>\n                                <\/div>\n                                <h3 class=\"widget-rebound-article__title h3\">\n                                    \u00c0 propos                                <\/h3>\n                                <div class=\"widget-rebound-article__link\">\n                                    <a href=\"https:\/\/www.soleacapital.com\/about-us\/\"\n                                                                                                                  >d\u00e9couvrir<\/a>\n                                <\/div>\n                            <\/div>\n                                                    <div class=\"col-6 col-md-6 widget-rebound-article\">\n                                <div class=\"widget-rebound-article__image\">\n                                    <a href=\"https:\/\/www.soleacapital.com\/strategy\/\"\n                                                                                                                    >\n                                        <img decoding=\"async\" src=\"https:\/\/www.soleacapital.com\/wp-content\/uploads\/2025\/04\/investment-strategy-1-960x840.jpg\" alt=\"\" width=\"960\" height=\"840\" class=\"align size-rebound wp-image-295\" \/>                                    <\/a>\n                                <\/div>\n                                <h3 class=\"widget-rebound-article__title h3\">\n                                    Strat\u00e9gie d'investissement                                <\/h3>\n                                <div class=\"widget-rebound-article__link\">\n                                    <a href=\"https:\/\/www.soleacapital.com\/strategy\/\"\n                                                                                                                  >d\u00e9couvrir<\/a>\n                                <\/div>\n                            <\/div>\n                                            <\/div>\n                <\/div>\n            <\/div>\n        <\/div>\n        \t\t\t\t<\/div>\n\t\t\t\t<\/div>\n\t\t\t\t\t<\/div>\n\t\t\t\t<\/div>\n\t\t\t\t<\/div>\n\t\t","protected":false},"excerpt":{"rendered":"<p>Notre philosophie Une approche d\u2019investissement sur mesure, fond\u00e9e sur la transparence, l\u2019engagement et l\u2019expertise, enrichie par des partenariats strat\u00e9giques pour g\u00e9n\u00e9rer une valeur durable et soutenir une croissance \u00e0 long terme. Chez Solea Capital, nous investissons dans des entreprises \u00e0 potentiel inexploit\u00e9, l\u00e0 o\u00f9 notre engagement strat\u00e9gique et op\u00e9rationnel peut faire la diff\u00e9rence. Nous adoptons [&hellip;]<\/p>\n","protected":false},"author":2,"featured_media":0,"parent":0,"menu_order":0,"comment_status":"closed","ping_status":"closed","template":"","meta":{"_acf_changed":false,"footnotes":""},"class_list":["post-804","page","type-page","status-publish","hentry"],"acf":[],"yoast_head":"<!-- This site is optimized with the Yoast SEO plugin v25.4 - https:\/\/yoast.com\/wordpress\/plugins\/seo\/ -->\n<title>Philosophie - Solea Capital<\/title>\n<meta name=\"robots\" content=\"index, follow, max-snippet:-1, max-image-preview:large, max-video-preview:-1\" \/>\n<link rel=\"canonical\" href=\"https:\/\/www.soleacapital.com\/fr\/philosophie\/\" \/>\n<meta property=\"og:locale\" content=\"fr_FR\" \/>\n<meta property=\"og:type\" content=\"article\" \/>\n<meta property=\"og:title\" content=\"Philosophie - Solea Capital\" \/>\n<meta property=\"og:description\" content=\"Notre philosophie Une approche d\u2019investissement sur mesure, fond\u00e9e sur la transparence, l\u2019engagement et l\u2019expertise, enrichie par des partenariats strat\u00e9giques pour g\u00e9n\u00e9rer une valeur durable et soutenir une croissance \u00e0 long terme. Chez Solea Capital, nous investissons dans des entreprises \u00e0 potentiel inexploit\u00e9, l\u00e0 o\u00f9 notre engagement strat\u00e9gique et op\u00e9rationnel peut faire la diff\u00e9rence. Nous adoptons [&hellip;]\" \/>\n<meta property=\"og:url\" content=\"https:\/\/www.soleacapital.com\/fr\/philosophie\/\" \/>\n<meta property=\"og:site_name\" content=\"Solea Capital\" \/>\n<meta property=\"article:modified_time\" content=\"2025-06-30T07:17:36+00:00\" \/>\n<meta property=\"og:image\" content=\"https:\/\/www.soleacapital.com\/wp-content\/uploads\/2025\/04\/Philosophy-2.jpg\" \/>\n\t<meta property=\"og:image:width\" content=\"729\" \/>\n\t<meta property=\"og:image:height\" content=\"846\" \/>\n\t<meta property=\"og:image:type\" content=\"image\/jpeg\" \/>\n<meta name=\"twitter:card\" content=\"summary_large_image\" \/>\n<meta name=\"twitter:label1\" content=\"Dur\u00e9e de lecture estim\u00e9e\" \/>\n\t<meta name=\"twitter:data1\" content=\"3 minutes\" \/>\n<script type=\"application\/ld+json\" class=\"yoast-schema-graph\">{\"@context\":\"https:\/\/schema.org\",\"@graph\":[{\"@type\":\"WebPage\",\"@id\":\"https:\/\/www.soleacapital.com\/fr\/philosophie\/\",\"url\":\"https:\/\/www.soleacapital.com\/fr\/philosophie\/\",\"name\":\"Philosophie - Solea Capital\",\"isPartOf\":{\"@id\":\"https:\/\/www.soleacapital.com\/#website\"},\"primaryImageOfPage\":{\"@id\":\"https:\/\/www.soleacapital.com\/fr\/philosophie\/#primaryimage\"},\"image\":{\"@id\":\"https:\/\/www.soleacapital.com\/fr\/philosophie\/#primaryimage\"},\"thumbnailUrl\":\"https:\/\/www.soleacapital.com\/wp-content\/uploads\/2025\/04\/Philosophy-2-1200x1400.jpg\",\"datePublished\":\"2025-04-11T12:40:37+00:00\",\"dateModified\":\"2025-06-30T07:17:36+00:00\",\"breadcrumb\":{\"@id\":\"https:\/\/www.soleacapital.com\/fr\/philosophie\/#breadcrumb\"},\"inLanguage\":\"fr-FR\",\"potentialAction\":[{\"@type\":\"ReadAction\",\"target\":[\"https:\/\/www.soleacapital.com\/fr\/philosophie\/\"]}]},{\"@type\":\"ImageObject\",\"inLanguage\":\"fr-FR\",\"@id\":\"https:\/\/www.soleacapital.com\/fr\/philosophie\/#primaryimage\",\"url\":\"https:\/\/www.soleacapital.com\/wp-content\/uploads\/2025\/04\/Philosophy-2-1200x1400.jpg\",\"contentUrl\":\"https:\/\/www.soleacapital.com\/wp-content\/uploads\/2025\/04\/Philosophy-2-1200x1400.jpg\"},{\"@type\":\"BreadcrumbList\",\"@id\":\"https:\/\/www.soleacapital.com\/fr\/philosophie\/#breadcrumb\",\"itemListElement\":[{\"@type\":\"ListItem\",\"position\":1,\"name\":\"Home\",\"item\":\"https:\/\/www.soleacapital.com\/fr\/\"},{\"@type\":\"ListItem\",\"position\":2,\"name\":\"Philosophie\"}]},{\"@type\":\"WebSite\",\"@id\":\"https:\/\/www.soleacapital.com\/#website\",\"url\":\"https:\/\/www.soleacapital.com\/\",\"name\":\"Solea Capital\",\"description\":\"\",\"potentialAction\":[{\"@type\":\"SearchAction\",\"target\":{\"@type\":\"EntryPoint\",\"urlTemplate\":\"https:\/\/www.soleacapital.com\/?s={search_term_string}\"},\"query-input\":{\"@type\":\"PropertyValueSpecification\",\"valueRequired\":true,\"valueName\":\"search_term_string\"}}],\"inLanguage\":\"fr-FR\"}]}<\/script>\n<!-- \/ Yoast SEO plugin. -->","yoast_head_json":{"title":"Philosophie - Solea Capital","robots":{"index":"index","follow":"follow","max-snippet":"max-snippet:-1","max-image-preview":"max-image-preview:large","max-video-preview":"max-video-preview:-1"},"canonical":"https:\/\/www.soleacapital.com\/fr\/philosophie\/","og_locale":"fr_FR","og_type":"article","og_title":"Philosophie - Solea Capital","og_description":"Notre philosophie Une approche d\u2019investissement sur mesure, fond\u00e9e sur la transparence, l\u2019engagement et l\u2019expertise, enrichie par des partenariats strat\u00e9giques pour g\u00e9n\u00e9rer une valeur durable et soutenir une croissance \u00e0 long terme. Chez Solea Capital, nous investissons dans des entreprises \u00e0 potentiel inexploit\u00e9, l\u00e0 o\u00f9 notre engagement strat\u00e9gique et op\u00e9rationnel peut faire la diff\u00e9rence. Nous adoptons [&hellip;]","og_url":"https:\/\/www.soleacapital.com\/fr\/philosophie\/","og_site_name":"Solea Capital","article_modified_time":"2025-06-30T07:17:36+00:00","og_image":[{"width":729,"height":846,"url":"https:\/\/www.soleacapital.com\/wp-content\/uploads\/2025\/04\/Philosophy-2.jpg","type":"image\/jpeg"}],"twitter_card":"summary_large_image","twitter_misc":{"Dur\u00e9e de lecture estim\u00e9e":"3 minutes"},"schema":{"@context":"https:\/\/schema.org","@graph":[{"@type":"WebPage","@id":"https:\/\/www.soleacapital.com\/fr\/philosophie\/","url":"https:\/\/www.soleacapital.com\/fr\/philosophie\/","name":"Philosophie - Solea Capital","isPartOf":{"@id":"https:\/\/www.soleacapital.com\/#website"},"primaryImageOfPage":{"@id":"https:\/\/www.soleacapital.com\/fr\/philosophie\/#primaryimage"},"image":{"@id":"https:\/\/www.soleacapital.com\/fr\/philosophie\/#primaryimage"},"thumbnailUrl":"https:\/\/www.soleacapital.com\/wp-content\/uploads\/2025\/04\/Philosophy-2-1200x1400.jpg","datePublished":"2025-04-11T12:40:37+00:00","dateModified":"2025-06-30T07:17:36+00:00","breadcrumb":{"@id":"https:\/\/www.soleacapital.com\/fr\/philosophie\/#breadcrumb"},"inLanguage":"fr-FR","potentialAction":[{"@type":"ReadAction","target":["https:\/\/www.soleacapital.com\/fr\/philosophie\/"]}]},{"@type":"ImageObject","inLanguage":"fr-FR","@id":"https:\/\/www.soleacapital.com\/fr\/philosophie\/#primaryimage","url":"https:\/\/www.soleacapital.com\/wp-content\/uploads\/2025\/04\/Philosophy-2-1200x1400.jpg","contentUrl":"https:\/\/www.soleacapital.com\/wp-content\/uploads\/2025\/04\/Philosophy-2-1200x1400.jpg"},{"@type":"BreadcrumbList","@id":"https:\/\/www.soleacapital.com\/fr\/philosophie\/#breadcrumb","itemListElement":[{"@type":"ListItem","position":1,"name":"Home","item":"https:\/\/www.soleacapital.com\/fr\/"},{"@type":"ListItem","position":2,"name":"Philosophie"}]},{"@type":"WebSite","@id":"https:\/\/www.soleacapital.com\/#website","url":"https:\/\/www.soleacapital.com\/","name":"Solea Capital","description":"","potentialAction":[{"@type":"SearchAction","target":{"@type":"EntryPoint","urlTemplate":"https:\/\/www.soleacapital.com\/?s={search_term_string}"},"query-input":{"@type":"PropertyValueSpecification","valueRequired":true,"valueName":"search_term_string"}}],"inLanguage":"fr-FR"}]}},"_links":{"self":[{"href":"https:\/\/www.soleacapital.com\/fr\/wp-json\/wp\/v2\/pages\/804","targetHints":{"allow":["GET"]}}],"collection":[{"href":"https:\/\/www.soleacapital.com\/fr\/wp-json\/wp\/v2\/pages"}],"about":[{"href":"https:\/\/www.soleacapital.com\/fr\/wp-json\/wp\/v2\/types\/page"}],"author":[{"embeddable":true,"href":"https:\/\/www.soleacapital.com\/fr\/wp-json\/wp\/v2\/users\/2"}],"replies":[{"embeddable":true,"href":"https:\/\/www.soleacapital.com\/fr\/wp-json\/wp\/v2\/comments?post=804"}],"version-history":[{"count":11,"href":"https:\/\/www.soleacapital.com\/fr\/wp-json\/wp\/v2\/pages\/804\/revisions"}],"predecessor-version":[{"id":1023,"href":"https:\/\/www.soleacapital.com\/fr\/wp-json\/wp\/v2\/pages\/804\/revisions\/1023"}],"wp:attachment":[{"href":"https:\/\/www.soleacapital.com\/fr\/wp-json\/wp\/v2\/media?parent=804"}],"curies":[{"name":"wp","href":"https:\/\/api.w.org\/{rel}","templated":true}]}}