{"id":794,"date":"2025-04-11T08:40:52","date_gmt":"2025-04-11T12:40:52","guid":{"rendered":"https:\/\/www.soleacapital.com\/?page_id=794"},"modified":"2025-06-30T03:18:22","modified_gmt":"2025-06-30T07:18:22","slug":"strategie-dinvestissement","status":"publish","type":"page","link":"https:\/\/www.soleacapital.com\/fr\/strategie-dinvestissement\/","title":{"rendered":"Strat\u00e9gie d&rsquo;investissement"},"content":{"rendered":"\t\t<div data-elementor-type=\"wp-page\" data-elementor-id=\"794\" class=\"elementor elementor-794 elementor-15\" data-elementor-post-type=\"page\">\n\t\t\t\t<div class=\"elementor-element elementor-element-f7a875f e-con-full e-flex e-con e-parent\" data-id=\"f7a875f\" data-element_type=\"container\">\n\t\t\t\t<div class=\"elementor-element elementor-element-2f20e50 elementor-widget elementor-widget-soleacapital-banner\" data-id=\"2f20e50\" data-element_type=\"widget\" data-widget_type=\"soleacapital-banner.default\">\n\t\t\t\t<div class=\"elementor-widget-container\">\n\t\t\t\t\t        <div class=\"widget-header-banner\"\n            style=\"--sw-image-desktop: url('https:\/\/www.soleacapital.com\/wp-content\/uploads\/2025\/04\/header-strategy-desktop-2400x1096.jpg');\n                   --sw-image-mobile: url('https:\/\/www.soleacapital.com\/wp-content\/uploads\/2025\/04\/header-strategy-mobile.jpg');\">\n            <div class=\"container-xxl\">\n                <div class=\"row\">\n                    <div class=\"col-12 widget-header-banner__titles widget-header-banner__title--center col-lg-8 offset-lg-2\">\n                        <h1 class=\"widget-header-banner__title h1 widget-header-banner__title--underline\">\n                            Notre strat\u00e9gie d\u2019investissement                        <\/h1>\n                                            <\/div>\n                <\/div>\n                <div class=\"row\">\n                                            <div class=\"col-12 widget-header-banner__body widget-header-banner__body--center col-md-8 offset-md-2 col-lg-6 offset-lg-3\">\n                            <p>Chez Solea Capital, nous accompagnons des entreprises \u00e0 fort potentiel en catalysant leur croissance et en r\u00e9v\u00e9lant leur pleine valeur. Notre approche est s\u00e9lective, flexible et profond\u00e9ment engag\u00e9e, con\u00e7ue pour s\u2019adapter \u00e0 chaque trajectoire. Nous collaborons avec des entrepreneurs, des \u00e9quipes dirigeantes, des entreprises familiales, des fonds et des groupes, en ajustant notre implication selon les besoins : capital de croissance, capital de transmission ou reprises strat\u00e9giques. L\u2019effet de levier est utilis\u00e9 avec discernement, dans une logique durable et cr\u00e9atrice de valeur.<\/p>                        <\/div>\n                                    <\/div>\n            <\/div>\n        <\/div>\n        \t\t\t\t<\/div>\n\t\t\t\t<\/div>\n\t\t\t\t<\/div>\n\t\t<div class=\"elementor-element elementor-element-f1b6b77 e-flex e-con-boxed e-con e-parent\" data-id=\"f1b6b77\" data-element_type=\"container\">\n\t\t\t\t\t<div class=\"e-con-inner\">\n\t\t\t\t<div class=\"elementor-element elementor-element-a4debdb elementor-widget elementor-widget-soleacapital-image-text\" data-id=\"a4debdb\" data-element_type=\"widget\" data-widget_type=\"soleacapital-image-text.default\">\n\t\t\t\t<div class=\"elementor-widget-container\">\n\t\t\t\t\t        <div class=\"container-xxl\">\n            <div class=\"row row__image-text\">\n                <div class=\"col-12 col-md-6 offset-lg-1 col-lg-4 column-image position-center\">\n                    <img fetchpriority=\"high\" decoding=\"async\" src=\"https:\/\/www.soleacapital.com\/wp-content\/uploads\/2025\/04\/Range-of-scope-1200x1400.jpg\" alt=\"\" width=\"1200\" height=\"1400\" class=\"align size-format-6-7 wp-image-637\" \/>                <\/div>\n                <div class=\"col-12 col-md-6 offset-lg-1 col-lg-5 column-text\">\n                    <h2><b>P\u00e9rim\u00e8tre d\u2019intervention<\/b><\/h2><p><strong>Nous concentrons nos investissements sur le segment inf\u00e9rieur du march\u00e9 am\u00e9ricain<\/strong>, en ciblant des entreprises \u00e0 fort potentiel de croissance et \u00e0 mod\u00e8les \u00e9conomiques \u00e9volutifs, tout en explorant des opportunit\u00e9s cibl\u00e9es en Am\u00e9rique latine et en Europe.<\/p><p>Notre strat\u00e9gie vise des soci\u00e9t\u00e9s \u00e0 fort potentiel, disposant de mod\u00e8les facilement scalables. Nous privil\u00e9gions des prises de participation en fonds propres <strong>comprises entre 1 et 20 millions de dollars par entreprise<\/strong> \u2014 un segment encore peu adress\u00e9 par le march\u00e9. Dans cette fourchette, nous identifions de nombreuses entreprises en ad\u00e9quation avec notre tol\u00e9rance au risque et offrant un potentiel \u00e9lev\u00e9 en mati\u00e8re de cr\u00e9ation de valeur et de croissance.<\/p><p>Nous visons principalement <strong>deux types de situations<\/strong> pouvant b\u00e9n\u00e9ficier de <strong>notre r\u00e9seau d\u2019experts<\/strong> et de <strong>notre capacit\u00e9 \u00e0 mobiliser rapidement un capital structurant<\/strong> :<\/p><ul><li><strong>Entreprises en forte croissance :<\/strong> Des soci\u00e9t\u00e9s de qualit\u00e9, enregistrant une progression significative de leur chiffre d\u2019affaires, et ayant besoin de capitaux pour changer d\u2019\u00e9chelle et atteindre un nouveau palier de d\u00e9veloppement.<\/li><li><strong>Entreprises sous-performantes<\/strong> avec un potentiel de redressement clair: Des entreprises confront\u00e9es \u00e0 des enjeux op\u00e9rationnels ou financiers, dans lesquelles notre expertise peut d\u00e9bloquer une valeur latente importante et g\u00e9n\u00e9rer des retours attractifs.<\/li><\/ul>                <\/div>\n            <\/div>\n        <\/div>\n\t\t\t\t<\/div>\n\t\t\t\t<\/div>\n\t\t\t\t<div class=\"elementor-element elementor-element-1f4efd5 elementor-widget elementor-widget-soleacapital-image-text\" data-id=\"1f4efd5\" data-element_type=\"widget\" data-widget_type=\"soleacapital-image-text.default\">\n\t\t\t\t<div class=\"elementor-widget-container\">\n\t\t\t\t\t        <div class=\"container-xxl\">\n            <div class=\"row row__text-image\">\n                <div class=\"col-12 col-md-6 offset-lg-1 col-lg-4 column-image position-center\">\n                    <img decoding=\"async\" src=\"https:\/\/www.soleacapital.com\/wp-content\/uploads\/2025\/04\/Investment-Criteria-1200x1400.jpg\" alt=\"\" width=\"1200\" height=\"1400\" class=\"align size-format-6-7 wp-image-456\" \/>                <\/div>\n                <div class=\"col-12 col-md-6 offset-lg-1 col-lg-5 column-text\">\n                    <h2><b>Crit\u00e8res d\u2019investissement<\/b>\u00a0<\/h2><p>Notre recherche d\u2019opportunit\u00e9s repose sur quatre crit\u00e8res cl\u00e9s :<\/p><ol><li><p><strong>Secteurs de niche ou sp\u00e9cialis\u00e9s :<\/strong> Nous investissons dans des industries o\u00f9 notre expertise approfondie constitue un v\u00e9ritable avantage concurrentiel.<\/p><\/li><li><strong>Fort potentiel de croissance :<\/strong> Nous ciblons des entreprises offrant un fort potentiel d\u2019expansion, qu\u2019il s\u2019agisse de start-ups innovantes avec des produits ou services diff\u00e9renciants, ou d\u2019acteurs \u00e9tablis \u00e9voluant sur des march\u00e9s en d\u00e9veloppement.<\/li><li><strong>Potentiel de retournement :<\/strong> Nous nous int\u00e9ressons aux soci\u00e9t\u00e9s confront\u00e9es \u00e0 des difficult\u00e9s op\u00e9rationnelles ou financi\u00e8res, lorsque notre savoir-faire strat\u00e9gique peut g\u00e9n\u00e9rer une cr\u00e9ation de valeur significative.<\/li><li><strong>Scalabilit\u00e9 :<\/strong> Nous privil\u00e9gions les entreprises capables de cro\u00eetre rapidement et efficacement, en s\u2019appuyant sur des fondamentaux solides et une trajectoire de croissance bien d\u00e9finie.<\/li><\/ol>                <\/div>\n            <\/div>\n        <\/div>\n\t\t\t\t<\/div>\n\t\t\t\t<\/div>\n\t\t\t\t<div class=\"elementor-element elementor-element-ce3408e elementor-widget elementor-widget-soleacapital-image-text\" data-id=\"ce3408e\" data-element_type=\"widget\" data-widget_type=\"soleacapital-image-text.default\">\n\t\t\t\t<div class=\"elementor-widget-container\">\n\t\t\t\t\t        <div class=\"container-xxl\">\n            <div class=\"row row__image-text\">\n                <div class=\"col-12 col-md-6 offset-lg-1 col-lg-4 column-image position-center\">\n                    <img decoding=\"async\" src=\"https:\/\/www.soleacapital.com\/wp-content\/uploads\/2025\/04\/Sector-Focus-1200x1400.jpg\" alt=\"\" width=\"1200\" height=\"1400\" class=\"align size-format-6-7 wp-image-462\" \/>                <\/div>\n                <div class=\"col-12 col-md-6 offset-lg-1 col-lg-5 column-text\">\n                    <h2><b>Secteurs de pr\u00e9dilection<\/b><\/h2><p>Nous concentrons nos investissements, et disposons d\u2019une expertise approfondie, dans les secteurs suivants :<\/p><ul><li><strong>\u00c9nergies renouvelables<\/strong><\/li><li><strong>Technologie<\/strong><\/li><li><strong>Biens et services de luxe<\/strong><\/li><\/ul>                <\/div>\n            <\/div>\n        <\/div>\n\t\t\t\t<\/div>\n\t\t\t\t<\/div>\n\t\t\t\t\t<\/div>\n\t\t\t\t<\/div>\n\t\t<div class=\"elementor-element elementor-element-a3da4aa e-flex e-con-boxed e-con e-parent\" data-id=\"a3da4aa\" data-element_type=\"container\">\n\t\t\t\t\t<div class=\"e-con-inner\">\n\t\t\t\t<div class=\"elementor-element elementor-element-cf968b1 elementor-align-center elementor-widget elementor-widget-button\" data-id=\"cf968b1\" data-element_type=\"widget\" data-widget_type=\"button.default\">\n\t\t\t\t<div class=\"elementor-widget-container\">\n\t\t\t\t\t\t\t\t\t<div class=\"elementor-button-wrapper\">\n\t\t\t\t\t<a class=\"elementor-button elementor-button-link elementor-size-sm\" href=\"https:\/\/www.soleacapital.com\/fr\/contactez-nous\/\">\n\t\t\t\t\t\t<span class=\"elementor-button-content-wrapper\">\n\t\t\t\t\t\t\t\t\t<span class=\"elementor-button-text\">Contactez-nous<\/span>\n\t\t\t\t\t<\/span>\n\t\t\t\t\t<\/a>\n\t\t\t\t<\/div>\n\t\t\t\t\t\t\t\t<\/div>\n\t\t\t\t<\/div>\n\t\t\t\t\t<\/div>\n\t\t\t\t<\/div>\n\t\t<div class=\"elementor-element elementor-element-3ce10cd e-con-full e-flex e-con e-parent\" data-id=\"3ce10cd\" data-element_type=\"container\">\n\t\t\t\t<div class=\"elementor-element elementor-element-1d52e8e elementor-widget elementor-widget-soleacapital-rebound\" data-id=\"1d52e8e\" data-element_type=\"widget\" data-widget_type=\"soleacapital-rebound.default\">\n\t\t\t\t<div class=\"elementor-widget-container\">\n\t\t\t\t\t        <div class=\"widget-rebound\">\n            <div class=\"row\">\n                <div class=\"col-12\">\n                    <div class=\"widget-rebound__title\">\n                        <h2 class=\"h2\">\n                            \u00c0 lire \u00e9galement                        <\/h2>\n                    <\/div>\n                <\/div>\n                <div class=\"col-12 col-md-10 offset-md-1 col-lg-8 offset-lg-2\">\n                    <div class=\"row\">\n                                                    <div class=\"col-6 col-md-6 widget-rebound-article\">\n                                <div class=\"widget-rebound-article__image\">\n                                    <a href=\"https:\/\/www.soleacapital.com\/philosophy\/\"\n                                                                                                                    >\n                                        <img loading=\"lazy\" decoding=\"async\" src=\"https:\/\/www.soleacapital.com\/wp-content\/uploads\/2025\/04\/philosophy-1-960x840.jpg\" alt=\"\" width=\"960\" height=\"840\" class=\"align size-rebound wp-image-302\" \/>                                    <\/a>\n                                <\/div>\n                                <h3 class=\"widget-rebound-article__title h3\">\n                                    Philosophie                                <\/h3>\n                                <div class=\"widget-rebound-article__link\">\n                                    <a href=\"https:\/\/www.soleacapital.com\/philosophy\/\"\n                                                                                                                  >d\u00e9couvrir<\/a>\n                                <\/div>\n                            <\/div>\n                                                    <div class=\"col-6 col-md-6 widget-rebound-article\">\n                                <div class=\"widget-rebound-article__image\">\n                                    <a href=\"https:\/\/www.soleacapital.com\/portfolio\/\"\n                                                                                                                    >\n                                        <img loading=\"lazy\" decoding=\"async\" src=\"https:\/\/www.soleacapital.com\/wp-content\/uploads\/2025\/04\/portfolio-1-960x840.jpg\" alt=\"\" width=\"960\" height=\"840\" class=\"align size-rebound wp-image-305\" \/>                                    <\/a>\n                                <\/div>\n                                <h3 class=\"widget-rebound-article__title h3\">\n                                    Portefeuille                                <\/h3>\n                                <div class=\"widget-rebound-article__link\">\n                                    <a href=\"https:\/\/www.soleacapital.com\/portfolio\/\"\n                                                                                                                  >d\u00e9couvrir<\/a>\n                                <\/div>\n                            <\/div>\n                                            <\/div>\n                <\/div>\n            <\/div>\n        <\/div>\n        \t\t\t\t<\/div>\n\t\t\t\t<\/div>\n\t\t\t\t<\/div>\n\t\t\t\t<\/div>\n\t\t","protected":false},"excerpt":{"rendered":"<p>Notre strat\u00e9gie d\u2019investissement Chez Solea Capital, nous accompagnons des entreprises \u00e0 fort potentiel en catalysant leur croissance et en r\u00e9v\u00e9lant leur pleine valeur. Notre approche est s\u00e9lective, flexible et profond\u00e9ment engag\u00e9e, con\u00e7ue pour s\u2019adapter \u00e0 chaque trajectoire. Nous collaborons avec des entrepreneurs, des \u00e9quipes dirigeantes, des entreprises familiales, des fonds et des groupes, en ajustant [&hellip;]<\/p>\n","protected":false},"author":2,"featured_media":0,"parent":0,"menu_order":0,"comment_status":"closed","ping_status":"closed","template":"","meta":{"_acf_changed":false,"footnotes":""},"class_list":["post-794","page","type-page","status-publish","hentry"],"acf":[],"yoast_head":"<!-- This site is optimized with the Yoast SEO plugin v25.4 - https:\/\/yoast.com\/wordpress\/plugins\/seo\/ -->\n<title>Strat\u00e9gie d&#039;investissement - Solea Capital<\/title>\n<meta name=\"robots\" content=\"index, follow, max-snippet:-1, max-image-preview:large, max-video-preview:-1\" \/>\n<link rel=\"canonical\" href=\"https:\/\/www.soleacapital.com\/fr\/strategie-dinvestissement\/\" \/>\n<meta property=\"og:locale\" content=\"fr_FR\" \/>\n<meta property=\"og:type\" content=\"article\" \/>\n<meta property=\"og:title\" content=\"Strat\u00e9gie d&#039;investissement - Solea Capital\" \/>\n<meta property=\"og:description\" content=\"Notre strat\u00e9gie d\u2019investissement Chez Solea Capital, nous accompagnons des entreprises \u00e0 fort potentiel en catalysant leur croissance et en r\u00e9v\u00e9lant leur pleine valeur. Notre approche est s\u00e9lective, flexible et profond\u00e9ment engag\u00e9e, con\u00e7ue pour s\u2019adapter \u00e0 chaque trajectoire. Nous collaborons avec des entrepreneurs, des \u00e9quipes dirigeantes, des entreprises familiales, des fonds et des groupes, en ajustant [&hellip;]\" \/>\n<meta property=\"og:url\" content=\"https:\/\/www.soleacapital.com\/fr\/strategie-dinvestissement\/\" \/>\n<meta property=\"og:site_name\" content=\"Solea Capital\" \/>\n<meta property=\"article:modified_time\" content=\"2025-06-30T07:18:22+00:00\" \/>\n<meta property=\"og:image\" content=\"https:\/\/www.soleacapital.com\/wp-content\/uploads\/2025\/04\/Range-of-scope.jpg\" \/>\n\t<meta property=\"og:image:width\" content=\"722\" \/>\n\t<meta property=\"og:image:height\" content=\"838\" \/>\n\t<meta property=\"og:image:type\" content=\"image\/jpeg\" \/>\n<meta name=\"twitter:card\" content=\"summary_large_image\" \/>\n<meta name=\"twitter:label1\" content=\"Dur\u00e9e de lecture estim\u00e9e\" \/>\n\t<meta name=\"twitter:data1\" content=\"4 minutes\" \/>\n<script type=\"application\/ld+json\" class=\"yoast-schema-graph\">{\"@context\":\"https:\/\/schema.org\",\"@graph\":[{\"@type\":\"WebPage\",\"@id\":\"https:\/\/www.soleacapital.com\/fr\/strategie-dinvestissement\/\",\"url\":\"https:\/\/www.soleacapital.com\/fr\/strategie-dinvestissement\/\",\"name\":\"Strat\u00e9gie d'investissement - Solea Capital\",\"isPartOf\":{\"@id\":\"https:\/\/www.soleacapital.com\/#website\"},\"primaryImageOfPage\":{\"@id\":\"https:\/\/www.soleacapital.com\/fr\/strategie-dinvestissement\/#primaryimage\"},\"image\":{\"@id\":\"https:\/\/www.soleacapital.com\/fr\/strategie-dinvestissement\/#primaryimage\"},\"thumbnailUrl\":\"https:\/\/www.soleacapital.com\/wp-content\/uploads\/2025\/04\/Range-of-scope-1200x1400.jpg\",\"datePublished\":\"2025-04-11T12:40:52+00:00\",\"dateModified\":\"2025-06-30T07:18:22+00:00\",\"breadcrumb\":{\"@id\":\"https:\/\/www.soleacapital.com\/fr\/strategie-dinvestissement\/#breadcrumb\"},\"inLanguage\":\"fr-FR\",\"potentialAction\":[{\"@type\":\"ReadAction\",\"target\":[\"https:\/\/www.soleacapital.com\/fr\/strategie-dinvestissement\/\"]}]},{\"@type\":\"ImageObject\",\"inLanguage\":\"fr-FR\",\"@id\":\"https:\/\/www.soleacapital.com\/fr\/strategie-dinvestissement\/#primaryimage\",\"url\":\"https:\/\/www.soleacapital.com\/wp-content\/uploads\/2025\/04\/Range-of-scope-1200x1400.jpg\",\"contentUrl\":\"https:\/\/www.soleacapital.com\/wp-content\/uploads\/2025\/04\/Range-of-scope-1200x1400.jpg\"},{\"@type\":\"BreadcrumbList\",\"@id\":\"https:\/\/www.soleacapital.com\/fr\/strategie-dinvestissement\/#breadcrumb\",\"itemListElement\":[{\"@type\":\"ListItem\",\"position\":1,\"name\":\"Home\",\"item\":\"https:\/\/www.soleacapital.com\/fr\/\"},{\"@type\":\"ListItem\",\"position\":2,\"name\":\"Strat\u00e9gie d&#8217;investissement\"}]},{\"@type\":\"WebSite\",\"@id\":\"https:\/\/www.soleacapital.com\/#website\",\"url\":\"https:\/\/www.soleacapital.com\/\",\"name\":\"Solea Capital\",\"description\":\"\",\"potentialAction\":[{\"@type\":\"SearchAction\",\"target\":{\"@type\":\"EntryPoint\",\"urlTemplate\":\"https:\/\/www.soleacapital.com\/?s={search_term_string}\"},\"query-input\":{\"@type\":\"PropertyValueSpecification\",\"valueRequired\":true,\"valueName\":\"search_term_string\"}}],\"inLanguage\":\"fr-FR\"}]}<\/script>\n<!-- \/ Yoast SEO plugin. -->","yoast_head_json":{"title":"Strat\u00e9gie d'investissement - Solea Capital","robots":{"index":"index","follow":"follow","max-snippet":"max-snippet:-1","max-image-preview":"max-image-preview:large","max-video-preview":"max-video-preview:-1"},"canonical":"https:\/\/www.soleacapital.com\/fr\/strategie-dinvestissement\/","og_locale":"fr_FR","og_type":"article","og_title":"Strat\u00e9gie d'investissement - Solea Capital","og_description":"Notre strat\u00e9gie d\u2019investissement Chez Solea Capital, nous accompagnons des entreprises \u00e0 fort potentiel en catalysant leur croissance et en r\u00e9v\u00e9lant leur pleine valeur. Notre approche est s\u00e9lective, flexible et profond\u00e9ment engag\u00e9e, con\u00e7ue pour s\u2019adapter \u00e0 chaque trajectoire. Nous collaborons avec des entrepreneurs, des \u00e9quipes dirigeantes, des entreprises familiales, des fonds et des groupes, en ajustant [&hellip;]","og_url":"https:\/\/www.soleacapital.com\/fr\/strategie-dinvestissement\/","og_site_name":"Solea Capital","article_modified_time":"2025-06-30T07:18:22+00:00","og_image":[{"width":722,"height":838,"url":"https:\/\/www.soleacapital.com\/wp-content\/uploads\/2025\/04\/Range-of-scope.jpg","type":"image\/jpeg"}],"twitter_card":"summary_large_image","twitter_misc":{"Dur\u00e9e de lecture estim\u00e9e":"4 minutes"},"schema":{"@context":"https:\/\/schema.org","@graph":[{"@type":"WebPage","@id":"https:\/\/www.soleacapital.com\/fr\/strategie-dinvestissement\/","url":"https:\/\/www.soleacapital.com\/fr\/strategie-dinvestissement\/","name":"Strat\u00e9gie d'investissement - Solea Capital","isPartOf":{"@id":"https:\/\/www.soleacapital.com\/#website"},"primaryImageOfPage":{"@id":"https:\/\/www.soleacapital.com\/fr\/strategie-dinvestissement\/#primaryimage"},"image":{"@id":"https:\/\/www.soleacapital.com\/fr\/strategie-dinvestissement\/#primaryimage"},"thumbnailUrl":"https:\/\/www.soleacapital.com\/wp-content\/uploads\/2025\/04\/Range-of-scope-1200x1400.jpg","datePublished":"2025-04-11T12:40:52+00:00","dateModified":"2025-06-30T07:18:22+00:00","breadcrumb":{"@id":"https:\/\/www.soleacapital.com\/fr\/strategie-dinvestissement\/#breadcrumb"},"inLanguage":"fr-FR","potentialAction":[{"@type":"ReadAction","target":["https:\/\/www.soleacapital.com\/fr\/strategie-dinvestissement\/"]}]},{"@type":"ImageObject","inLanguage":"fr-FR","@id":"https:\/\/www.soleacapital.com\/fr\/strategie-dinvestissement\/#primaryimage","url":"https:\/\/www.soleacapital.com\/wp-content\/uploads\/2025\/04\/Range-of-scope-1200x1400.jpg","contentUrl":"https:\/\/www.soleacapital.com\/wp-content\/uploads\/2025\/04\/Range-of-scope-1200x1400.jpg"},{"@type":"BreadcrumbList","@id":"https:\/\/www.soleacapital.com\/fr\/strategie-dinvestissement\/#breadcrumb","itemListElement":[{"@type":"ListItem","position":1,"name":"Home","item":"https:\/\/www.soleacapital.com\/fr\/"},{"@type":"ListItem","position":2,"name":"Strat\u00e9gie d&#8217;investissement"}]},{"@type":"WebSite","@id":"https:\/\/www.soleacapital.com\/#website","url":"https:\/\/www.soleacapital.com\/","name":"Solea Capital","description":"","potentialAction":[{"@type":"SearchAction","target":{"@type":"EntryPoint","urlTemplate":"https:\/\/www.soleacapital.com\/?s={search_term_string}"},"query-input":{"@type":"PropertyValueSpecification","valueRequired":true,"valueName":"search_term_string"}}],"inLanguage":"fr-FR"}]}},"_links":{"self":[{"href":"https:\/\/www.soleacapital.com\/fr\/wp-json\/wp\/v2\/pages\/794","targetHints":{"allow":["GET"]}}],"collection":[{"href":"https:\/\/www.soleacapital.com\/fr\/wp-json\/wp\/v2\/pages"}],"about":[{"href":"https:\/\/www.soleacapital.com\/fr\/wp-json\/wp\/v2\/types\/page"}],"author":[{"embeddable":true,"href":"https:\/\/www.soleacapital.com\/fr\/wp-json\/wp\/v2\/users\/2"}],"replies":[{"embeddable":true,"href":"https:\/\/www.soleacapital.com\/fr\/wp-json\/wp\/v2\/comments?post=794"}],"version-history":[{"count":17,"href":"https:\/\/www.soleacapital.com\/fr\/wp-json\/wp\/v2\/pages\/794\/revisions"}],"predecessor-version":[{"id":1029,"href":"https:\/\/www.soleacapital.com\/fr\/wp-json\/wp\/v2\/pages\/794\/revisions\/1029"}],"wp:attachment":[{"href":"https:\/\/www.soleacapital.com\/fr\/wp-json\/wp\/v2\/media?parent=794"}],"curies":[{"name":"wp","href":"https:\/\/api.w.org\/{rel}","templated":true}]}}