{"id":781,"date":"2025-04-11T08:40:20","date_gmt":"2025-04-11T12:40:20","guid":{"rendered":"https:\/\/www.soleacapital.com\/a-propos\/"},"modified":"2025-05-27T06:09:28","modified_gmt":"2025-05-27T10:09:28","slug":"a-propos","status":"publish","type":"page","link":"https:\/\/www.soleacapital.com\/fr\/a-propos\/","title":{"rendered":"\u00c0 propos"},"content":{"rendered":"\t\t<div data-elementor-type=\"wp-page\" data-elementor-id=\"781\" class=\"elementor elementor-781 elementor-8\" data-elementor-post-type=\"page\">\n\t\t\t\t<div class=\"elementor-element elementor-element-47f17d4 e-con-full e-flex e-con e-parent\" data-id=\"47f17d4\" data-element_type=\"container\">\n\t\t\t\t<div class=\"elementor-element elementor-element-5feaf74 elementor-widget elementor-widget-soleacapital-banner\" data-id=\"5feaf74\" data-element_type=\"widget\" data-widget_type=\"soleacapital-banner.default\">\n\t\t\t\t<div class=\"elementor-widget-container\">\n\t\t\t\t\t        <div class=\"widget-header-banner\"\n            style=\"--sw-image-desktop: url('https:\/\/www.soleacapital.com\/wp-content\/uploads\/2025\/04\/header-about-desktop-2400x1096.jpg');\n                   --sw-image-mobile: url('https:\/\/www.soleacapital.com\/wp-content\/uploads\/2025\/04\/header-about-mobile.jpg');\">\n            <div class=\"container-xxl\">\n                <div class=\"row\">\n                    <div class=\"col-12 widget-header-banner__titles widget-header-banner__title--center col-lg-8 offset-lg-2\">\n                        <h1 class=\"widget-header-banner__title h1 widget-header-banner__title--underline\">\n                            Solea en quelques mots                        <\/h1>\n                                            <\/div>\n                <\/div>\n                <div class=\"row\">\n                                            <div class=\"col-12 widget-header-banner__body widget-header-banner__body--right col-md-5 offset-md-6\">\n                            <p>Solea Capital est une soci\u00e9t\u00e9 d\u2019investissement ind\u00e9pendante \u00e0 capital familial, unissant une vision strat\u00e9gique rigoureuse, une implication op\u00e9rationnelle \u00e9troite et un engagement sur le long terme. Chez Solea, nous nous engageons activement dans les op\u00e9rations et la gouvernance afin de cr\u00e9er une valeur durable. Par une gestion rigoureuse du risque et du capital, nous favorisons l\u2019alignement des int\u00e9r\u00eats, une collaboration \u00e9troite et une croissance r\u00e9siliente \u2013 g\u00e9n\u00e9rant ainsi un impact significatif qui d\u00e9passe les simples rendements financiers.<\/p>                        <\/div>\n                                    <\/div>\n            <\/div>\n        <\/div>\n        \t\t\t\t<\/div>\n\t\t\t\t<\/div>\n\t\t\t\t<\/div>\n\t\t<div class=\"elementor-element elementor-element-b7172a9 e-con-full e-flex e-con e-parent\" data-id=\"b7172a9\" data-element_type=\"container\">\n\t\t\t\t<div class=\"elementor-element elementor-element-d4613aa elementor-widget elementor-widget-soleacapital-image-text\" data-id=\"d4613aa\" data-element_type=\"widget\" data-widget_type=\"soleacapital-image-text.default\">\n\t\t\t\t<div class=\"elementor-widget-container\">\n\t\t\t\t\t        <div class=\"container-xxl\">\n            <div class=\"row row__image-text\">\n                <div class=\"col-12 col-md-6 offset-lg-1 col-lg-4 column-image position-negative\">\n                    <img fetchpriority=\"high\" decoding=\"async\" src=\"https:\/\/www.soleacapital.com\/wp-content\/uploads\/2025\/04\/About.jpg\" alt=\"\" width=\"729\" height=\"846\" class=\"align size-format-6-7 wp-image-100\" srcset=\"https:\/\/www.soleacapital.com\/wp-content\/uploads\/2025\/04\/About.jpg 729w, https:\/\/www.soleacapital.com\/wp-content\/uploads\/2025\/04\/About-400x464.jpg 400w\" sizes=\"(max-width: 729px) 100vw, 729px\" \/>                <\/div>\n                <div class=\"col-12 col-md-6 offset-lg-1 col-lg-5 column-text\">\n                    <p>Solea Capital est une soci\u00e9t\u00e9 d\u2019investissement ind\u00e9pendante qui <strong><b>combine capital-investissement et financements sur mesure, avec une strat\u00e9gie proactive et <\/b><b>engag\u00e9e<\/b><\/strong>. Nous nous concentrons sur des opportunit\u00e9s o\u00f9 nous pouvons jouer un r\u00f4le actif et mettre en \u0153uvre notre expertise op\u00e9rationnelle pour cr\u00e9er de la valeur \u00e0 long terme, tout en conservant une approche rigoureuse de la gestion des risques et de l\u2019allocation du capital.<\/p><p>Focalis\u00e9e en particulier sur les <strong>entreprises de petite \u00e0 moyenne capitalisation<\/strong>, Solea privil\u00e9gie les situations dans lesquelles elle peut s\u2019impliquer concr\u00e8tement dans les op\u00e9rations et la gouvernance. Cette approche repose sur la conviction que des int\u00e9r\u00eats align\u00e9s et une collaboration \u00e9troite sont les cl\u00e9s de r\u00e9sultats durables et performants.<\/p><p>Solea concentre ses investissements sur trois secteurs principaux : les \u00e9nergies renouvelables, la technologie, et les biens et services de luxe. Elle maintient \u00e9galement un<strong><b>portefeuille diversifi\u00e9<\/b><\/strong> avec des participations dans d\u2019autres domaines tels que les t\u00e9l\u00e9coms, la sant\u00e9, les loisirs, la fintech, la blockchain, le transport, le voyage et le snacking, principalement aux \u00c9tats-Unis, en Am\u00e9rique latine et en Europe.<\/p>                <\/div>\n            <\/div>\n        <\/div>\n\t\t\t\t<\/div>\n\t\t\t\t<\/div>\n\t\t\t\t<\/div>\n\t\t<div class=\"elementor-element elementor-element-944b036 e-con-full e-flex e-con e-parent\" data-id=\"944b036\" data-element_type=\"container\">\n\t\t\t\t<div class=\"elementor-element elementor-element-ce13244 elementor-widget elementor-widget-soleacapital-team\" data-id=\"ce13244\" data-element_type=\"widget\" data-widget_type=\"soleacapital-team.default\">\n\t\t\t\t<div class=\"elementor-widget-container\">\n\t\t\t\t\t        <div class=\"container-xxl\">\n            \n    <div class=\"row\">\n        <div class=\"col-lg-10 offset-lg-1\">\n            <div class=\"row\">\n                <h2 class=\"h2 text-center mt-5 mb-5\">Notre \u00e9quipe<\/h2>\n            <\/div>\n            <div class=\"row team-archive-all\">\n                                                        <div class=\"col-12 col-md-6 col-lg-4 team-member-card\">\n                        <a href=\"https:\/\/www.soleacapital.com\/fr\/teams\/xavier-fernandez\/\" class=\"team-member-card__thumbnail\">\n                            <img decoding=\"async\" width=\"1200\" height=\"1393\" src=\"https:\/\/www.soleacapital.com\/wp-content\/uploads\/2025\/04\/xavier-fernandez.jpg\" class=\"attachment-format-6-7 size-format-6-7 wp-post-image\" alt=\"\" srcset=\"https:\/\/www.soleacapital.com\/wp-content\/uploads\/2025\/04\/xavier-fernandez.jpg 1440w, https:\/\/www.soleacapital.com\/wp-content\/uploads\/2025\/04\/xavier-fernandez-800x929.jpg 800w, https:\/\/www.soleacapital.com\/wp-content\/uploads\/2025\/04\/xavier-fernandez-768x892.jpg 768w, https:\/\/www.soleacapital.com\/wp-content\/uploads\/2025\/04\/xavier-fernandez-1323x1536.jpg 1323w, https:\/\/www.soleacapital.com\/wp-content\/uploads\/2025\/04\/xavier-fernandez-400x464.jpg 400w\" sizes=\"(max-width: 1200px) 100vw, 1200px\" \/>                        <\/a>\n                        <h3 class=\"team-member-card__name\">\n                            <a href=\"https:\/\/www.soleacapital.com\/fr\/teams\/xavier-fernandez\/\">\n                                Xavier Fernandez                            <\/a>\n                        <\/h3>\n                        <h4 class=\"p team-member-card__role\">CEO, Co-Fondateur<\/h4>\n                        <p class=\"team-member-card__quote\">Transformer la complexit\u00e9 en opportunit\u00e9<\/p>\n                        <div class=\"team-member-card__exceprt\">\n                            <p>Entrepreneur et investisseur aguerri, Xavier est le fondateur et moteur strat\u00e9gique de Solea Capital. Fort d\u2019une solide exp\u00e9rience en capital-investissement, structuration financi\u00e8re et d\u00e9veloppement d\u2019affaires \u00e0 l\u2019international, il intervient au c\u0153ur des op\u00e9rations, de la n\u00e9gociation des deals \u00e0 la conception de solutions sur mesure.<\/p>\n                        <\/div>\n                        <a href=\"https:\/\/www.soleacapital.com\/fr\/teams\/xavier-fernandez\/\" class=\"button-arrow color-bourgogne mt-3\">\n                            <span class=\"button-arrow__wrap\">\n                            <\/span>\n                        <\/a>\n                    <\/div>\n                                                        <div class=\"col-12 col-md-6 col-lg-4 team-member-card\">\n                        <a href=\"https:\/\/www.soleacapital.com\/fr\/teams\/slanie-fernandez\/\" class=\"team-member-card__thumbnail\">\n                            <img decoding=\"async\" width=\"1200\" height=\"1393\" src=\"https:\/\/www.soleacapital.com\/wp-content\/uploads\/2025\/04\/slanie-fernandez.jpg\" class=\"attachment-format-6-7 size-format-6-7 wp-post-image\" alt=\"\" srcset=\"https:\/\/www.soleacapital.com\/wp-content\/uploads\/2025\/04\/slanie-fernandez.jpg 1440w, https:\/\/www.soleacapital.com\/wp-content\/uploads\/2025\/04\/slanie-fernandez-800x929.jpg 800w, https:\/\/www.soleacapital.com\/wp-content\/uploads\/2025\/04\/slanie-fernandez-768x892.jpg 768w, https:\/\/www.soleacapital.com\/wp-content\/uploads\/2025\/04\/slanie-fernandez-1323x1536.jpg 1323w, https:\/\/www.soleacapital.com\/wp-content\/uploads\/2025\/04\/slanie-fernandez-400x464.jpg 400w\" sizes=\"(max-width: 1200px) 100vw, 1200px\" \/>                        <\/a>\n                        <h3 class=\"team-member-card__name\">\n                            <a href=\"https:\/\/www.soleacapital.com\/fr\/teams\/slanie-fernandez\/\">\n                                Slanie Fernandez                            <\/a>\n                        <\/h3>\n                        <h4 class=\"p team-member-card__role\">COO, Co-Fondatrice<\/h4>\n                        <p class=\"team-member-card__quote\">De la vision \u00e0 l\u2019impact concret<\/p>\n                        <div class=\"team-member-card__exceprt\">\n                            <p>Slanie pilote les op\u00e9rations et la supervision financi\u00e8re de Solea Capital. Elle joue un r\u00f4le cl\u00e9 dans la croissance du groupe et la mise en \u0153uvre de sa strat\u00e9gie. Son sens strat\u00e9gique et sa rigueur op\u00e9rationnelle en font un maillon central dans la mise en \u0153uvre des projets et de la vision de Solea.<\/p>\n                        <\/div>\n                        <a href=\"https:\/\/www.soleacapital.com\/fr\/teams\/slanie-fernandez\/\" class=\"button-arrow color-bourgogne mt-3\">\n                            <span class=\"button-arrow__wrap\">\n                            <\/span>\n                        <\/a>\n                    <\/div>\n                                                        <div class=\"col-12 col-md-6 col-lg-4 team-member-card\">\n                        <a href=\"https:\/\/www.soleacapital.com\/fr\/teams\/alex-kergall\/\" class=\"team-member-card__thumbnail\">\n                            <img loading=\"lazy\" decoding=\"async\" width=\"1200\" height=\"1393\" src=\"https:\/\/www.soleacapital.com\/wp-content\/uploads\/2025\/04\/alex-kergall.jpg\" class=\"attachment-format-6-7 size-format-6-7 wp-post-image\" alt=\"Alex Kergall\" srcset=\"https:\/\/www.soleacapital.com\/wp-content\/uploads\/2025\/04\/alex-kergall.jpg 1440w, https:\/\/www.soleacapital.com\/wp-content\/uploads\/2025\/04\/alex-kergall-800x929.jpg 800w, https:\/\/www.soleacapital.com\/wp-content\/uploads\/2025\/04\/alex-kergall-768x892.jpg 768w, https:\/\/www.soleacapital.com\/wp-content\/uploads\/2025\/04\/alex-kergall-1323x1536.jpg 1323w, https:\/\/www.soleacapital.com\/wp-content\/uploads\/2025\/04\/alex-kergall-400x464.jpg 400w\" sizes=\"(max-width: 1200px) 100vw, 1200px\" \/>                        <\/a>\n                        <h3 class=\"team-member-card__name\">\n                            <a href=\"https:\/\/www.soleacapital.com\/fr\/teams\/alex-kergall\/\">\n                                Alex Kergall\u00a0                            <\/a>\n                        <\/h3>\n                        <h4 class=\"p team-member-card__role\">Responsable Structuration \u2013 Performance Humaine<\/h4>\n                        <p class=\"team-member-card__quote\">Transformer les d\u00e9fis en leviers de croissance<\/p>\n                        <div class=\"team-member-card__exceprt\">\n                            <p>Alex est coach en performance avec une expertise en leadership, d\u00e9veloppement strat\u00e9gique et mont\u00e9e en puissance des entreprises. Il apporte \u00e0 Solea Capital une double comp\u00e9tence en structuration financi\u00e8re et d\u00e9veloppement ex\u00e9cutif.<\/p>\n                        <\/div>\n                        <a href=\"https:\/\/www.soleacapital.com\/fr\/teams\/alex-kergall\/\" class=\"button-arrow color-bourgogne mt-3\">\n                            <span class=\"button-arrow__wrap\">\n                            <\/span>\n                        <\/a>\n                    <\/div>\n                                                        <div class=\"col-12 col-md-6 col-lg-4 team-member-card\">\n                        <a href=\"https:\/\/www.soleacapital.com\/fr\/teams\/regis-kisvel\/\" class=\"team-member-card__thumbnail\">\n                            <img loading=\"lazy\" decoding=\"async\" width=\"1200\" height=\"1400\" src=\"https:\/\/www.soleacapital.com\/wp-content\/uploads\/2025\/04\/Regis-Kisvel-2-1200x1400.jpg\" class=\"attachment-format-6-7 size-format-6-7 wp-post-image\" alt=\"\" \/>                        <\/a>\n                        <h3 class=\"team-member-card__name\">\n                            <a href=\"https:\/\/www.soleacapital.com\/fr\/teams\/regis-kisvel\/\">\n                                Regis Kisvel                            <\/a>\n                        <\/h3>\n                        <h4 class=\"p team-member-card__role\">Senior Relationship Advisor<\/h4>\n                        <p class=\"team-member-card__quote\">Cr\u00e9er le lien entre investisseurs et projets \u00e0 fort potentiel<\/p>\n                        <div class=\"team-member-card__exceprt\">\n                            <p>Avec plus de 25 ans d\u2019exp\u00e9rience en gestion patrimoniale, capital-investissement et finance internationale, R\u00e9gis intervient comme conseiller, courtier et entrepreneur aupr\u00e8s d\u2019une client\u00e8le priv\u00e9e en Am\u00e9rique latine.<\/p>\n                        <\/div>\n                        <a href=\"https:\/\/www.soleacapital.com\/fr\/teams\/regis-kisvel\/\" class=\"button-arrow color-bourgogne mt-3\">\n                            <span class=\"button-arrow__wrap\">\n                            <\/span>\n                        <\/a>\n                    <\/div>\n                                            <\/div>\n        <\/div>\n    <\/div>\n        <\/div>\n\t\t\t\t<\/div>\n\t\t\t\t<\/div>\n\t\t\t\t<\/div>\n\t\t\t\t<\/div>\n\t\t","protected":false},"excerpt":{"rendered":"<p>Solea en quelques mots Solea Capital est une soci\u00e9t\u00e9 d\u2019investissement ind\u00e9pendante \u00e0 capital familial, unissant une vision strat\u00e9gique rigoureuse, une implication op\u00e9rationnelle \u00e9troite et un engagement sur le long terme. Chez Solea, nous nous engageons activement dans les op\u00e9rations et la gouvernance afin de cr\u00e9er une valeur durable. Par une gestion rigoureuse du risque et [&hellip;]<\/p>\n","protected":false},"author":1,"featured_media":0,"parent":0,"menu_order":0,"comment_status":"closed","ping_status":"closed","template":"","meta":{"_acf_changed":false,"footnotes":""},"class_list":["post-781","page","type-page","status-publish","hentry"],"acf":[],"yoast_head":"<!-- This site is optimized with the Yoast SEO plugin v25.4 - https:\/\/yoast.com\/wordpress\/plugins\/seo\/ -->\n<title>\u00c0 propos - Solea Capital<\/title>\n<meta name=\"robots\" content=\"index, follow, max-snippet:-1, max-image-preview:large, max-video-preview:-1\" \/>\n<link rel=\"canonical\" href=\"https:\/\/www.soleacapital.com\/fr\/a-propos\/\" \/>\n<meta property=\"og:locale\" content=\"fr_FR\" \/>\n<meta property=\"og:type\" content=\"article\" \/>\n<meta property=\"og:title\" content=\"\u00c0 propos - Solea Capital\" \/>\n<meta property=\"og:description\" content=\"Solea en quelques mots Solea Capital est une soci\u00e9t\u00e9 d\u2019investissement ind\u00e9pendante \u00e0 capital familial, unissant une vision strat\u00e9gique rigoureuse, une implication op\u00e9rationnelle \u00e9troite et un engagement sur le long terme. Chez Solea, nous nous engageons activement dans les op\u00e9rations et la gouvernance afin de cr\u00e9er une valeur durable. Par une gestion rigoureuse du risque et [&hellip;]\" \/>\n<meta property=\"og:url\" content=\"https:\/\/www.soleacapital.com\/fr\/a-propos\/\" \/>\n<meta property=\"og:site_name\" content=\"Solea Capital\" \/>\n<meta property=\"article:modified_time\" content=\"2025-05-27T10:09:28+00:00\" \/>\n<meta property=\"og:image\" content=\"https:\/\/www.soleacapital.com\/wp-content\/uploads\/2025\/04\/About.jpg\" \/>\n\t<meta property=\"og:image:width\" content=\"729\" \/>\n\t<meta property=\"og:image:height\" content=\"846\" \/>\n\t<meta property=\"og:image:type\" content=\"image\/jpeg\" \/>\n<meta name=\"twitter:card\" content=\"summary_large_image\" \/>\n<meta name=\"twitter:label1\" content=\"Dur\u00e9e de lecture estim\u00e9e\" \/>\n\t<meta name=\"twitter:data1\" content=\"3 minutes\" \/>\n<script type=\"application\/ld+json\" class=\"yoast-schema-graph\">{\"@context\":\"https:\/\/schema.org\",\"@graph\":[{\"@type\":\"WebPage\",\"@id\":\"https:\/\/www.soleacapital.com\/fr\/a-propos\/\",\"url\":\"https:\/\/www.soleacapital.com\/fr\/a-propos\/\",\"name\":\"\u00c0 propos - Solea Capital\",\"isPartOf\":{\"@id\":\"https:\/\/www.soleacapital.com\/#website\"},\"primaryImageOfPage\":{\"@id\":\"https:\/\/www.soleacapital.com\/fr\/a-propos\/#primaryimage\"},\"image\":{\"@id\":\"https:\/\/www.soleacapital.com\/fr\/a-propos\/#primaryimage\"},\"thumbnailUrl\":\"https:\/\/www.soleacapital.com\/wp-content\/uploads\/2025\/04\/About.jpg\",\"datePublished\":\"2025-04-11T12:40:20+00:00\",\"dateModified\":\"2025-05-27T10:09:28+00:00\",\"breadcrumb\":{\"@id\":\"https:\/\/www.soleacapital.com\/fr\/a-propos\/#breadcrumb\"},\"inLanguage\":\"fr-FR\",\"potentialAction\":[{\"@type\":\"ReadAction\",\"target\":[\"https:\/\/www.soleacapital.com\/fr\/a-propos\/\"]}]},{\"@type\":\"ImageObject\",\"inLanguage\":\"fr-FR\",\"@id\":\"https:\/\/www.soleacapital.com\/fr\/a-propos\/#primaryimage\",\"url\":\"https:\/\/www.soleacapital.com\/wp-content\/uploads\/2025\/04\/About.jpg\",\"contentUrl\":\"https:\/\/www.soleacapital.com\/wp-content\/uploads\/2025\/04\/About.jpg\"},{\"@type\":\"BreadcrumbList\",\"@id\":\"https:\/\/www.soleacapital.com\/fr\/a-propos\/#breadcrumb\",\"itemListElement\":[{\"@type\":\"ListItem\",\"position\":1,\"name\":\"Home\",\"item\":\"https:\/\/www.soleacapital.com\/fr\/\"},{\"@type\":\"ListItem\",\"position\":2,\"name\":\"\u00c0 propos\"}]},{\"@type\":\"WebSite\",\"@id\":\"https:\/\/www.soleacapital.com\/#website\",\"url\":\"https:\/\/www.soleacapital.com\/\",\"name\":\"Solea Capital\",\"description\":\"\",\"potentialAction\":[{\"@type\":\"SearchAction\",\"target\":{\"@type\":\"EntryPoint\",\"urlTemplate\":\"https:\/\/www.soleacapital.com\/?s={search_term_string}\"},\"query-input\":{\"@type\":\"PropertyValueSpecification\",\"valueRequired\":true,\"valueName\":\"search_term_string\"}}],\"inLanguage\":\"fr-FR\"}]}<\/script>\n<!-- \/ Yoast SEO plugin. -->","yoast_head_json":{"title":"\u00c0 propos - Solea Capital","robots":{"index":"index","follow":"follow","max-snippet":"max-snippet:-1","max-image-preview":"max-image-preview:large","max-video-preview":"max-video-preview:-1"},"canonical":"https:\/\/www.soleacapital.com\/fr\/a-propos\/","og_locale":"fr_FR","og_type":"article","og_title":"\u00c0 propos - Solea Capital","og_description":"Solea en quelques mots Solea Capital est une soci\u00e9t\u00e9 d\u2019investissement ind\u00e9pendante \u00e0 capital familial, unissant une vision strat\u00e9gique rigoureuse, une implication op\u00e9rationnelle \u00e9troite et un engagement sur le long terme. Chez Solea, nous nous engageons activement dans les op\u00e9rations et la gouvernance afin de cr\u00e9er une valeur durable. Par une gestion rigoureuse du risque et [&hellip;]","og_url":"https:\/\/www.soleacapital.com\/fr\/a-propos\/","og_site_name":"Solea Capital","article_modified_time":"2025-05-27T10:09:28+00:00","og_image":[{"width":729,"height":846,"url":"https:\/\/www.soleacapital.com\/wp-content\/uploads\/2025\/04\/About.jpg","type":"image\/jpeg"}],"twitter_card":"summary_large_image","twitter_misc":{"Dur\u00e9e de lecture estim\u00e9e":"3 minutes"},"schema":{"@context":"https:\/\/schema.org","@graph":[{"@type":"WebPage","@id":"https:\/\/www.soleacapital.com\/fr\/a-propos\/","url":"https:\/\/www.soleacapital.com\/fr\/a-propos\/","name":"\u00c0 propos - Solea Capital","isPartOf":{"@id":"https:\/\/www.soleacapital.com\/#website"},"primaryImageOfPage":{"@id":"https:\/\/www.soleacapital.com\/fr\/a-propos\/#primaryimage"},"image":{"@id":"https:\/\/www.soleacapital.com\/fr\/a-propos\/#primaryimage"},"thumbnailUrl":"https:\/\/www.soleacapital.com\/wp-content\/uploads\/2025\/04\/About.jpg","datePublished":"2025-04-11T12:40:20+00:00","dateModified":"2025-05-27T10:09:28+00:00","breadcrumb":{"@id":"https:\/\/www.soleacapital.com\/fr\/a-propos\/#breadcrumb"},"inLanguage":"fr-FR","potentialAction":[{"@type":"ReadAction","target":["https:\/\/www.soleacapital.com\/fr\/a-propos\/"]}]},{"@type":"ImageObject","inLanguage":"fr-FR","@id":"https:\/\/www.soleacapital.com\/fr\/a-propos\/#primaryimage","url":"https:\/\/www.soleacapital.com\/wp-content\/uploads\/2025\/04\/About.jpg","contentUrl":"https:\/\/www.soleacapital.com\/wp-content\/uploads\/2025\/04\/About.jpg"},{"@type":"BreadcrumbList","@id":"https:\/\/www.soleacapital.com\/fr\/a-propos\/#breadcrumb","itemListElement":[{"@type":"ListItem","position":1,"name":"Home","item":"https:\/\/www.soleacapital.com\/fr\/"},{"@type":"ListItem","position":2,"name":"\u00c0 propos"}]},{"@type":"WebSite","@id":"https:\/\/www.soleacapital.com\/#website","url":"https:\/\/www.soleacapital.com\/","name":"Solea Capital","description":"","potentialAction":[{"@type":"SearchAction","target":{"@type":"EntryPoint","urlTemplate":"https:\/\/www.soleacapital.com\/?s={search_term_string}"},"query-input":{"@type":"PropertyValueSpecification","valueRequired":true,"valueName":"search_term_string"}}],"inLanguage":"fr-FR"}]}},"_links":{"self":[{"href":"https:\/\/www.soleacapital.com\/fr\/wp-json\/wp\/v2\/pages\/781","targetHints":{"allow":["GET"]}}],"collection":[{"href":"https:\/\/www.soleacapital.com\/fr\/wp-json\/wp\/v2\/pages"}],"about":[{"href":"https:\/\/www.soleacapital.com\/fr\/wp-json\/wp\/v2\/types\/page"}],"author":[{"embeddable":true,"href":"https:\/\/www.soleacapital.com\/fr\/wp-json\/wp\/v2\/users\/1"}],"replies":[{"embeddable":true,"href":"https:\/\/www.soleacapital.com\/fr\/wp-json\/wp\/v2\/comments?post=781"}],"version-history":[{"count":4,"href":"https:\/\/www.soleacapital.com\/fr\/wp-json\/wp\/v2\/pages\/781\/revisions"}],"predecessor-version":[{"id":785,"href":"https:\/\/www.soleacapital.com\/fr\/wp-json\/wp\/v2\/pages\/781\/revisions\/785"}],"wp:attachment":[{"href":"https:\/\/www.soleacapital.com\/fr\/wp-json\/wp\/v2\/media?parent=781"}],"curies":[{"name":"wp","href":"https:\/\/api.w.org\/{rel}","templated":true}]}}