{"id":766,"date":"2025-04-11T12:25:17","date_gmt":"2025-04-11T16:25:17","guid":{"rendered":"https:\/\/www.soleacapital.com\/page-daccueil\/"},"modified":"2025-06-30T04:22:00","modified_gmt":"2025-06-30T08:22:00","slug":"page-daccueil","status":"publish","type":"page","link":"https:\/\/www.soleacapital.com\/fr\/","title":{"rendered":"Page d&rsquo;accueil"},"content":{"rendered":"\t\t<div data-elementor-type=\"wp-page\" data-elementor-id=\"766\" class=\"elementor elementor-766 elementor-2\" data-elementor-post-type=\"page\">\n\t\t\t\t<div class=\"elementor-element elementor-element-40ed38da e-con-full e-flex e-con e-parent\" data-id=\"40ed38da\" data-element_type=\"container\">\n\t\t\t\t<div class=\"elementor-element elementor-element-b44e01f elementor-widget elementor-widget-soleacapital-billboard\" data-id=\"b44e01f\" data-element_type=\"widget\" data-widget_type=\"soleacapital-billboard.default\">\n\t\t\t\t<div class=\"elementor-widget-container\">\n\t\t\t\t\t        <div class=\"widget-billboard\"\n                style=\"--sw-image-desktop: url('https:\/\/www.soleacapital.com\/wp-content\/uploads\/2025\/04\/Hero-desktop-2400x1525.jpg');\n                   --sw-image-mobile: url('https:\/\/www.soleacapital.com\/wp-content\/uploads\/2025\/04\/Hero-mobile.jpg');\">\n            <div class=\"widget-billboard__container\">\n                                    <h1 class=\"widget-billboard__title display\">\n                        Investir avec exigence<br \/>\nComprendre chaque trajectoire<br \/>\nConstruire dans la dur\u00e9e                    <\/h1>\n                                                    <h2 class=\"widget-billboard__surtitle p\">\n                        Une soci\u00e9t\u00e9 de capital-investissement familiale                    <\/h2>\n                            <\/div>\n        <\/div>\n        \t\t\t\t<\/div>\n\t\t\t\t<\/div>\n\t\t\t\t<\/div>\n\t\t<div class=\"elementor-element elementor-element-7d662d6 container-xxl-bs e-flex e-con-boxed e-con e-parent\" data-id=\"7d662d6\" data-element_type=\"container\">\n\t\t\t\t\t<div class=\"e-con-inner\">\n\t\t<div class=\"elementor-element elementor-element-311ec85 e-con-full col-12 col-md-10 offset-md-1 col-lg-8 offset-lg-2 e-flex e-con e-child\" data-id=\"311ec85\" data-element_type=\"container\">\n\t\t\t\t<div class=\"elementor-element elementor-element-30556ef col-6 elementor-widget elementor-widget-text-editor\" data-id=\"30556ef\" data-element_type=\"widget\" data-widget_type=\"text-editor.default\">\n\t\t\t\t<div class=\"elementor-widget-container\">\n\t\t\t\t\t\t\t\t\t<h2 class=\"h3 mb-3\">Philosophie<\/h2>\n<a class=\"small\" href=\"https:\/\/www.soleacapital.com\/philosophy\/\">D\u00c9COUVRIR<\/a>\t\t\t\t\t\t\t\t<\/div>\n\t\t\t\t<\/div>\n\t\t\t\t<div class=\"elementor-element elementor-element-daea6bb col-6 elementor-widget elementor-widget-image\" data-id=\"daea6bb\" data-element_type=\"widget\" data-widget_type=\"image.default\">\n\t\t\t\t<div class=\"elementor-widget-container\">\n\t\t\t\t\t\t\t\t\t\t\t\t\t\t\t<img fetchpriority=\"high\" decoding=\"async\" width=\"1024\" height=\"865\" src=\"https:\/\/www.soleacapital.com\/wp-content\/uploads\/2025\/04\/philosophy-1-1600x1352.jpg\" class=\"attachment-large size-large wp-image-303\" alt=\"\" srcset=\"https:\/\/www.soleacapital.com\/wp-content\/uploads\/2025\/04\/philosophy-1-1600x1352.jpg 1600w, https:\/\/www.soleacapital.com\/wp-content\/uploads\/2025\/04\/philosophy-1-800x676.jpg 800w, https:\/\/www.soleacapital.com\/wp-content\/uploads\/2025\/04\/philosophy-1-768x649.jpg 768w, https:\/\/www.soleacapital.com\/wp-content\/uploads\/2025\/04\/philosophy-1-1536x1298.jpg 1536w, https:\/\/www.soleacapital.com\/wp-content\/uploads\/2025\/04\/philosophy-1-400x338.jpg 400w, https:\/\/www.soleacapital.com\/wp-content\/uploads\/2025\/04\/philosophy-1.jpg 1988w\" sizes=\"(max-width: 1024px) 100vw, 1024px\" \/>\t\t\t\t\t\t\t\t\t\t\t\t\t\t\t<\/div>\n\t\t\t\t<\/div>\n\t\t\t\t<\/div>\n\t\t<div class=\"elementor-element elementor-element-a391d49 e-con-full col-12 col-md-10 offset-md-1 col-lg-8 offset-lg-2 e-flex e-con e-child\" data-id=\"a391d49\" data-element_type=\"container\">\n\t\t\t\t<div class=\"elementor-element elementor-element-6e23bc2 col-6 elementor-widget elementor-widget-text-editor\" data-id=\"6e23bc2\" data-element_type=\"widget\" data-widget_type=\"text-editor.default\">\n\t\t\t\t<div class=\"elementor-widget-container\">\n\t\t\t\t\t\t\t\t\t<h2 class=\"h3 mb-3\">Strat\u00e9gie d&rsquo;investissement<\/h2>\n<a class=\"small\" href=\"https:\/\/www.soleacapital.com\/strategy\/\">D\u00c9COUVRIR<\/a>\t\t\t\t\t\t\t\t<\/div>\n\t\t\t\t<\/div>\n\t\t\t\t<div class=\"elementor-element elementor-element-6952bd4 col-6 elementor-widget elementor-widget-image\" data-id=\"6952bd4\" data-element_type=\"widget\" data-widget_type=\"image.default\">\n\t\t\t\t<div class=\"elementor-widget-container\">\n\t\t\t\t\t\t\t\t\t\t\t\t\t\t\t<img decoding=\"async\" width=\"1024\" height=\"865\" src=\"https:\/\/www.soleacapital.com\/wp-content\/uploads\/2025\/04\/investment-strategy-1-1600x1352.jpg\" class=\"attachment-large size-large wp-image-296\" alt=\"\" srcset=\"https:\/\/www.soleacapital.com\/wp-content\/uploads\/2025\/04\/investment-strategy-1-1600x1352.jpg 1600w, https:\/\/www.soleacapital.com\/wp-content\/uploads\/2025\/04\/investment-strategy-1-800x676.jpg 800w, https:\/\/www.soleacapital.com\/wp-content\/uploads\/2025\/04\/investment-strategy-1-768x649.jpg 768w, https:\/\/www.soleacapital.com\/wp-content\/uploads\/2025\/04\/investment-strategy-1-1536x1298.jpg 1536w, https:\/\/www.soleacapital.com\/wp-content\/uploads\/2025\/04\/investment-strategy-1-400x338.jpg 400w, https:\/\/www.soleacapital.com\/wp-content\/uploads\/2025\/04\/investment-strategy-1.jpg 1988w\" sizes=\"(max-width: 1024px) 100vw, 1024px\" \/>\t\t\t\t\t\t\t\t\t\t\t\t\t\t\t<\/div>\n\t\t\t\t<\/div>\n\t\t\t\t<\/div>\n\t\t<div class=\"elementor-element elementor-element-5131a8a e-con-full col-12 col-md-10 offset-md-1 col-lg-8 offset-lg-2 e-flex e-con e-child\" data-id=\"5131a8a\" data-element_type=\"container\">\n\t\t\t\t<div class=\"elementor-element elementor-element-ecbb55a col-6 elementor-widget elementor-widget-text-editor\" data-id=\"ecbb55a\" data-element_type=\"widget\" data-widget_type=\"text-editor.default\">\n\t\t\t\t<div class=\"elementor-widget-container\">\n\t\t\t\t\t\t\t\t\t<h2 class=\"h3 mb-3\">\u00c9quipe<\/h2>\n<a class=\"small\" href=\"https:\/\/www.soleacapital.com\/about-us\/\">D\u00c9COUVRIR<\/a>\t\t\t\t\t\t\t\t<\/div>\n\t\t\t\t<\/div>\n\t\t\t\t<div class=\"elementor-element elementor-element-7360819 col-6 elementor-widget elementor-widget-image\" data-id=\"7360819\" data-element_type=\"widget\" data-widget_type=\"image.default\">\n\t\t\t\t<div class=\"elementor-widget-container\">\n\t\t\t\t\t\t\t\t\t\t\t\t\t\t\t<img decoding=\"async\" width=\"1024\" height=\"865\" src=\"https:\/\/www.soleacapital.com\/wp-content\/uploads\/2025\/04\/our-team-1-1600x1352.jpg\" class=\"attachment-large size-large wp-image-300\" alt=\"\" srcset=\"https:\/\/www.soleacapital.com\/wp-content\/uploads\/2025\/04\/our-team-1-1600x1352.jpg 1600w, https:\/\/www.soleacapital.com\/wp-content\/uploads\/2025\/04\/our-team-1-800x676.jpg 800w, https:\/\/www.soleacapital.com\/wp-content\/uploads\/2025\/04\/our-team-1-768x649.jpg 768w, https:\/\/www.soleacapital.com\/wp-content\/uploads\/2025\/04\/our-team-1-1536x1298.jpg 1536w, https:\/\/www.soleacapital.com\/wp-content\/uploads\/2025\/04\/our-team-1-400x338.jpg 400w, https:\/\/www.soleacapital.com\/wp-content\/uploads\/2025\/04\/our-team-1.jpg 1988w\" sizes=\"(max-width: 1024px) 100vw, 1024px\" \/>\t\t\t\t\t\t\t\t\t\t\t\t\t\t\t<\/div>\n\t\t\t\t<\/div>\n\t\t\t\t<\/div>\n\t\t<div class=\"elementor-element elementor-element-cd48c4a e-con-full col-12 col-md-10 offset-md-1 col-lg-8 offset-lg-2 e-flex e-con e-child\" data-id=\"cd48c4a\" data-element_type=\"container\">\n\t\t\t\t<div class=\"elementor-element elementor-element-8d72b86 col-6 elementor-widget elementor-widget-text-editor\" data-id=\"8d72b86\" data-element_type=\"widget\" data-widget_type=\"text-editor.default\">\n\t\t\t\t<div class=\"elementor-widget-container\">\n\t\t\t\t\t\t\t\t\t<h2 class=\"h3 mb-3\">Portefeuille<\/h2>\n<a class=\"small\" href=\"https:\/\/www.soleacapital.com\/portfolio\/\">D\u00c9COUVRIR<\/a>\t\t\t\t\t\t\t\t<\/div>\n\t\t\t\t<\/div>\n\t\t\t\t<div class=\"elementor-element elementor-element-8823499 col-6 elementor-widget elementor-widget-image\" data-id=\"8823499\" data-element_type=\"widget\" data-widget_type=\"image.default\">\n\t\t\t\t<div class=\"elementor-widget-container\">\n\t\t\t\t\t\t\t\t\t\t\t\t\t\t\t<img loading=\"lazy\" decoding=\"async\" width=\"1024\" height=\"865\" src=\"https:\/\/www.soleacapital.com\/wp-content\/uploads\/2025\/04\/portfolio-1-1600x1352.jpg\" class=\"attachment-large size-large wp-image-306\" alt=\"\" srcset=\"https:\/\/www.soleacapital.com\/wp-content\/uploads\/2025\/04\/portfolio-1-1600x1352.jpg 1600w, https:\/\/www.soleacapital.com\/wp-content\/uploads\/2025\/04\/portfolio-1-800x676.jpg 800w, https:\/\/www.soleacapital.com\/wp-content\/uploads\/2025\/04\/portfolio-1-768x649.jpg 768w, https:\/\/www.soleacapital.com\/wp-content\/uploads\/2025\/04\/portfolio-1-1536x1298.jpg 1536w, https:\/\/www.soleacapital.com\/wp-content\/uploads\/2025\/04\/portfolio-1-400x338.jpg 400w, https:\/\/www.soleacapital.com\/wp-content\/uploads\/2025\/04\/portfolio-1.jpg 1988w\" sizes=\"(max-width: 1024px) 100vw, 1024px\" \/>\t\t\t\t\t\t\t\t\t\t\t\t\t\t\t<\/div>\n\t\t\t\t<\/div>\n\t\t\t\t<\/div>\n\t\t\t\t\t<\/div>\n\t\t\t\t<\/div>\n\t\t\t\t<\/div>\n\t\t","protected":false},"excerpt":{"rendered":"<p>Investir avec exigence Comprendre chaque trajectoire Construire dans la dur\u00e9e Une soci\u00e9t\u00e9 de capital-investissement familiale Philosophie D\u00c9COUVRIR Strat\u00e9gie d&rsquo;investissement D\u00c9COUVRIR \u00c9quipe D\u00c9COUVRIR Portefeuille D\u00c9COUVRIR<\/p>\n","protected":false},"author":1,"featured_media":0,"parent":0,"menu_order":0,"comment_status":"closed","ping_status":"closed","template":"","meta":{"_acf_changed":false,"footnotes":""},"class_list":["post-766","page","type-page","status-publish","hentry"],"acf":[],"yoast_head":"<!-- This site is optimized with the Yoast SEO plugin v25.4 - https:\/\/yoast.com\/wordpress\/plugins\/seo\/ -->\n<title>Page d&#039;accueil - Solea Capital<\/title>\n<meta name=\"robots\" content=\"index, follow, max-snippet:-1, max-image-preview:large, max-video-preview:-1\" \/>\n<link rel=\"canonical\" href=\"https:\/\/www.soleacapital.com\/fr\/\" \/>\n<meta property=\"og:locale\" content=\"fr_FR\" \/>\n<meta property=\"og:type\" content=\"article\" \/>\n<meta property=\"og:title\" content=\"Page d&#039;accueil - Solea Capital\" \/>\n<meta property=\"og:description\" content=\"Investir avec exigence Comprendre chaque trajectoire Construire dans la dur\u00e9e Une soci\u00e9t\u00e9 de capital-investissement familiale Philosophie D\u00c9COUVRIR Strat\u00e9gie d&rsquo;investissement D\u00c9COUVRIR \u00c9quipe D\u00c9COUVRIR Portefeuille D\u00c9COUVRIR\" \/>\n<meta property=\"og:url\" content=\"https:\/\/www.soleacapital.com\/fr\/\" \/>\n<meta property=\"og:site_name\" content=\"Solea Capital\" \/>\n<meta property=\"article:modified_time\" content=\"2025-06-30T08:22:00+00:00\" \/>\n<meta property=\"og:image\" content=\"https:\/\/www.soleacapital.com\/wp-content\/uploads\/2025\/04\/philosophy-1.jpg\" \/>\n\t<meta property=\"og:image:width\" content=\"1988\" \/>\n\t<meta property=\"og:image:height\" content=\"1680\" \/>\n\t<meta property=\"og:image:type\" content=\"image\/jpeg\" \/>\n<meta name=\"twitter:card\" content=\"summary_large_image\" \/>\n<meta name=\"twitter:label1\" content=\"Dur\u00e9e de lecture estim\u00e9e\" \/>\n\t<meta name=\"twitter:data1\" content=\"1 minute\" \/>\n<script type=\"application\/ld+json\" class=\"yoast-schema-graph\">{\"@context\":\"https:\/\/schema.org\",\"@graph\":[{\"@type\":\"WebPage\",\"@id\":\"https:\/\/www.soleacapital.com\/fr\/\",\"url\":\"https:\/\/www.soleacapital.com\/fr\/\",\"name\":\"Page d'accueil - Solea Capital\",\"isPartOf\":{\"@id\":\"https:\/\/www.soleacapital.com\/#website\"},\"primaryImageOfPage\":{\"@id\":\"https:\/\/www.soleacapital.com\/fr\/#primaryimage\"},\"image\":{\"@id\":\"https:\/\/www.soleacapital.com\/fr\/#primaryimage\"},\"thumbnailUrl\":\"https:\/\/www.soleacapital.com\/wp-content\/uploads\/2025\/04\/philosophy-1-1600x1352.jpg\",\"datePublished\":\"2025-04-11T16:25:17+00:00\",\"dateModified\":\"2025-06-30T08:22:00+00:00\",\"breadcrumb\":{\"@id\":\"https:\/\/www.soleacapital.com\/fr\/#breadcrumb\"},\"inLanguage\":\"fr-FR\",\"potentialAction\":[{\"@type\":\"ReadAction\",\"target\":[\"https:\/\/www.soleacapital.com\/fr\/\"]}]},{\"@type\":\"ImageObject\",\"inLanguage\":\"fr-FR\",\"@id\":\"https:\/\/www.soleacapital.com\/fr\/#primaryimage\",\"url\":\"https:\/\/www.soleacapital.com\/wp-content\/uploads\/2025\/04\/philosophy-1-1600x1352.jpg\",\"contentUrl\":\"https:\/\/www.soleacapital.com\/wp-content\/uploads\/2025\/04\/philosophy-1-1600x1352.jpg\"},{\"@type\":\"BreadcrumbList\",\"@id\":\"https:\/\/www.soleacapital.com\/fr\/#breadcrumb\",\"itemListElement\":[{\"@type\":\"ListItem\",\"position\":1,\"name\":\"Home\",\"item\":\"https:\/\/www.soleacapital.com\/fr\/\"},{\"@type\":\"ListItem\",\"position\":2,\"name\":\"Page d&#8217;accueil\"}]},{\"@type\":\"WebSite\",\"@id\":\"https:\/\/www.soleacapital.com\/#website\",\"url\":\"https:\/\/www.soleacapital.com\/\",\"name\":\"Solea Capital\",\"description\":\"\",\"potentialAction\":[{\"@type\":\"SearchAction\",\"target\":{\"@type\":\"EntryPoint\",\"urlTemplate\":\"https:\/\/www.soleacapital.com\/?s={search_term_string}\"},\"query-input\":{\"@type\":\"PropertyValueSpecification\",\"valueRequired\":true,\"valueName\":\"search_term_string\"}}],\"inLanguage\":\"fr-FR\"}]}<\/script>\n<!-- \/ Yoast SEO plugin. -->","yoast_head_json":{"title":"Page d'accueil - Solea Capital","robots":{"index":"index","follow":"follow","max-snippet":"max-snippet:-1","max-image-preview":"max-image-preview:large","max-video-preview":"max-video-preview:-1"},"canonical":"https:\/\/www.soleacapital.com\/fr\/","og_locale":"fr_FR","og_type":"article","og_title":"Page d'accueil - Solea Capital","og_description":"Investir avec exigence Comprendre chaque trajectoire Construire dans la dur\u00e9e Une soci\u00e9t\u00e9 de capital-investissement familiale Philosophie D\u00c9COUVRIR Strat\u00e9gie d&rsquo;investissement D\u00c9COUVRIR \u00c9quipe D\u00c9COUVRIR Portefeuille D\u00c9COUVRIR","og_url":"https:\/\/www.soleacapital.com\/fr\/","og_site_name":"Solea Capital","article_modified_time":"2025-06-30T08:22:00+00:00","og_image":[{"width":1988,"height":1680,"url":"https:\/\/www.soleacapital.com\/wp-content\/uploads\/2025\/04\/philosophy-1.jpg","type":"image\/jpeg"}],"twitter_card":"summary_large_image","twitter_misc":{"Dur\u00e9e de lecture estim\u00e9e":"1 minute"},"schema":{"@context":"https:\/\/schema.org","@graph":[{"@type":"WebPage","@id":"https:\/\/www.soleacapital.com\/fr\/","url":"https:\/\/www.soleacapital.com\/fr\/","name":"Page d'accueil - Solea Capital","isPartOf":{"@id":"https:\/\/www.soleacapital.com\/#website"},"primaryImageOfPage":{"@id":"https:\/\/www.soleacapital.com\/fr\/#primaryimage"},"image":{"@id":"https:\/\/www.soleacapital.com\/fr\/#primaryimage"},"thumbnailUrl":"https:\/\/www.soleacapital.com\/wp-content\/uploads\/2025\/04\/philosophy-1-1600x1352.jpg","datePublished":"2025-04-11T16:25:17+00:00","dateModified":"2025-06-30T08:22:00+00:00","breadcrumb":{"@id":"https:\/\/www.soleacapital.com\/fr\/#breadcrumb"},"inLanguage":"fr-FR","potentialAction":[{"@type":"ReadAction","target":["https:\/\/www.soleacapital.com\/fr\/"]}]},{"@type":"ImageObject","inLanguage":"fr-FR","@id":"https:\/\/www.soleacapital.com\/fr\/#primaryimage","url":"https:\/\/www.soleacapital.com\/wp-content\/uploads\/2025\/04\/philosophy-1-1600x1352.jpg","contentUrl":"https:\/\/www.soleacapital.com\/wp-content\/uploads\/2025\/04\/philosophy-1-1600x1352.jpg"},{"@type":"BreadcrumbList","@id":"https:\/\/www.soleacapital.com\/fr\/#breadcrumb","itemListElement":[{"@type":"ListItem","position":1,"name":"Home","item":"https:\/\/www.soleacapital.com\/fr\/"},{"@type":"ListItem","position":2,"name":"Page d&#8217;accueil"}]},{"@type":"WebSite","@id":"https:\/\/www.soleacapital.com\/#website","url":"https:\/\/www.soleacapital.com\/","name":"Solea Capital","description":"","potentialAction":[{"@type":"SearchAction","target":{"@type":"EntryPoint","urlTemplate":"https:\/\/www.soleacapital.com\/?s={search_term_string}"},"query-input":{"@type":"PropertyValueSpecification","valueRequired":true,"valueName":"search_term_string"}}],"inLanguage":"fr-FR"}]}},"_links":{"self":[{"href":"https:\/\/www.soleacapital.com\/fr\/wp-json\/wp\/v2\/pages\/766","targetHints":{"allow":["GET"]}}],"collection":[{"href":"https:\/\/www.soleacapital.com\/fr\/wp-json\/wp\/v2\/pages"}],"about":[{"href":"https:\/\/www.soleacapital.com\/fr\/wp-json\/wp\/v2\/types\/page"}],"author":[{"embeddable":true,"href":"https:\/\/www.soleacapital.com\/fr\/wp-json\/wp\/v2\/users\/1"}],"replies":[{"embeddable":true,"href":"https:\/\/www.soleacapital.com\/fr\/wp-json\/wp\/v2\/comments?post=766"}],"version-history":[{"count":21,"href":"https:\/\/www.soleacapital.com\/fr\/wp-json\/wp\/v2\/pages\/766\/revisions"}],"predecessor-version":[{"id":1032,"href":"https:\/\/www.soleacapital.com\/fr\/wp-json\/wp\/v2\/pages\/766\/revisions\/1032"}],"wp:attachment":[{"href":"https:\/\/www.soleacapital.com\/fr\/wp-json\/wp\/v2\/media?parent=766"}],"curies":[{"name":"wp","href":"https:\/\/api.w.org\/{rel}","templated":true}]}}