{"id":974,"date":"2025-04-11T08:41:11","date_gmt":"2025-04-11T12:41:11","guid":{"rendered":"https:\/\/www.soleacapital.com\/?page_id=974"},"modified":"2025-06-30T04:25:38","modified_gmt":"2025-06-30T08:25:38","slug":"contacto","status":"publish","type":"page","link":"https:\/\/www.soleacapital.com\/es\/contacto\/","title":{"rendered":"Cont\u00e1ctenos"},"content":{"rendered":"\t\t<div data-elementor-type=\"wp-page\" data-elementor-id=\"974\" class=\"elementor elementor-974 elementor-22\" data-elementor-post-type=\"page\">\n\t\t\t\t<div class=\"elementor-element elementor-element-bb02306 e-con-full e-flex e-con e-parent\" data-id=\"bb02306\" data-element_type=\"container\">\n\t\t\t\t<div class=\"elementor-element elementor-element-fc18912 elementor-widget elementor-widget-soleacapital-banner\" data-id=\"fc18912\" data-element_type=\"widget\" data-widget_type=\"soleacapital-banner.default\">\n\t\t\t\t<div class=\"elementor-widget-container\">\n\t\t\t\t\t        <div class=\"widget-header-banner\"\n            style=\"--sw-image-desktop: url('https:\/\/www.soleacapital.com\/wp-content\/uploads\/2025\/04\/header-contact-desktop-2400x655.jpg');\n                   --sw-image-mobile: url('https:\/\/www.soleacapital.com\/wp-content\/uploads\/2025\/04\/header-contact-mobile.jpg');\">\n            <div class=\"container-xxl\">\n                <div class=\"row\">\n                    <div class=\"col-12 widget-header-banner__titles widget-header-banner__title--right col-md-5 offset-md-6\">\n                        <h1 class=\"widget-header-banner__title h1 \">\n                            Cont\u00e1ctenos                        <\/h1>\n                                            <\/div>\n                <\/div>\n                <div class=\"row\">\n                                    <\/div>\n            <\/div>\n        <\/div>\n        \t\t\t\t<\/div>\n\t\t\t\t<\/div>\n\t\t\t\t<\/div>\n\t\t<div class=\"elementor-element elementor-element-fc6bc9b e-con-full e-flex e-con e-parent\" data-id=\"fc6bc9b\" data-element_type=\"container\">\n\t\t\t\t<div class=\"elementor-element elementor-element-0d24b3e contact-image-text-banner elementor-widget elementor-widget-soleacapital-image-text\" data-id=\"0d24b3e\" data-element_type=\"widget\" data-widget_type=\"soleacapital-image-text.default\">\n\t\t\t\t<div class=\"elementor-widget-container\">\n\t\t\t\t\t        <div class=\"container-xxl\">\n            <div class=\"row row__image-text\">\n                <div class=\"col-12 col-md-6 offset-lg-1 col-lg-4 column-image position-negative\">\n                    <img fetchpriority=\"high\" decoding=\"async\" src=\"https:\/\/www.soleacapital.com\/wp-content\/uploads\/2025\/04\/Contact-1-1200x1400.jpg\" alt=\"\" width=\"1200\" height=\"1400\" class=\"align size-format-6-7 wp-image-486\" \/>                <\/div>\n                <div class=\"col-12 col-md-6 offset-lg-1 col-lg-5 column-text\">\n                    <p class=\"local-time\">-<\/p><p><strong>Solea Capital<\/strong><br \/><strong>1395 Brickell Ave, suite 960<\/strong><br \/><strong>Miami, FL 33131<\/strong><\/p><p><strong>Tel\u00e9fono: <a href=\"tel:+13056637285\">+1-305-663-7285<\/a><\/strong><br \/><strong><a href=\"mailto:contact@soleacapital.com\">contact@soleacapital.com<\/a><\/strong><\/p>                <\/div>\n            <\/div>\n        <\/div>\n\t\t\t\t<\/div>\n\t\t\t\t<\/div>\n\t\t\t\t<\/div>\n\t\t<div class=\"elementor-element elementor-element-4c22fb9 e-con-full container-xxl-bs e-flex e-con e-parent\" data-id=\"4c22fb9\" data-element_type=\"container\">\n\t\t\t\t<div class=\"elementor-element elementor-element-c81952e col-12 col-md-10 offset-md-1 col-lg-6 offset-lg-3 elementor-widget elementor-widget-text-editor\" data-id=\"c81952e\" data-element_type=\"widget\" data-widget_type=\"text-editor.default\">\n\t\t\t\t<div class=\"elementor-widget-container\">\n\t\t\t\t\t\t\t\t\t<p>Para enviarnos un mensaje, utilice el siguiente formulario.<\/p>\t\t\t\t\t\t\t\t<\/div>\n\t\t\t\t<\/div>\n\t\t\t\t<div class=\"elementor-element elementor-element-5b756cd col-12 col-md-10 offset-md-1 col-lg-6 offset-lg-3 elementor-button-align-stretch elementor-widget elementor-widget-form\" data-id=\"5b756cd\" data-element_type=\"widget\" data-settings=\"{&quot;step_next_label&quot;:&quot;Next&quot;,&quot;step_previous_label&quot;:&quot;Previous&quot;,&quot;button_width&quot;:&quot;100&quot;,&quot;step_type&quot;:&quot;number_text&quot;,&quot;step_icon_shape&quot;:&quot;circle&quot;}\" data-widget_type=\"form.default\">\n\t\t\t\t<div class=\"elementor-widget-container\">\n\t\t\t\t\t\t\t<form class=\"elementor-form\" method=\"post\" name=\"New Form\" aria-label=\"New Form\">\n\t\t\t<input type=\"hidden\" name=\"post_id\" value=\"974\"\/>\n\t\t\t<input type=\"hidden\" name=\"form_id\" value=\"5b756cd\"\/>\n\t\t\t<input type=\"hidden\" name=\"referer_title\" value=\"Solea Capital\" \/>\n\n\t\t\t\n\t\t\t<div class=\"elementor-form-fields-wrapper elementor-labels-above\">\n\t\t\t\t\t\t\t\t<div class=\"elementor-field-type-text elementor-field-group elementor-column elementor-field-group-name elementor-col-50\">\n\t\t\t\t\t\t\t\t\t\t\t\t<label for=\"form-field-name\" class=\"elementor-field-label\">\n\t\t\t\t\t\t\t\tNombre\t\t\t\t\t\t\t<\/label>\n\t\t\t\t\t\t\t\t\t\t\t\t\t\t<input size=\"1\" type=\"text\" name=\"form_fields[name]\" id=\"form-field-name\" class=\"elementor-field elementor-size-sm  elementor-field-textual\">\n\t\t\t\t\t\t\t\t\t\t\t<\/div>\n\t\t\t\t\t\t\t\t<div class=\"elementor-field-type-text elementor-field-group elementor-column elementor-field-group-field_155153c elementor-col-50\">\n\t\t\t\t\t\t\t\t\t\t\t\t<label for=\"form-field-field_155153c\" class=\"elementor-field-label\">\n\t\t\t\t\t\t\t\tApellido\t\t\t\t\t\t\t<\/label>\n\t\t\t\t\t\t\t\t\t\t\t\t\t\t<input size=\"1\" type=\"text\" name=\"form_fields[field_155153c]\" id=\"form-field-field_155153c\" class=\"elementor-field elementor-size-sm  elementor-field-textual\">\n\t\t\t\t\t\t\t\t\t\t\t<\/div>\n\t\t\t\t\t\t\t\t<div class=\"elementor-field-type-email elementor-field-group elementor-column elementor-field-group-email elementor-col-50 elementor-field-required\">\n\t\t\t\t\t\t\t\t\t\t\t\t<label for=\"form-field-email\" class=\"elementor-field-label\">\n\t\t\t\t\t\t\t\tEmail\t\t\t\t\t\t\t<\/label>\n\t\t\t\t\t\t\t\t\t\t\t\t\t\t<input size=\"1\" type=\"email\" name=\"form_fields[email]\" id=\"form-field-email\" class=\"elementor-field elementor-size-sm  elementor-field-textual\" required=\"required\">\n\t\t\t\t\t\t\t\t\t\t\t<\/div>\n\t\t\t\t\t\t\t\t<div class=\"elementor-field-type-tel elementor-field-group elementor-column elementor-field-group-field_0f4495c elementor-col-50 elementor-field-required\">\n\t\t\t\t\t\t\t\t\t\t\t\t<label for=\"form-field-field_0f4495c\" class=\"elementor-field-label\">\n\t\t\t\t\t\t\t\tTel\u00e9fono\t\t\t\t\t\t\t<\/label>\n\t\t\t\t\t\t\t\t<input size=\"1\" type=\"tel\" name=\"form_fields[field_0f4495c]\" id=\"form-field-field_0f4495c\" class=\"elementor-field elementor-size-sm  elementor-field-textual\" required=\"required\" pattern=\"[0-9()#&amp;+*-=.]+\" title=\"Solo se aceptan n\u00fameros y caracteres de tel\u00e9fono (#,-,*,etc).\">\n\n\t\t\t\t\t\t<\/div>\n\t\t\t\t\t\t\t\t<div class=\"elementor-field-type-textarea elementor-field-group elementor-column elementor-field-group-message elementor-col-100\">\n\t\t\t\t\t\t\t\t\t\t\t\t<label for=\"form-field-message\" class=\"elementor-field-label\">\n\t\t\t\t\t\t\t\tMensaje\t\t\t\t\t\t\t<\/label>\n\t\t\t\t\t\t<textarea class=\"elementor-field-textual elementor-field  elementor-size-sm\" name=\"form_fields[message]\" id=\"form-field-message\" rows=\"4\"><\/textarea>\t\t\t\t<\/div>\n\t\t\t\t\t\t\t\t<div class=\"elementor-field-group elementor-column elementor-field-type-submit elementor-col-100 e-form__buttons\">\n\t\t\t\t\t<button class=\"elementor-button elementor-size-sm\" type=\"submit\">\n\t\t\t\t\t\t<span class=\"elementor-button-content-wrapper\">\n\t\t\t\t\t\t\t\t\t\t\t\t\t\t\t\t\t\t\t\t\t\t<span class=\"elementor-button-text\">Enviar mensaje<\/span>\n\t\t\t\t\t\t\t\t\t\t\t\t\t<\/span>\n\t\t\t\t\t<\/button>\n\t\t\t\t<\/div>\n\t\t\t<\/div>\n\t\t<\/form>\n\t\t\t\t\t\t<\/div>\n\t\t\t\t<\/div>\n\t\t\t\t<\/div>\n\t\t\t\t<\/div>\n\t\t","protected":false},"excerpt":{"rendered":"<p>Cont\u00e1ctenos &#8211; Solea Capital1395 Brickell Ave, suite 960Miami, FL 33131 Tel\u00e9fono: +1-305-663-7285contact@soleacapital.com Para enviarnos un mensaje, utilice el siguiente formulario.<\/p>\n","protected":false},"author":2,"featured_media":0,"parent":0,"menu_order":0,"comment_status":"closed","ping_status":"closed","template":"","meta":{"_acf_changed":false,"footnotes":""},"class_list":["post-974","page","type-page","status-publish","hentry"],"acf":[],"yoast_head":"<!-- This site is optimized with the Yoast SEO plugin v25.4 - https:\/\/yoast.com\/wordpress\/plugins\/seo\/ -->\n<title>Cont\u00e1ctenos - Solea Capital<\/title>\n<meta name=\"robots\" content=\"index, follow, max-snippet:-1, max-image-preview:large, max-video-preview:-1\" \/>\n<link rel=\"canonical\" href=\"https:\/\/www.soleacapital.com\/es\/contacto\/\" \/>\n<meta property=\"og:locale\" content=\"es_ES\" \/>\n<meta property=\"og:type\" content=\"article\" \/>\n<meta property=\"og:title\" content=\"Cont\u00e1ctenos - Solea Capital\" \/>\n<meta property=\"og:description\" content=\"Cont\u00e1ctenos &#8211; Solea Capital1395 Brickell Ave, suite 960Miami, FL 33131 Tel\u00e9fono: +1-305-663-7285contact@soleacapital.com Para enviarnos un mensaje, utilice el siguiente formulario.\" \/>\n<meta property=\"og:url\" content=\"https:\/\/www.soleacapital.com\/es\/contacto\/\" \/>\n<meta property=\"og:site_name\" content=\"Solea Capital\" \/>\n<meta property=\"article:modified_time\" content=\"2025-06-30T08:25:38+00:00\" \/>\n<meta property=\"og:image\" content=\"https:\/\/www.soleacapital.com\/wp-content\/uploads\/2025\/04\/Contact-1.jpg\" \/>\n\t<meta property=\"og:image:width\" content=\"972\" \/>\n\t<meta property=\"og:image:height\" content=\"1128\" \/>\n\t<meta property=\"og:image:type\" content=\"image\/jpeg\" \/>\n<meta name=\"twitter:card\" content=\"summary_large_image\" \/>\n<meta name=\"twitter:label1\" content=\"Tiempo de lectura\" \/>\n\t<meta name=\"twitter:data1\" content=\"1 minuto\" \/>\n<script type=\"application\/ld+json\" class=\"yoast-schema-graph\">{\"@context\":\"https:\/\/schema.org\",\"@graph\":[{\"@type\":\"WebPage\",\"@id\":\"https:\/\/www.soleacapital.com\/es\/contacto\/\",\"url\":\"https:\/\/www.soleacapital.com\/es\/contacto\/\",\"name\":\"Cont\u00e1ctenos - Solea Capital\",\"isPartOf\":{\"@id\":\"https:\/\/www.soleacapital.com\/#website\"},\"primaryImageOfPage\":{\"@id\":\"https:\/\/www.soleacapital.com\/es\/contacto\/#primaryimage\"},\"image\":{\"@id\":\"https:\/\/www.soleacapital.com\/es\/contacto\/#primaryimage\"},\"thumbnailUrl\":\"https:\/\/www.soleacapital.com\/wp-content\/uploads\/2025\/04\/Contact-1-1200x1400.jpg\",\"datePublished\":\"2025-04-11T12:41:11+00:00\",\"dateModified\":\"2025-06-30T08:25:38+00:00\",\"breadcrumb\":{\"@id\":\"https:\/\/www.soleacapital.com\/es\/contacto\/#breadcrumb\"},\"inLanguage\":\"es\",\"potentialAction\":[{\"@type\":\"ReadAction\",\"target\":[\"https:\/\/www.soleacapital.com\/es\/contacto\/\"]}]},{\"@type\":\"ImageObject\",\"inLanguage\":\"es\",\"@id\":\"https:\/\/www.soleacapital.com\/es\/contacto\/#primaryimage\",\"url\":\"https:\/\/www.soleacapital.com\/wp-content\/uploads\/2025\/04\/Contact-1-1200x1400.jpg\",\"contentUrl\":\"https:\/\/www.soleacapital.com\/wp-content\/uploads\/2025\/04\/Contact-1-1200x1400.jpg\"},{\"@type\":\"BreadcrumbList\",\"@id\":\"https:\/\/www.soleacapital.com\/es\/contacto\/#breadcrumb\",\"itemListElement\":[{\"@type\":\"ListItem\",\"position\":1,\"name\":\"Home\",\"item\":\"https:\/\/www.soleacapital.com\/es\/\"},{\"@type\":\"ListItem\",\"position\":2,\"name\":\"Cont\u00e1ctenos\"}]},{\"@type\":\"WebSite\",\"@id\":\"https:\/\/www.soleacapital.com\/#website\",\"url\":\"https:\/\/www.soleacapital.com\/\",\"name\":\"Solea Capital\",\"description\":\"\",\"potentialAction\":[{\"@type\":\"SearchAction\",\"target\":{\"@type\":\"EntryPoint\",\"urlTemplate\":\"https:\/\/www.soleacapital.com\/?s={search_term_string}\"},\"query-input\":{\"@type\":\"PropertyValueSpecification\",\"valueRequired\":true,\"valueName\":\"search_term_string\"}}],\"inLanguage\":\"es\"}]}<\/script>\n<!-- \/ Yoast SEO plugin. -->","yoast_head_json":{"title":"Cont\u00e1ctenos - Solea Capital","robots":{"index":"index","follow":"follow","max-snippet":"max-snippet:-1","max-image-preview":"max-image-preview:large","max-video-preview":"max-video-preview:-1"},"canonical":"https:\/\/www.soleacapital.com\/es\/contacto\/","og_locale":"es_ES","og_type":"article","og_title":"Cont\u00e1ctenos - Solea Capital","og_description":"Cont\u00e1ctenos &#8211; Solea Capital1395 Brickell Ave, suite 960Miami, FL 33131 Tel\u00e9fono: +1-305-663-7285contact@soleacapital.com Para enviarnos un mensaje, utilice el siguiente formulario.","og_url":"https:\/\/www.soleacapital.com\/es\/contacto\/","og_site_name":"Solea Capital","article_modified_time":"2025-06-30T08:25:38+00:00","og_image":[{"width":972,"height":1128,"url":"https:\/\/www.soleacapital.com\/wp-content\/uploads\/2025\/04\/Contact-1.jpg","type":"image\/jpeg"}],"twitter_card":"summary_large_image","twitter_misc":{"Tiempo de lectura":"1 minuto"},"schema":{"@context":"https:\/\/schema.org","@graph":[{"@type":"WebPage","@id":"https:\/\/www.soleacapital.com\/es\/contacto\/","url":"https:\/\/www.soleacapital.com\/es\/contacto\/","name":"Cont\u00e1ctenos - Solea Capital","isPartOf":{"@id":"https:\/\/www.soleacapital.com\/#website"},"primaryImageOfPage":{"@id":"https:\/\/www.soleacapital.com\/es\/contacto\/#primaryimage"},"image":{"@id":"https:\/\/www.soleacapital.com\/es\/contacto\/#primaryimage"},"thumbnailUrl":"https:\/\/www.soleacapital.com\/wp-content\/uploads\/2025\/04\/Contact-1-1200x1400.jpg","datePublished":"2025-04-11T12:41:11+00:00","dateModified":"2025-06-30T08:25:38+00:00","breadcrumb":{"@id":"https:\/\/www.soleacapital.com\/es\/contacto\/#breadcrumb"},"inLanguage":"es","potentialAction":[{"@type":"ReadAction","target":["https:\/\/www.soleacapital.com\/es\/contacto\/"]}]},{"@type":"ImageObject","inLanguage":"es","@id":"https:\/\/www.soleacapital.com\/es\/contacto\/#primaryimage","url":"https:\/\/www.soleacapital.com\/wp-content\/uploads\/2025\/04\/Contact-1-1200x1400.jpg","contentUrl":"https:\/\/www.soleacapital.com\/wp-content\/uploads\/2025\/04\/Contact-1-1200x1400.jpg"},{"@type":"BreadcrumbList","@id":"https:\/\/www.soleacapital.com\/es\/contacto\/#breadcrumb","itemListElement":[{"@type":"ListItem","position":1,"name":"Home","item":"https:\/\/www.soleacapital.com\/es\/"},{"@type":"ListItem","position":2,"name":"Cont\u00e1ctenos"}]},{"@type":"WebSite","@id":"https:\/\/www.soleacapital.com\/#website","url":"https:\/\/www.soleacapital.com\/","name":"Solea Capital","description":"","potentialAction":[{"@type":"SearchAction","target":{"@type":"EntryPoint","urlTemplate":"https:\/\/www.soleacapital.com\/?s={search_term_string}"},"query-input":{"@type":"PropertyValueSpecification","valueRequired":true,"valueName":"search_term_string"}}],"inLanguage":"es"}]}},"_links":{"self":[{"href":"https:\/\/www.soleacapital.com\/es\/wp-json\/wp\/v2\/pages\/974","targetHints":{"allow":["GET"]}}],"collection":[{"href":"https:\/\/www.soleacapital.com\/es\/wp-json\/wp\/v2\/pages"}],"about":[{"href":"https:\/\/www.soleacapital.com\/es\/wp-json\/wp\/v2\/types\/page"}],"author":[{"embeddable":true,"href":"https:\/\/www.soleacapital.com\/es\/wp-json\/wp\/v2\/users\/2"}],"replies":[{"embeddable":true,"href":"https:\/\/www.soleacapital.com\/es\/wp-json\/wp\/v2\/comments?post=974"}],"version-history":[{"count":8,"href":"https:\/\/www.soleacapital.com\/es\/wp-json\/wp\/v2\/pages\/974\/revisions"}],"predecessor-version":[{"id":1038,"href":"https:\/\/www.soleacapital.com\/es\/wp-json\/wp\/v2\/pages\/974\/revisions\/1038"}],"wp:attachment":[{"href":"https:\/\/www.soleacapital.com\/es\/wp-json\/wp\/v2\/media?parent=974"}],"curies":[{"name":"wp","href":"https:\/\/api.w.org\/{rel}","templated":true}]}}