{"id":960,"date":"2025-04-11T08:40:52","date_gmt":"2025-04-11T12:40:52","guid":{"rendered":"https:\/\/www.soleacapital.com\/?page_id=960"},"modified":"2025-06-30T16:12:54","modified_gmt":"2025-06-30T20:12:54","slug":"nuestra-estrategia-de-inversion","status":"publish","type":"page","link":"https:\/\/www.soleacapital.com\/es\/nuestra-estrategia-de-inversion\/","title":{"rendered":"Estrategia de inversi\u00f3n"},"content":{"rendered":"\t\t<div data-elementor-type=\"wp-page\" data-elementor-id=\"960\" class=\"elementor elementor-960 elementor-15\" data-elementor-post-type=\"page\">\n\t\t\t\t<div class=\"elementor-element elementor-element-f7a875f e-con-full e-flex e-con e-parent\" data-id=\"f7a875f\" data-element_type=\"container\">\n\t\t\t\t<div class=\"elementor-element elementor-element-2f20e50 elementor-widget elementor-widget-soleacapital-banner\" data-id=\"2f20e50\" data-element_type=\"widget\" data-widget_type=\"soleacapital-banner.default\">\n\t\t\t\t<div class=\"elementor-widget-container\">\n\t\t\t\t\t        <div class=\"widget-header-banner\"\n            style=\"--sw-image-desktop: url('https:\/\/www.soleacapital.com\/wp-content\/uploads\/2025\/04\/header-strategy-desktop-2400x1096.jpg');\n                   --sw-image-mobile: url('https:\/\/www.soleacapital.com\/wp-content\/uploads\/2025\/04\/header-strategy-mobile.jpg');\">\n            <div class=\"container-xxl\">\n                <div class=\"row\">\n                    <div class=\"col-12 widget-header-banner__titles widget-header-banner__title--center col-lg-8 offset-lg-2\">\n                        <h1 class=\"widget-header-banner__title h1 widget-header-banner__title--underline\">\n                            Nuestra estrategia de inversi\u00f3n                        <\/h1>\n                                            <\/div>\n                <\/div>\n                <div class=\"row\">\n                                            <div class=\"col-12 widget-header-banner__body widget-header-banner__body--center col-md-8 offset-md-2 col-lg-6 offset-lg-3\">\n                            <p>En Solea Capital, invertimos en empresas con alto potencial, impulsando su crecimiento y creaci\u00f3n de valor mediante un enfoque flexible y comprometido. Colaboramos estrechamente con emprendedores, equipos directivos, empresas familiares, fondos y corporaciones. Ya sea a trav\u00e9s de capital de crecimiento, capital de reemplazo o adquisiciones tradicionales, adaptamos nuestro nivel de implicaci\u00f3n a cada situaci\u00f3n. Usamos el apalancamiento financiero de forma prudente, con una visi\u00f3n a largo plazo.<\/p>                        <\/div>\n                                    <\/div>\n            <\/div>\n        <\/div>\n        \t\t\t\t<\/div>\n\t\t\t\t<\/div>\n\t\t\t\t<\/div>\n\t\t<div class=\"elementor-element elementor-element-f1b6b77 e-flex e-con-boxed e-con e-parent\" data-id=\"f1b6b77\" data-element_type=\"container\">\n\t\t\t\t\t<div class=\"e-con-inner\">\n\t\t\t\t<div class=\"elementor-element elementor-element-a4debdb elementor-widget elementor-widget-soleacapital-image-text\" data-id=\"a4debdb\" data-element_type=\"widget\" data-widget_type=\"soleacapital-image-text.default\">\n\t\t\t\t<div class=\"elementor-widget-container\">\n\t\t\t\t\t        <div class=\"container-xxl\">\n            <div class=\"row row__image-text\">\n                <div class=\"col-12 col-md-6 offset-lg-1 col-lg-4 column-image position-center\">\n                    <img fetchpriority=\"high\" decoding=\"async\" src=\"https:\/\/www.soleacapital.com\/wp-content\/uploads\/2025\/04\/Range-of-scope-1200x1400.jpg\" alt=\"\" width=\"1200\" height=\"1400\" class=\"align size-format-6-7 wp-image-637\" \/>                <\/div>\n                <div class=\"col-12 col-md-6 offset-lg-1 col-lg-5 column-text\">\n                    <h2>R<b>ango de <\/b><b>alcanc<\/b>e<\/h2><p>\u00a0<\/p><p>Nos enfocamos en el segmento inferior del mercado estadounidense, apuntando a empresas con alto potencial de crecimiento y modelos escalables, igualmente exploramos oportunidades muy selectas en Am\u00e9rica Latina y Europa.<\/p><p><br \/>Buscamos realizar inversiones entre <strong>1 y 20 millones de d\u00f3lares por empresa<\/strong>, un segmento a\u00fan poco y mal atendido del mercado de capitales.<\/p><p><br \/>Dentro de este rango, creemos que existe un n\u00famero considerable de empresas alineadas con nuestra tolerancia al riesgo y que ofrecen importantes oportunidades de crecimiento y generaci\u00f3n de valor.<\/p><p>Apuntamos a dos grandes categor\u00edas de inversi\u00f3n, que pueden beneficiarse de nuestro <strong>amplio ecosistema de especialistas<\/strong> y de nuestra capacidad para <strong>movilizar capital de forma \u00e1gil y estrat\u00e9gica<\/strong> :<\/p><ul><li><strong>Empresas en expansi\u00f3n<\/strong>: Compa\u00f1\u00edas consolidadas con fuerte crecimiento de ingresos que necesitan capital adicional para escalar sus operaciones y alcanzar la siguiente etapa de desarrollo.<\/li><li><strong>Empresas en dificultad<\/strong>: Negocios que enfrentan desaf\u00edos operativos o financieros, donde nuestra experiencia puede liberar un valor significativo y generar retornos atractivos.<\/li><\/ul>                <\/div>\n            <\/div>\n        <\/div>\n\t\t\t\t<\/div>\n\t\t\t\t<\/div>\n\t\t\t\t<div class=\"elementor-element elementor-element-1f4efd5 elementor-widget elementor-widget-soleacapital-image-text\" data-id=\"1f4efd5\" data-element_type=\"widget\" data-widget_type=\"soleacapital-image-text.default\">\n\t\t\t\t<div class=\"elementor-widget-container\">\n\t\t\t\t\t        <div class=\"container-xxl\">\n            <div class=\"row row__text-image\">\n                <div class=\"col-12 col-md-6 offset-lg-1 col-lg-4 column-image position-center\">\n                    <img decoding=\"async\" src=\"https:\/\/www.soleacapital.com\/wp-content\/uploads\/2025\/04\/Investment-Criteria-1200x1400.jpg\" alt=\"\" width=\"1200\" height=\"1400\" class=\"align size-format-6-7 wp-image-456\" \/>                <\/div>\n                <div class=\"col-12 col-md-6 offset-lg-1 col-lg-5 column-text\">\n                    <h2><b>Criterios de inversi\u00f3n<\/b><\/h2><p>Nuestra b\u00fasqueda de oportunidades se basa en <strong>cuatro criterios principales<\/strong> :<\/p><ol><li><strong>Sectores nicho o especializados<\/strong>: Invertimos en industrias donde nuestro conocimiento profundo nos otorga una ventaja competitiva.<\/li><li><strong>Alto potencial de crecimiento<\/strong>: Buscamos empresas con fuerte potencial, ya sean startups innovadoras con productos o servicios \u00fanicos, o compa\u00f1\u00edas establecidas en mercados en expansi\u00f3n.<\/li><li><strong>Potencial de Reestructuraci\u00f3n<\/strong>: Nos enfocamos en empresas que enfrentan desaf\u00edos operativos o financieros que se alinean con nuestra experiencia, donde una intervenci\u00f3n estrat\u00e9gica puede generar un valor significativo.<\/li><li><strong>Escalabilidad<\/strong>: Priorizamos negocios con potencial de escalar eficientemente, aprovechando fundamentos s\u00f3lidos y una trayectoria de crecimiento clara.<\/li><\/ol>                <\/div>\n            <\/div>\n        <\/div>\n\t\t\t\t<\/div>\n\t\t\t\t<\/div>\n\t\t\t\t<div class=\"elementor-element elementor-element-ce3408e elementor-widget elementor-widget-soleacapital-image-text\" data-id=\"ce3408e\" data-element_type=\"widget\" data-widget_type=\"soleacapital-image-text.default\">\n\t\t\t\t<div class=\"elementor-widget-container\">\n\t\t\t\t\t        <div class=\"container-xxl\">\n            <div class=\"row row__image-text\">\n                <div class=\"col-12 col-md-6 offset-lg-1 col-lg-4 column-image position-center\">\n                    <img decoding=\"async\" src=\"https:\/\/www.soleacapital.com\/wp-content\/uploads\/2025\/04\/Sector-Focus-1200x1400.jpg\" alt=\"\" width=\"1200\" height=\"1400\" class=\"align size-format-6-7 wp-image-462\" \/>                <\/div>\n                <div class=\"col-12 col-md-6 offset-lg-1 col-lg-5 column-text\">\n                    <h2><b>Enfoque sectorial<\/b><\/h2><p>Nos enfocamos especialmente y contamos con una amplia experiencia y perspectiva en los siguientes sectores:<\/p><ul><li><b>Energ\u00edas renovables<\/b><\/li><li><b>Tecnolog\u00eda<\/b><\/li><li><b>Bienes y servicios de lujo<\/b><\/li><\/ul>                <\/div>\n            <\/div>\n        <\/div>\n\t\t\t\t<\/div>\n\t\t\t\t<\/div>\n\t\t\t\t\t<\/div>\n\t\t\t\t<\/div>\n\t\t<div class=\"elementor-element elementor-element-a3da4aa e-flex e-con-boxed e-con e-parent\" data-id=\"a3da4aa\" data-element_type=\"container\">\n\t\t\t\t\t<div class=\"e-con-inner\">\n\t\t\t\t<div class=\"elementor-element elementor-element-cf968b1 elementor-align-center elementor-widget elementor-widget-button\" data-id=\"cf968b1\" data-element_type=\"widget\" data-widget_type=\"button.default\">\n\t\t\t\t<div class=\"elementor-widget-container\">\n\t\t\t\t\t\t\t\t\t<div class=\"elementor-button-wrapper\">\n\t\t\t\t\t<a class=\"elementor-button elementor-button-link elementor-size-sm\" href=\"https:\/\/www.soleacapital.com\/es\/contacto\/\">\n\t\t\t\t\t\t<span class=\"elementor-button-content-wrapper\">\n\t\t\t\t\t\t\t\t\t<span class=\"elementor-button-text\">Cont\u00e1ctenos<\/span>\n\t\t\t\t\t<\/span>\n\t\t\t\t\t<\/a>\n\t\t\t\t<\/div>\n\t\t\t\t\t\t\t\t<\/div>\n\t\t\t\t<\/div>\n\t\t\t\t\t<\/div>\n\t\t\t\t<\/div>\n\t\t<div class=\"elementor-element elementor-element-3ce10cd e-con-full e-flex e-con e-parent\" data-id=\"3ce10cd\" data-element_type=\"container\">\n\t\t\t\t<div class=\"elementor-element elementor-element-1d52e8e elementor-widget elementor-widget-soleacapital-rebound\" data-id=\"1d52e8e\" data-element_type=\"widget\" data-widget_type=\"soleacapital-rebound.default\">\n\t\t\t\t<div class=\"elementor-widget-container\">\n\t\t\t\t\t        <div class=\"widget-rebound\">\n            <div class=\"row\">\n                <div class=\"col-12\">\n                    <div class=\"widget-rebound__title\">\n                        <h2 class=\"h2\">\n                            Saber mas                        <\/h2>\n                    <\/div>\n                <\/div>\n                <div class=\"col-12 col-md-10 offset-md-1 col-lg-8 offset-lg-2\">\n                    <div class=\"row\">\n                                                    <div class=\"col-6 col-md-6 widget-rebound-article\">\n                                <div class=\"widget-rebound-article__image\">\n                                    <a href=\"https:\/\/www.soleacapital.com\/philosophy\/\"\n                                                                                                                    >\n                                        <img loading=\"lazy\" decoding=\"async\" src=\"https:\/\/www.soleacapital.com\/wp-content\/uploads\/2025\/04\/philosophy-1-960x840.jpg\" alt=\"\" width=\"960\" height=\"840\" class=\"align size-rebound wp-image-302\" \/>                                    <\/a>\n                                <\/div>\n                                <h3 class=\"widget-rebound-article__title h3\">\n                                    Nuestra filosof\u00eda                                <\/h3>\n                                <div class=\"widget-rebound-article__link\">\n                                    <a href=\"https:\/\/www.soleacapital.com\/philosophy\/\"\n                                                                                                                  >descubra<\/a>\n                                <\/div>\n                            <\/div>\n                                                    <div class=\"col-6 col-md-6 widget-rebound-article\">\n                                <div class=\"widget-rebound-article__image\">\n                                    <a href=\"https:\/\/www.soleacapital.com\/portfolio\/\"\n                                                                                                                    >\n                                        <img loading=\"lazy\" decoding=\"async\" src=\"https:\/\/www.soleacapital.com\/wp-content\/uploads\/2025\/04\/portfolio-1-960x840.jpg\" alt=\"\" width=\"960\" height=\"840\" class=\"align size-rebound wp-image-305\" \/>                                    <\/a>\n                                <\/div>\n                                <h3 class=\"widget-rebound-article__title h3\">\n                                    Nuestro portafolio                                <\/h3>\n                                <div class=\"widget-rebound-article__link\">\n                                    <a href=\"https:\/\/www.soleacapital.com\/portfolio\/\"\n                                                                                                                  >descubra<\/a>\n                                <\/div>\n                            <\/div>\n                                            <\/div>\n                <\/div>\n            <\/div>\n        <\/div>\n        \t\t\t\t<\/div>\n\t\t\t\t<\/div>\n\t\t\t\t<\/div>\n\t\t\t\t<\/div>\n\t\t","protected":false},"excerpt":{"rendered":"<p>Nuestra estrategia de inversi\u00f3n En Solea Capital, invertimos en empresas con alto potencial, impulsando su crecimiento y creaci\u00f3n de valor mediante un enfoque flexible y comprometido. Colaboramos estrechamente con emprendedores, equipos directivos, empresas familiares, fondos y corporaciones. Ya sea a trav\u00e9s de capital de crecimiento, capital de reemplazo o adquisiciones tradicionales, adaptamos nuestro nivel de [&hellip;]<\/p>\n","protected":false},"author":2,"featured_media":0,"parent":0,"menu_order":0,"comment_status":"closed","ping_status":"closed","template":"","meta":{"_acf_changed":false,"footnotes":""},"class_list":["post-960","page","type-page","status-publish","hentry"],"acf":[],"yoast_head":"<!-- This site is optimized with the Yoast SEO plugin v25.4 - https:\/\/yoast.com\/wordpress\/plugins\/seo\/ -->\n<title>Estrategia de inversi\u00f3n - Solea Capital<\/title>\n<meta name=\"robots\" content=\"index, follow, max-snippet:-1, max-image-preview:large, max-video-preview:-1\" \/>\n<link rel=\"canonical\" href=\"https:\/\/www.soleacapital.com\/es\/nuestra-estrategia-de-inversion\/\" \/>\n<meta property=\"og:locale\" content=\"es_ES\" \/>\n<meta property=\"og:type\" content=\"article\" \/>\n<meta property=\"og:title\" content=\"Estrategia de inversi\u00f3n - Solea Capital\" \/>\n<meta property=\"og:description\" content=\"Nuestra estrategia de inversi\u00f3n En Solea Capital, invertimos en empresas con alto potencial, impulsando su crecimiento y creaci\u00f3n de valor mediante un enfoque flexible y comprometido. Colaboramos estrechamente con emprendedores, equipos directivos, empresas familiares, fondos y corporaciones. Ya sea a trav\u00e9s de capital de crecimiento, capital de reemplazo o adquisiciones tradicionales, adaptamos nuestro nivel de [&hellip;]\" \/>\n<meta property=\"og:url\" content=\"https:\/\/www.soleacapital.com\/es\/nuestra-estrategia-de-inversion\/\" \/>\n<meta property=\"og:site_name\" content=\"Solea Capital\" \/>\n<meta property=\"article:modified_time\" content=\"2025-06-30T20:12:54+00:00\" \/>\n<meta property=\"og:image\" content=\"https:\/\/www.soleacapital.com\/wp-content\/uploads\/2025\/04\/Range-of-scope.jpg\" \/>\n\t<meta property=\"og:image:width\" content=\"722\" \/>\n\t<meta property=\"og:image:height\" content=\"838\" \/>\n\t<meta property=\"og:image:type\" content=\"image\/jpeg\" \/>\n<meta name=\"twitter:card\" content=\"summary_large_image\" \/>\n<meta name=\"twitter:label1\" content=\"Tiempo de lectura\" \/>\n\t<meta name=\"twitter:data1\" content=\"3 minutos\" \/>\n<script type=\"application\/ld+json\" class=\"yoast-schema-graph\">{\"@context\":\"https:\/\/schema.org\",\"@graph\":[{\"@type\":\"WebPage\",\"@id\":\"https:\/\/www.soleacapital.com\/es\/nuestra-estrategia-de-inversion\/\",\"url\":\"https:\/\/www.soleacapital.com\/es\/nuestra-estrategia-de-inversion\/\",\"name\":\"Estrategia de inversi\u00f3n - Solea Capital\",\"isPartOf\":{\"@id\":\"https:\/\/www.soleacapital.com\/#website\"},\"primaryImageOfPage\":{\"@id\":\"https:\/\/www.soleacapital.com\/es\/nuestra-estrategia-de-inversion\/#primaryimage\"},\"image\":{\"@id\":\"https:\/\/www.soleacapital.com\/es\/nuestra-estrategia-de-inversion\/#primaryimage\"},\"thumbnailUrl\":\"https:\/\/www.soleacapital.com\/wp-content\/uploads\/2025\/04\/Range-of-scope-1200x1400.jpg\",\"datePublished\":\"2025-04-11T12:40:52+00:00\",\"dateModified\":\"2025-06-30T20:12:54+00:00\",\"breadcrumb\":{\"@id\":\"https:\/\/www.soleacapital.com\/es\/nuestra-estrategia-de-inversion\/#breadcrumb\"},\"inLanguage\":\"es\",\"potentialAction\":[{\"@type\":\"ReadAction\",\"target\":[\"https:\/\/www.soleacapital.com\/es\/nuestra-estrategia-de-inversion\/\"]}]},{\"@type\":\"ImageObject\",\"inLanguage\":\"es\",\"@id\":\"https:\/\/www.soleacapital.com\/es\/nuestra-estrategia-de-inversion\/#primaryimage\",\"url\":\"https:\/\/www.soleacapital.com\/wp-content\/uploads\/2025\/04\/Range-of-scope-1200x1400.jpg\",\"contentUrl\":\"https:\/\/www.soleacapital.com\/wp-content\/uploads\/2025\/04\/Range-of-scope-1200x1400.jpg\"},{\"@type\":\"BreadcrumbList\",\"@id\":\"https:\/\/www.soleacapital.com\/es\/nuestra-estrategia-de-inversion\/#breadcrumb\",\"itemListElement\":[{\"@type\":\"ListItem\",\"position\":1,\"name\":\"Home\",\"item\":\"https:\/\/www.soleacapital.com\/es\/\"},{\"@type\":\"ListItem\",\"position\":2,\"name\":\"Estrategia de inversi\u00f3n\"}]},{\"@type\":\"WebSite\",\"@id\":\"https:\/\/www.soleacapital.com\/#website\",\"url\":\"https:\/\/www.soleacapital.com\/\",\"name\":\"Solea Capital\",\"description\":\"\",\"potentialAction\":[{\"@type\":\"SearchAction\",\"target\":{\"@type\":\"EntryPoint\",\"urlTemplate\":\"https:\/\/www.soleacapital.com\/?s={search_term_string}\"},\"query-input\":{\"@type\":\"PropertyValueSpecification\",\"valueRequired\":true,\"valueName\":\"search_term_string\"}}],\"inLanguage\":\"es\"}]}<\/script>\n<!-- \/ Yoast SEO plugin. -->","yoast_head_json":{"title":"Estrategia de inversi\u00f3n - Solea Capital","robots":{"index":"index","follow":"follow","max-snippet":"max-snippet:-1","max-image-preview":"max-image-preview:large","max-video-preview":"max-video-preview:-1"},"canonical":"https:\/\/www.soleacapital.com\/es\/nuestra-estrategia-de-inversion\/","og_locale":"es_ES","og_type":"article","og_title":"Estrategia de inversi\u00f3n - Solea Capital","og_description":"Nuestra estrategia de inversi\u00f3n En Solea Capital, invertimos en empresas con alto potencial, impulsando su crecimiento y creaci\u00f3n de valor mediante un enfoque flexible y comprometido. Colaboramos estrechamente con emprendedores, equipos directivos, empresas familiares, fondos y corporaciones. Ya sea a trav\u00e9s de capital de crecimiento, capital de reemplazo o adquisiciones tradicionales, adaptamos nuestro nivel de [&hellip;]","og_url":"https:\/\/www.soleacapital.com\/es\/nuestra-estrategia-de-inversion\/","og_site_name":"Solea Capital","article_modified_time":"2025-06-30T20:12:54+00:00","og_image":[{"width":722,"height":838,"url":"https:\/\/www.soleacapital.com\/wp-content\/uploads\/2025\/04\/Range-of-scope.jpg","type":"image\/jpeg"}],"twitter_card":"summary_large_image","twitter_misc":{"Tiempo de lectura":"3 minutos"},"schema":{"@context":"https:\/\/schema.org","@graph":[{"@type":"WebPage","@id":"https:\/\/www.soleacapital.com\/es\/nuestra-estrategia-de-inversion\/","url":"https:\/\/www.soleacapital.com\/es\/nuestra-estrategia-de-inversion\/","name":"Estrategia de inversi\u00f3n - Solea Capital","isPartOf":{"@id":"https:\/\/www.soleacapital.com\/#website"},"primaryImageOfPage":{"@id":"https:\/\/www.soleacapital.com\/es\/nuestra-estrategia-de-inversion\/#primaryimage"},"image":{"@id":"https:\/\/www.soleacapital.com\/es\/nuestra-estrategia-de-inversion\/#primaryimage"},"thumbnailUrl":"https:\/\/www.soleacapital.com\/wp-content\/uploads\/2025\/04\/Range-of-scope-1200x1400.jpg","datePublished":"2025-04-11T12:40:52+00:00","dateModified":"2025-06-30T20:12:54+00:00","breadcrumb":{"@id":"https:\/\/www.soleacapital.com\/es\/nuestra-estrategia-de-inversion\/#breadcrumb"},"inLanguage":"es","potentialAction":[{"@type":"ReadAction","target":["https:\/\/www.soleacapital.com\/es\/nuestra-estrategia-de-inversion\/"]}]},{"@type":"ImageObject","inLanguage":"es","@id":"https:\/\/www.soleacapital.com\/es\/nuestra-estrategia-de-inversion\/#primaryimage","url":"https:\/\/www.soleacapital.com\/wp-content\/uploads\/2025\/04\/Range-of-scope-1200x1400.jpg","contentUrl":"https:\/\/www.soleacapital.com\/wp-content\/uploads\/2025\/04\/Range-of-scope-1200x1400.jpg"},{"@type":"BreadcrumbList","@id":"https:\/\/www.soleacapital.com\/es\/nuestra-estrategia-de-inversion\/#breadcrumb","itemListElement":[{"@type":"ListItem","position":1,"name":"Home","item":"https:\/\/www.soleacapital.com\/es\/"},{"@type":"ListItem","position":2,"name":"Estrategia de inversi\u00f3n"}]},{"@type":"WebSite","@id":"https:\/\/www.soleacapital.com\/#website","url":"https:\/\/www.soleacapital.com\/","name":"Solea Capital","description":"","potentialAction":[{"@type":"SearchAction","target":{"@type":"EntryPoint","urlTemplate":"https:\/\/www.soleacapital.com\/?s={search_term_string}"},"query-input":{"@type":"PropertyValueSpecification","valueRequired":true,"valueName":"search_term_string"}}],"inLanguage":"es"}]}},"_links":{"self":[{"href":"https:\/\/www.soleacapital.com\/es\/wp-json\/wp\/v2\/pages\/960","targetHints":{"allow":["GET"]}}],"collection":[{"href":"https:\/\/www.soleacapital.com\/es\/wp-json\/wp\/v2\/pages"}],"about":[{"href":"https:\/\/www.soleacapital.com\/es\/wp-json\/wp\/v2\/types\/page"}],"author":[{"embeddable":true,"href":"https:\/\/www.soleacapital.com\/es\/wp-json\/wp\/v2\/users\/2"}],"replies":[{"embeddable":true,"href":"https:\/\/www.soleacapital.com\/es\/wp-json\/wp\/v2\/comments?post=960"}],"version-history":[{"count":18,"href":"https:\/\/www.soleacapital.com\/es\/wp-json\/wp\/v2\/pages\/960\/revisions"}],"predecessor-version":[{"id":1041,"href":"https:\/\/www.soleacapital.com\/es\/wp-json\/wp\/v2\/pages\/960\/revisions\/1041"}],"wp:attachment":[{"href":"https:\/\/www.soleacapital.com\/es\/wp-json\/wp\/v2\/media?parent=960"}],"curies":[{"name":"wp","href":"https:\/\/api.w.org\/{rel}","templated":true}]}}