{"id":954,"date":"2025-04-11T08:40:37","date_gmt":"2025-04-11T12:40:37","guid":{"rendered":"https:\/\/www.soleacapital.com\/?page_id=954"},"modified":"2025-06-30T16:13:21","modified_gmt":"2025-06-30T20:13:21","slug":"filosofia","status":"publish","type":"page","link":"https:\/\/www.soleacapital.com\/es\/filosofia\/","title":{"rendered":"Filosof\u00eda"},"content":{"rendered":"\t\t<div data-elementor-type=\"wp-page\" data-elementor-id=\"954\" class=\"elementor elementor-954 elementor-12\" data-elementor-post-type=\"page\">\n\t\t\t\t<div class=\"elementor-element elementor-element-a98bcde e-con-full e-flex e-con e-parent\" data-id=\"a98bcde\" data-element_type=\"container\">\n\t\t\t\t<div class=\"elementor-element elementor-element-b6a526b elementor-widget elementor-widget-soleacapital-banner\" data-id=\"b6a526b\" data-element_type=\"widget\" data-widget_type=\"soleacapital-banner.default\">\n\t\t\t\t<div class=\"elementor-widget-container\">\n\t\t\t\t\t        <div class=\"widget-header-banner\"\n            style=\"--sw-image-desktop: url('https:\/\/www.soleacapital.com\/wp-content\/uploads\/2025\/04\/header-philosophy-desktop-2400x1096.jpg');\n                   --sw-image-mobile: url('https:\/\/www.soleacapital.com\/wp-content\/uploads\/2025\/04\/header-philosophy-mobile.jpg');\">\n            <div class=\"container-xxl\">\n                <div class=\"row\">\n                    <div class=\"col-12 widget-header-banner__titles widget-header-banner__title--center col-lg-8 offset-lg-2\">\n                        <h1 class=\"widget-header-banner__title h1 widget-header-banner__title--underline\">\n                            Nuestra Filosof\u00eda                        <\/h1>\n                                            <\/div>\n                <\/div>\n                <div class=\"row\">\n                                            <div class=\"col-12 widget-header-banner__body widget-header-banner__body--left col-md-5 offset-md-1\">\n                            <p>Un enfoque de inversi\u00f3n a la medida, transparente y participativo, basado en la larga experiencia de sus fundadores y alianzas estrat\u00e9gicas con el objetivo de generar valor duradero y crecimiento sostenible.<\/p>                        <\/div>\n                                    <\/div>\n            <\/div>\n        <\/div>\n        \t\t\t\t<\/div>\n\t\t\t\t<\/div>\n\t\t\t\t<\/div>\n\t\t<div class=\"elementor-element elementor-element-dd1f734 e-con-full e-flex e-con e-parent\" data-id=\"dd1f734\" data-element_type=\"container\">\n\t\t\t\t<div class=\"elementor-element elementor-element-47ea15a elementor-widget elementor-widget-soleacapital-image-text\" data-id=\"47ea15a\" data-element_type=\"widget\" data-widget_type=\"soleacapital-image-text.default\">\n\t\t\t\t<div class=\"elementor-widget-container\">\n\t\t\t\t\t        <div class=\"container-xxl\">\n            <div class=\"row row__text-image\">\n                <div class=\"col-12 col-md-6 offset-lg-1 col-lg-4 column-image position-negative\">\n                    <img fetchpriority=\"high\" decoding=\"async\" src=\"https:\/\/www.soleacapital.com\/wp-content\/uploads\/2025\/04\/Philosophy-2-1200x1400.jpg\" alt=\"\" width=\"1200\" height=\"1400\" class=\"align size-format-6-7 wp-image-631\" \/>                <\/div>\n                <div class=\"col-12 col-md-6 offset-lg-1 col-lg-5 column-text\">\n                    <p>En Solea Capital, adoptamos un enfoque de <strong>inversi\u00f3n personalizado y transparente<\/strong>, que permite seleccionar oportunidades individuales en lugar de invertir en un fondo ciego, asegurando as\u00ed una <strong>mayor visibilidad<\/strong> y <strong>alineaci\u00f3n con los objetivos de inversi\u00f3n<\/strong>. Como firma independiente y de propiedad familiar, tomamos decisiones imparciales enfocadas en obtener rendimientos \u00f3ptimos. Cada inversi\u00f3n se basa en un an\u00e1lisis cuantitativo y cualitativo riguroso. Nuestra mentalidad emprendedora flexible y colaborativa nos permite trabajar de cerca con emprendedores, empresas y patrocinadores financieros, fomentando asociaciones a largo plazo que generan un valor significativo y un crecimiento sostenible. Vemos m\u00e1s all\u00e1 de las transacciones individuales, con el objetivo de construir relaciones duraderas y de confianza con las empresas de nuestra cartera.<\/p><p>En el coraz\u00f3n de nuestro modelo de negocio se encuentran tres principios interconectados \u2013 enfoque estrat\u00e9gico, participaci\u00f3n operativa activa y creaci\u00f3n de valor a largo plazo \u2013 que definen nuestra identidad hoy.<\/p><h2 class=\"lead mb-1\"><b>Enfoque estrat\u00e9gico y experticia<\/b><\/h2><p>Creemos en invertir en industrias y sectores donde tenemos un conocimiento y experiencia profundos. Este enfoque permite una debida diligencia m\u00e1s eficiente y decisiones de inversi\u00f3n basadas en mejores fundamentos.<\/p><h2 class=\"lead mb-1\"><b>Participaci\u00f3n operativa activa<\/b><\/h2><p>Creemos que nuestro involucramiento activo en las operaciones de las empresas en las cuales invertimos contribuye en mejores resultados. Esto incluye ofrecer orientaci\u00f3n estrat\u00e9gica, impulsar mejoras operativas y apoyar iniciativas de crecimiento a los empresarios que apoyamos yaqu\u00e9 son calidades y recursos a los cuales no tienen acceso.<\/p><h2 class=\"lead mb-1\"><b>Creaci\u00f3n de valor a largo plazo<\/b><\/h2><p>Creemos en construir valor duradero en lugar de buscar salidas r\u00e1pidas. Esto requiere capital paciente, una estrategia de crecimiento bien definida y un compromiso a largo plazo.<\/p>                <\/div>\n            <\/div>\n        <\/div>\n\t\t\t\t<\/div>\n\t\t\t\t<\/div>\n\t\t\t\t<\/div>\n\t\t<div class=\"elementor-element elementor-element-15c4690 e-con-full container-xxl-bs e-flex e-con e-parent\" data-id=\"15c4690\" data-element_type=\"container\">\n\t\t<div class=\"elementor-element elementor-element-4e98159 e-con-full row e-flex e-con e-child\" data-id=\"4e98159\" data-element_type=\"container\">\n\t\t\t\t<div class=\"elementor-element elementor-element-16d57c9 elementor-align-left col-12 col-lg-10 offset-lg-1 elementor-widget elementor-widget-button\" data-id=\"16d57c9\" data-element_type=\"widget\" data-widget_type=\"button.default\">\n\t\t\t\t<div class=\"elementor-widget-container\">\n\t\t\t\t\t\t\t\t\t<div class=\"elementor-button-wrapper\">\n\t\t\t\t\t<a class=\"elementor-button elementor-button-link elementor-size-sm\" href=\"https:\/\/www.soleacapital.com\/es\/contacto\/\">\n\t\t\t\t\t\t<span class=\"elementor-button-content-wrapper\">\n\t\t\t\t\t\t\t\t\t<span class=\"elementor-button-text\">Cont\u00e1ctenos<\/span>\n\t\t\t\t\t<\/span>\n\t\t\t\t\t<\/a>\n\t\t\t\t<\/div>\n\t\t\t\t\t\t\t\t<\/div>\n\t\t\t\t<\/div>\n\t\t\t\t<\/div>\n\t\t\t\t<\/div>\n\t\t<div class=\"elementor-element elementor-element-14e8653 e-flex e-con-boxed e-con e-parent\" data-id=\"14e8653\" data-element_type=\"container\">\n\t\t\t\t\t<div class=\"e-con-inner\">\n\t\t\t\t<div class=\"elementor-element elementor-element-c39bce8 elementor-widget elementor-widget-soleacapital-rebound\" data-id=\"c39bce8\" data-element_type=\"widget\" data-widget_type=\"soleacapital-rebound.default\">\n\t\t\t\t<div class=\"elementor-widget-container\">\n\t\t\t\t\t        <div class=\"widget-rebound\">\n            <div class=\"row\">\n                <div class=\"col-12\">\n                    <div class=\"widget-rebound__title\">\n                        <h2 class=\"h2\">\n                            Saber mas                        <\/h2>\n                    <\/div>\n                <\/div>\n                <div class=\"col-12 col-md-10 offset-md-1 col-lg-8 offset-lg-2\">\n                    <div class=\"row\">\n                                                    <div class=\"col-6 col-md-6 widget-rebound-article\">\n                                <div class=\"widget-rebound-article__image\">\n                                    <a href=\"https:\/\/www.soleacapital.com\/about-us\/\"\n                                                                                                                    >\n                                        <img decoding=\"async\" src=\"https:\/\/www.soleacapital.com\/wp-content\/uploads\/2025\/04\/solea-in-few-words-1-960x840.jpg\" alt=\"\" width=\"960\" height=\"840\" class=\"align size-rebound wp-image-339\" \/>                                    <\/a>\n                                <\/div>\n                                <h3 class=\"widget-rebound-article__title h3\">\n                                    Qui\u00e9nes somos                                <\/h3>\n                                <div class=\"widget-rebound-article__link\">\n                                    <a href=\"https:\/\/www.soleacapital.com\/about-us\/\"\n                                                                                                                  >descubra<\/a>\n                                <\/div>\n                            <\/div>\n                                                    <div class=\"col-6 col-md-6 widget-rebound-article\">\n                                <div class=\"widget-rebound-article__image\">\n                                    <a href=\"https:\/\/www.soleacapital.com\/strategy\/\"\n                                                                                                                    >\n                                        <img decoding=\"async\" src=\"https:\/\/www.soleacapital.com\/wp-content\/uploads\/2025\/04\/investment-strategy-1-960x840.jpg\" alt=\"\" width=\"960\" height=\"840\" class=\"align size-rebound wp-image-295\" \/>                                    <\/a>\n                                <\/div>\n                                <h3 class=\"widget-rebound-article__title h3\">\n                                    Estrategia de inversi\u00f3n                                 <\/h3>\n                                <div class=\"widget-rebound-article__link\">\n                                    <a href=\"https:\/\/www.soleacapital.com\/strategy\/\"\n                                                                                                                  >descubra<\/a>\n                                <\/div>\n                            <\/div>\n                                            <\/div>\n                <\/div>\n            <\/div>\n        <\/div>\n        \t\t\t\t<\/div>\n\t\t\t\t<\/div>\n\t\t\t\t\t<\/div>\n\t\t\t\t<\/div>\n\t\t\t\t<\/div>\n\t\t","protected":false},"excerpt":{"rendered":"<p>Nuestra Filosof\u00eda Un enfoque de inversi\u00f3n a la medida, transparente y participativo, basado en la larga experiencia de sus fundadores y alianzas estrat\u00e9gicas con el objetivo de generar valor duradero y crecimiento sostenible. En Solea Capital, adoptamos un enfoque de inversi\u00f3n personalizado y transparente, que permite seleccionar oportunidades individuales en lugar de invertir en un [&hellip;]<\/p>\n","protected":false},"author":2,"featured_media":0,"parent":0,"menu_order":0,"comment_status":"closed","ping_status":"closed","template":"","meta":{"_acf_changed":false,"footnotes":""},"class_list":["post-954","page","type-page","status-publish","hentry"],"acf":[],"yoast_head":"<!-- This site is optimized with the Yoast SEO plugin v25.4 - https:\/\/yoast.com\/wordpress\/plugins\/seo\/ -->\n<title>Filosof\u00eda - Solea Capital<\/title>\n<meta name=\"robots\" content=\"index, follow, max-snippet:-1, max-image-preview:large, max-video-preview:-1\" \/>\n<link rel=\"canonical\" href=\"https:\/\/www.soleacapital.com\/es\/filosofia\/\" \/>\n<meta property=\"og:locale\" content=\"es_ES\" \/>\n<meta property=\"og:type\" content=\"article\" \/>\n<meta property=\"og:title\" content=\"Filosof\u00eda - Solea Capital\" \/>\n<meta property=\"og:description\" content=\"Nuestra Filosof\u00eda Un enfoque de inversi\u00f3n a la medida, transparente y participativo, basado en la larga experiencia de sus fundadores y alianzas estrat\u00e9gicas con el objetivo de generar valor duradero y crecimiento sostenible. En Solea Capital, adoptamos un enfoque de inversi\u00f3n personalizado y transparente, que permite seleccionar oportunidades individuales en lugar de invertir en un [&hellip;]\" \/>\n<meta property=\"og:url\" content=\"https:\/\/www.soleacapital.com\/es\/filosofia\/\" \/>\n<meta property=\"og:site_name\" content=\"Solea Capital\" \/>\n<meta property=\"article:modified_time\" content=\"2025-06-30T20:13:21+00:00\" \/>\n<meta property=\"og:image\" content=\"https:\/\/www.soleacapital.com\/wp-content\/uploads\/2025\/04\/Philosophy-2.jpg\" \/>\n\t<meta property=\"og:image:width\" content=\"729\" \/>\n\t<meta property=\"og:image:height\" content=\"846\" \/>\n\t<meta property=\"og:image:type\" content=\"image\/jpeg\" \/>\n<meta name=\"twitter:card\" content=\"summary_large_image\" \/>\n<meta name=\"twitter:label1\" content=\"Tiempo de lectura\" \/>\n\t<meta name=\"twitter:data1\" content=\"3 minutos\" \/>\n<script type=\"application\/ld+json\" class=\"yoast-schema-graph\">{\"@context\":\"https:\/\/schema.org\",\"@graph\":[{\"@type\":\"WebPage\",\"@id\":\"https:\/\/www.soleacapital.com\/es\/filosofia\/\",\"url\":\"https:\/\/www.soleacapital.com\/es\/filosofia\/\",\"name\":\"Filosof\u00eda - Solea Capital\",\"isPartOf\":{\"@id\":\"https:\/\/www.soleacapital.com\/#website\"},\"primaryImageOfPage\":{\"@id\":\"https:\/\/www.soleacapital.com\/es\/filosofia\/#primaryimage\"},\"image\":{\"@id\":\"https:\/\/www.soleacapital.com\/es\/filosofia\/#primaryimage\"},\"thumbnailUrl\":\"https:\/\/www.soleacapital.com\/wp-content\/uploads\/2025\/04\/Philosophy-2-1200x1400.jpg\",\"datePublished\":\"2025-04-11T12:40:37+00:00\",\"dateModified\":\"2025-06-30T20:13:21+00:00\",\"breadcrumb\":{\"@id\":\"https:\/\/www.soleacapital.com\/es\/filosofia\/#breadcrumb\"},\"inLanguage\":\"es\",\"potentialAction\":[{\"@type\":\"ReadAction\",\"target\":[\"https:\/\/www.soleacapital.com\/es\/filosofia\/\"]}]},{\"@type\":\"ImageObject\",\"inLanguage\":\"es\",\"@id\":\"https:\/\/www.soleacapital.com\/es\/filosofia\/#primaryimage\",\"url\":\"https:\/\/www.soleacapital.com\/wp-content\/uploads\/2025\/04\/Philosophy-2-1200x1400.jpg\",\"contentUrl\":\"https:\/\/www.soleacapital.com\/wp-content\/uploads\/2025\/04\/Philosophy-2-1200x1400.jpg\"},{\"@type\":\"BreadcrumbList\",\"@id\":\"https:\/\/www.soleacapital.com\/es\/filosofia\/#breadcrumb\",\"itemListElement\":[{\"@type\":\"ListItem\",\"position\":1,\"name\":\"Home\",\"item\":\"https:\/\/www.soleacapital.com\/es\/\"},{\"@type\":\"ListItem\",\"position\":2,\"name\":\"Filosof\u00eda\"}]},{\"@type\":\"WebSite\",\"@id\":\"https:\/\/www.soleacapital.com\/#website\",\"url\":\"https:\/\/www.soleacapital.com\/\",\"name\":\"Solea Capital\",\"description\":\"\",\"potentialAction\":[{\"@type\":\"SearchAction\",\"target\":{\"@type\":\"EntryPoint\",\"urlTemplate\":\"https:\/\/www.soleacapital.com\/?s={search_term_string}\"},\"query-input\":{\"@type\":\"PropertyValueSpecification\",\"valueRequired\":true,\"valueName\":\"search_term_string\"}}],\"inLanguage\":\"es\"}]}<\/script>\n<!-- \/ Yoast SEO plugin. -->","yoast_head_json":{"title":"Filosof\u00eda - Solea Capital","robots":{"index":"index","follow":"follow","max-snippet":"max-snippet:-1","max-image-preview":"max-image-preview:large","max-video-preview":"max-video-preview:-1"},"canonical":"https:\/\/www.soleacapital.com\/es\/filosofia\/","og_locale":"es_ES","og_type":"article","og_title":"Filosof\u00eda - Solea Capital","og_description":"Nuestra Filosof\u00eda Un enfoque de inversi\u00f3n a la medida, transparente y participativo, basado en la larga experiencia de sus fundadores y alianzas estrat\u00e9gicas con el objetivo de generar valor duradero y crecimiento sostenible. En Solea Capital, adoptamos un enfoque de inversi\u00f3n personalizado y transparente, que permite seleccionar oportunidades individuales en lugar de invertir en un [&hellip;]","og_url":"https:\/\/www.soleacapital.com\/es\/filosofia\/","og_site_name":"Solea Capital","article_modified_time":"2025-06-30T20:13:21+00:00","og_image":[{"width":729,"height":846,"url":"https:\/\/www.soleacapital.com\/wp-content\/uploads\/2025\/04\/Philosophy-2.jpg","type":"image\/jpeg"}],"twitter_card":"summary_large_image","twitter_misc":{"Tiempo de lectura":"3 minutos"},"schema":{"@context":"https:\/\/schema.org","@graph":[{"@type":"WebPage","@id":"https:\/\/www.soleacapital.com\/es\/filosofia\/","url":"https:\/\/www.soleacapital.com\/es\/filosofia\/","name":"Filosof\u00eda - Solea Capital","isPartOf":{"@id":"https:\/\/www.soleacapital.com\/#website"},"primaryImageOfPage":{"@id":"https:\/\/www.soleacapital.com\/es\/filosofia\/#primaryimage"},"image":{"@id":"https:\/\/www.soleacapital.com\/es\/filosofia\/#primaryimage"},"thumbnailUrl":"https:\/\/www.soleacapital.com\/wp-content\/uploads\/2025\/04\/Philosophy-2-1200x1400.jpg","datePublished":"2025-04-11T12:40:37+00:00","dateModified":"2025-06-30T20:13:21+00:00","breadcrumb":{"@id":"https:\/\/www.soleacapital.com\/es\/filosofia\/#breadcrumb"},"inLanguage":"es","potentialAction":[{"@type":"ReadAction","target":["https:\/\/www.soleacapital.com\/es\/filosofia\/"]}]},{"@type":"ImageObject","inLanguage":"es","@id":"https:\/\/www.soleacapital.com\/es\/filosofia\/#primaryimage","url":"https:\/\/www.soleacapital.com\/wp-content\/uploads\/2025\/04\/Philosophy-2-1200x1400.jpg","contentUrl":"https:\/\/www.soleacapital.com\/wp-content\/uploads\/2025\/04\/Philosophy-2-1200x1400.jpg"},{"@type":"BreadcrumbList","@id":"https:\/\/www.soleacapital.com\/es\/filosofia\/#breadcrumb","itemListElement":[{"@type":"ListItem","position":1,"name":"Home","item":"https:\/\/www.soleacapital.com\/es\/"},{"@type":"ListItem","position":2,"name":"Filosof\u00eda"}]},{"@type":"WebSite","@id":"https:\/\/www.soleacapital.com\/#website","url":"https:\/\/www.soleacapital.com\/","name":"Solea Capital","description":"","potentialAction":[{"@type":"SearchAction","target":{"@type":"EntryPoint","urlTemplate":"https:\/\/www.soleacapital.com\/?s={search_term_string}"},"query-input":{"@type":"PropertyValueSpecification","valueRequired":true,"valueName":"search_term_string"}}],"inLanguage":"es"}]}},"_links":{"self":[{"href":"https:\/\/www.soleacapital.com\/es\/wp-json\/wp\/v2\/pages\/954","targetHints":{"allow":["GET"]}}],"collection":[{"href":"https:\/\/www.soleacapital.com\/es\/wp-json\/wp\/v2\/pages"}],"about":[{"href":"https:\/\/www.soleacapital.com\/es\/wp-json\/wp\/v2\/types\/page"}],"author":[{"embeddable":true,"href":"https:\/\/www.soleacapital.com\/es\/wp-json\/wp\/v2\/users\/2"}],"replies":[{"embeddable":true,"href":"https:\/\/www.soleacapital.com\/es\/wp-json\/wp\/v2\/comments?post=954"}],"version-history":[{"count":21,"href":"https:\/\/www.soleacapital.com\/es\/wp-json\/wp\/v2\/pages\/954\/revisions"}],"predecessor-version":[{"id":1044,"href":"https:\/\/www.soleacapital.com\/es\/wp-json\/wp\/v2\/pages\/954\/revisions\/1044"}],"wp:attachment":[{"href":"https:\/\/www.soleacapital.com\/es\/wp-json\/wp\/v2\/media?parent=954"}],"curies":[{"name":"wp","href":"https:\/\/api.w.org\/{rel}","templated":true}]}}