{"id":945,"date":"2025-04-11T08:40:20","date_gmt":"2025-04-11T12:40:20","guid":{"rendered":"https:\/\/www.soleacapital.com\/?page_id=945"},"modified":"2025-06-29T13:40:30","modified_gmt":"2025-06-29T17:40:30","slug":"quienes-somos","status":"publish","type":"page","link":"https:\/\/www.soleacapital.com\/es\/quienes-somos\/","title":{"rendered":"Qui\u00e9nes somos"},"content":{"rendered":"\t\t<div data-elementor-type=\"wp-page\" data-elementor-id=\"945\" class=\"elementor elementor-945 elementor-8\" data-elementor-post-type=\"page\">\n\t\t\t\t<div class=\"elementor-element elementor-element-47f17d4 e-con-full e-flex e-con e-parent\" data-id=\"47f17d4\" data-element_type=\"container\">\n\t\t\t\t<div class=\"elementor-element elementor-element-5feaf74 elementor-widget elementor-widget-soleacapital-banner\" data-id=\"5feaf74\" data-element_type=\"widget\" data-widget_type=\"soleacapital-banner.default\">\n\t\t\t\t<div class=\"elementor-widget-container\">\n\t\t\t\t\t        <div class=\"widget-header-banner\"\n            style=\"--sw-image-desktop: url('https:\/\/www.soleacapital.com\/wp-content\/uploads\/2025\/04\/header-about-desktop-2400x1096.jpg');\n                   --sw-image-mobile: url('https:\/\/www.soleacapital.com\/wp-content\/uploads\/2025\/04\/header-about-mobile.jpg');\">\n            <div class=\"container-xxl\">\n                <div class=\"row\">\n                    <div class=\"col-12 widget-header-banner__titles widget-header-banner__title--center col-lg-8 offset-lg-2\">\n                        <h1 class=\"widget-header-banner__title h1 widget-header-banner__title--underline\">\n                            Solea en pocas palabras                        <\/h1>\n                                            <\/div>\n                <\/div>\n                <div class=\"row\">\n                                            <div class=\"col-12 widget-header-banner__body widget-header-banner__body--right col-md-5 offset-md-6\">\n                            <p>Solea Capital es una firma de inversi\u00f3n independiente que combina capital privado y financiaci\u00f3n a la medida con una estrategia proactiva. La empresa se enfoca en oportunidades donde puede desempe\u00f1ar un papel activo y aplicar su larga experiencia operativa para generar valor a largo plazo, manteniendo al mismo tiempo un enfoque disciplinado en la gesti\u00f3n del riesgo y la asignaci\u00f3n del capital.<\/p>                        <\/div>\n                                    <\/div>\n            <\/div>\n        <\/div>\n        \t\t\t\t<\/div>\n\t\t\t\t<\/div>\n\t\t\t\t<\/div>\n\t\t<div class=\"elementor-element elementor-element-b7172a9 e-con-full e-flex e-con e-parent\" data-id=\"b7172a9\" data-element_type=\"container\">\n\t\t\t\t<div class=\"elementor-element elementor-element-d4613aa elementor-widget elementor-widget-soleacapital-image-text\" data-id=\"d4613aa\" data-element_type=\"widget\" data-widget_type=\"soleacapital-image-text.default\">\n\t\t\t\t<div class=\"elementor-widget-container\">\n\t\t\t\t\t        <div class=\"container-xxl\">\n            <div class=\"row row__image-text\">\n                <div class=\"col-12 col-md-6 offset-lg-1 col-lg-4 column-image position-negative\">\n                    <img fetchpriority=\"high\" decoding=\"async\" src=\"https:\/\/www.soleacapital.com\/wp-content\/uploads\/2025\/04\/About.jpg\" alt=\"\" width=\"729\" height=\"846\" class=\"align size-format-6-7 wp-image-100\" srcset=\"https:\/\/www.soleacapital.com\/wp-content\/uploads\/2025\/04\/About.jpg 729w, https:\/\/www.soleacapital.com\/wp-content\/uploads\/2025\/04\/About-400x464.jpg 400w\" sizes=\"(max-width: 729px) 100vw, 729px\" \/>                <\/div>\n                <div class=\"col-12 col-md-6 offset-lg-1 col-lg-5 column-text\">\n                    <p>En Solea participamos activamente en las operaciones y la gobernanza para liberar el talento de nuestros socios y generar valor a largo plazo superior al esperado por los mercados financieros tradicionales. Con un enfoque disciplinado en la gesti\u00f3n del riesgo y la inversi\u00f3n de capital, priorizamos el alineamiento de intereses, la colaboraci\u00f3n cercana y el crecimiento resiliente, asegurando un impacto significativo m\u00e1s all\u00e1 del rendimiento financiero.<\/p><p>Con un enfoque particular en empresas de peque\u00f1a y mediana capitalizaci\u00f3n, Solea busca situaciones en las que pueda involucrarse de manera significativa en las operaciones y la gobernanza.<br \/>Este enfoque se basa en la convicci\u00f3n de que el alineamiento de intereses y la colaboraci\u00f3n cercana conducen a resultados m\u00e1s s\u00f3lidos y exitosos a largo plazo.<\/p><p>Solea se centra principalmente en los sectores de <strong>energ\u00edas renovables<\/strong>, <strong>tecnolog\u00eda<\/strong> y <strong>bienes y servicios de lujo<\/strong>, al tiempo que mantiene una cartera diversificada con inversiones en otros sectores como telecomunicaciones, salud, entretenimiento, fintech, blockchain, transporte, viajes y alimentaci\u00f3n (\u201csnacking\u201d) en EE.UU., Am\u00e9rica Latina y Europa.<\/p>                <\/div>\n            <\/div>\n        <\/div>\n\t\t\t\t<\/div>\n\t\t\t\t<\/div>\n\t\t\t\t<\/div>\n\t\t<div class=\"elementor-element elementor-element-944b036 e-con-full e-flex e-con e-parent\" data-id=\"944b036\" data-element_type=\"container\">\n\t\t\t\t<div class=\"elementor-element elementor-element-ce13244 elementor-widget elementor-widget-soleacapital-team\" data-id=\"ce13244\" data-element_type=\"widget\" data-widget_type=\"soleacapital-team.default\">\n\t\t\t\t<div class=\"elementor-widget-container\">\n\t\t\t\t\t        <div class=\"container-xxl\">\n            \n    <div class=\"row\">\n        <div class=\"col-lg-10 offset-lg-1\">\n            <div class=\"row\">\n                <h2 class=\"h2 text-center mt-5 mb-5\">Nuestro equipo<\/h2>\n            <\/div>\n            <div class=\"row team-archive-all\">\n                                                        <div class=\"col-12 col-md-6 col-lg-4 team-member-card\">\n                        <a href=\"https:\/\/www.soleacapital.com\/es\/teams\/xavier-fernandez\/\" class=\"team-member-card__thumbnail\">\n                            <img decoding=\"async\" width=\"1110\" height=\"1289\" src=\"https:\/\/www.soleacapital.com\/wp-content\/uploads\/2025\/04\/Xavier-Fernandez-1.jpg\" class=\"attachment-format-6-7 size-format-6-7 wp-post-image\" alt=\"\" srcset=\"https:\/\/www.soleacapital.com\/wp-content\/uploads\/2025\/04\/Xavier-Fernandez-1.jpg 1110w, https:\/\/www.soleacapital.com\/wp-content\/uploads\/2025\/04\/Xavier-Fernandez-1-800x929.jpg 800w, https:\/\/www.soleacapital.com\/wp-content\/uploads\/2025\/04\/Xavier-Fernandez-1-768x892.jpg 768w, https:\/\/www.soleacapital.com\/wp-content\/uploads\/2025\/04\/Xavier-Fernandez-1-400x465.jpg 400w\" sizes=\"(max-width: 1110px) 100vw, 1110px\" \/>                        <\/a>\n                        <h3 class=\"team-member-card__name\">\n                            <a href=\"https:\/\/www.soleacapital.com\/es\/teams\/xavier-fernandez\/\">\n                                Xavier Fernandez                            <\/a>\n                        <\/h3>\n                        <h4 class=\"p team-member-card__role\">CEO, Fundador<\/h4>\n                        <p class=\"team-member-card__quote\">Transformar la complejidad en oportunidad<\/p>\n                        <div class=\"team-member-card__exceprt\">\n                            <p>Xavier es un emprendedor e inversor con amplia experiencia y una s\u00f3lida trayectoria en capital privado, estructuraci\u00f3n de operaciones y desarrollo empresarial en diversos sectores y mercados internacionales.<\/p>\n                        <\/div>\n                        <a href=\"https:\/\/www.soleacapital.com\/es\/teams\/xavier-fernandez\/\" class=\"button-arrow color-bourgogne mt-3\">\n                            <span class=\"button-arrow__wrap\">\n                            <\/span>\n                        <\/a>\n                    <\/div>\n                                                        <div class=\"col-12 col-md-6 col-lg-4 team-member-card\">\n                        <a href=\"https:\/\/www.soleacapital.com\/es\/teams\/slanie-fernandez\/\" class=\"team-member-card__thumbnail\">\n                            <img decoding=\"async\" width=\"1110\" height=\"1289\" src=\"https:\/\/www.soleacapital.com\/wp-content\/uploads\/2025\/04\/Slanie-Fernandez-1.jpg\" class=\"attachment-format-6-7 size-format-6-7 wp-post-image\" alt=\"\" srcset=\"https:\/\/www.soleacapital.com\/wp-content\/uploads\/2025\/04\/Slanie-Fernandez-1.jpg 1110w, https:\/\/www.soleacapital.com\/wp-content\/uploads\/2025\/04\/Slanie-Fernandez-1-800x929.jpg 800w, https:\/\/www.soleacapital.com\/wp-content\/uploads\/2025\/04\/Slanie-Fernandez-1-768x892.jpg 768w, https:\/\/www.soleacapital.com\/wp-content\/uploads\/2025\/04\/Slanie-Fernandez-1-400x465.jpg 400w\" sizes=\"(max-width: 1110px) 100vw, 1110px\" \/>                        <\/a>\n                        <h3 class=\"team-member-card__name\">\n                            <a href=\"https:\/\/www.soleacapital.com\/es\/teams\/slanie-fernandez\/\">\n                                Slanie Fernandez                            <\/a>\n                        <\/h3>\n                        <h4 class=\"p team-member-card__role\">COO, Cofundadora<\/h4>\n                        <p class=\"team-member-card__quote\">Convertir la visi\u00f3n en realidad<\/p>\n                        <div class=\"team-member-card__exceprt\">\n                            <p>Slanie lidera las operaciones y la supervisi\u00f3n financiera en Solea Capital, desempe\u00f1ando un papel clave en el crecimiento de la firma y la ejecuci\u00f3n de su estrategia.<\/p>\n                        <\/div>\n                        <a href=\"https:\/\/www.soleacapital.com\/es\/teams\/slanie-fernandez\/\" class=\"button-arrow color-bourgogne mt-3\">\n                            <span class=\"button-arrow__wrap\">\n                            <\/span>\n                        <\/a>\n                    <\/div>\n                                                        <div class=\"col-12 col-md-6 col-lg-4 team-member-card\">\n                        <a href=\"https:\/\/www.soleacapital.com\/es\/teams\/alex-kergall\/\" class=\"team-member-card__thumbnail\">\n                            <img loading=\"lazy\" decoding=\"async\" width=\"1110\" height=\"1289\" src=\"https:\/\/www.soleacapital.com\/wp-content\/uploads\/2025\/04\/Alex-Kergall-1.jpg\" class=\"attachment-format-6-7 size-format-6-7 wp-post-image\" alt=\"\" srcset=\"https:\/\/www.soleacapital.com\/wp-content\/uploads\/2025\/04\/Alex-Kergall-1.jpg 1110w, https:\/\/www.soleacapital.com\/wp-content\/uploads\/2025\/04\/Alex-Kergall-1-800x929.jpg 800w, https:\/\/www.soleacapital.com\/wp-content\/uploads\/2025\/04\/Alex-Kergall-1-768x892.jpg 768w, https:\/\/www.soleacapital.com\/wp-content\/uploads\/2025\/04\/Alex-Kergall-1-400x465.jpg 400w\" sizes=\"(max-width: 1110px) 100vw, 1110px\" \/>                        <\/a>\n                        <h3 class=\"team-member-card__name\">\n                            <a href=\"https:\/\/www.soleacapital.com\/es\/teams\/alex-kergall\/\">\n                                Alex Kergall                            <\/a>\n                        <\/h3>\n                        <h4 class=\"p team-member-card__role\">Responsable de Estructuraci\u00f3n \u2013 Rendimiento Humano<\/h4>\n                        <p class=\"team-member-card__quote\">Transformar los desaf\u00edos en palancas de crecimiento<\/p>\n                        <div class=\"team-member-card__exceprt\">\n                            <p>Alex Kergall es coach en alto rendimiento con experiencia en liderazgo, desarrollo estrat\u00e9gico y escalamiento empresarial. Aporta a Solea Capital una doble competencia en estructuraci\u00f3n financiera y desarrollo ejecutivo.<\/p>\n                        <\/div>\n                        <a href=\"https:\/\/www.soleacapital.com\/es\/teams\/alex-kergall\/\" class=\"button-arrow color-bourgogne mt-3\">\n                            <span class=\"button-arrow__wrap\">\n                            <\/span>\n                        <\/a>\n                    <\/div>\n                                                        <div class=\"col-12 col-md-6 col-lg-4 team-member-card\">\n                        <a href=\"https:\/\/www.soleacapital.com\/es\/teams\/regis-kisvel\/\" class=\"team-member-card__thumbnail\">\n                            <img loading=\"lazy\" decoding=\"async\" width=\"1200\" height=\"1400\" src=\"https:\/\/www.soleacapital.com\/wp-content\/uploads\/2025\/04\/Regis-Kisvel-2-1200x1400.jpg\" class=\"attachment-format-6-7 size-format-6-7 wp-post-image\" alt=\"\" \/>                        <\/a>\n                        <h3 class=\"team-member-card__name\">\n                            <a href=\"https:\/\/www.soleacapital.com\/es\/teams\/regis-kisvel\/\">\n                                Regis Kisvel                            <\/a>\n                        <\/h3>\n                        <h4 class=\"p team-member-card__role\">Asesor Principal de Relaciones Estrat\u00e9gicas<\/h4>\n                        <p class=\"team-member-card__quote\">Conectar inversores con proyectos de alto potencial\u00a0<\/p>\n                        <div class=\"team-member-card__exceprt\">\n                            <p>Regis Kisvel es un asesor financiero y corredor con m\u00e1s de 25 a\u00f1os de experiencia en gesti\u00f3n patrimonial, capital privado y finanzas internacionales.<\/p>\n                        <\/div>\n                        <a href=\"https:\/\/www.soleacapital.com\/es\/teams\/regis-kisvel\/\" class=\"button-arrow color-bourgogne mt-3\">\n                            <span class=\"button-arrow__wrap\">\n                            <\/span>\n                        <\/a>\n                    <\/div>\n                                            <\/div>\n        <\/div>\n    <\/div>\n        <\/div>\n\t\t\t\t<\/div>\n\t\t\t\t<\/div>\n\t\t\t\t<\/div>\n\t\t\t\t<\/div>\n\t\t","protected":false},"excerpt":{"rendered":"<p>Solea en pocas palabras Solea Capital es una firma de inversi\u00f3n independiente que combina capital privado y financiaci\u00f3n a la medida con una estrategia proactiva. La empresa se enfoca en oportunidades donde puede desempe\u00f1ar un papel activo y aplicar su larga experiencia operativa para generar valor a largo plazo, manteniendo al mismo tiempo un enfoque [&hellip;]<\/p>\n","protected":false},"author":2,"featured_media":0,"parent":0,"menu_order":0,"comment_status":"closed","ping_status":"closed","template":"","meta":{"_acf_changed":false,"footnotes":""},"class_list":["post-945","page","type-page","status-publish","hentry"],"acf":[],"yoast_head":"<!-- This site is optimized with the Yoast SEO plugin v25.4 - https:\/\/yoast.com\/wordpress\/plugins\/seo\/ -->\n<title>Qui\u00e9nes somos - Solea Capital<\/title>\n<meta name=\"robots\" content=\"index, follow, max-snippet:-1, max-image-preview:large, max-video-preview:-1\" \/>\n<link rel=\"canonical\" href=\"https:\/\/www.soleacapital.com\/es\/quienes-somos\/\" \/>\n<meta property=\"og:locale\" content=\"es_ES\" \/>\n<meta property=\"og:type\" content=\"article\" \/>\n<meta property=\"og:title\" content=\"Qui\u00e9nes somos - Solea Capital\" \/>\n<meta property=\"og:description\" content=\"Solea en pocas palabras Solea Capital es una firma de inversi\u00f3n independiente que combina capital privado y financiaci\u00f3n a la medida con una estrategia proactiva. La empresa se enfoca en oportunidades donde puede desempe\u00f1ar un papel activo y aplicar su larga experiencia operativa para generar valor a largo plazo, manteniendo al mismo tiempo un enfoque [&hellip;]\" \/>\n<meta property=\"og:url\" content=\"https:\/\/www.soleacapital.com\/es\/quienes-somos\/\" \/>\n<meta property=\"og:site_name\" content=\"Solea Capital\" \/>\n<meta property=\"article:modified_time\" content=\"2025-06-29T17:40:30+00:00\" \/>\n<meta property=\"og:image\" content=\"https:\/\/www.soleacapital.com\/wp-content\/uploads\/2025\/04\/About.jpg\" \/>\n\t<meta property=\"og:image:width\" content=\"729\" \/>\n\t<meta property=\"og:image:height\" content=\"846\" \/>\n\t<meta property=\"og:image:type\" content=\"image\/jpeg\" \/>\n<meta name=\"twitter:card\" content=\"summary_large_image\" \/>\n<meta name=\"twitter:label1\" content=\"Tiempo de lectura\" \/>\n\t<meta name=\"twitter:data1\" content=\"5 minutos\" \/>\n<script type=\"application\/ld+json\" class=\"yoast-schema-graph\">{\"@context\":\"https:\/\/schema.org\",\"@graph\":[{\"@type\":\"WebPage\",\"@id\":\"https:\/\/www.soleacapital.com\/es\/quienes-somos\/\",\"url\":\"https:\/\/www.soleacapital.com\/es\/quienes-somos\/\",\"name\":\"Qui\u00e9nes somos - Solea Capital\",\"isPartOf\":{\"@id\":\"https:\/\/www.soleacapital.com\/#website\"},\"primaryImageOfPage\":{\"@id\":\"https:\/\/www.soleacapital.com\/es\/quienes-somos\/#primaryimage\"},\"image\":{\"@id\":\"https:\/\/www.soleacapital.com\/es\/quienes-somos\/#primaryimage\"},\"thumbnailUrl\":\"https:\/\/www.soleacapital.com\/wp-content\/uploads\/2025\/04\/About.jpg\",\"datePublished\":\"2025-04-11T12:40:20+00:00\",\"dateModified\":\"2025-06-29T17:40:30+00:00\",\"breadcrumb\":{\"@id\":\"https:\/\/www.soleacapital.com\/es\/quienes-somos\/#breadcrumb\"},\"inLanguage\":\"es\",\"potentialAction\":[{\"@type\":\"ReadAction\",\"target\":[\"https:\/\/www.soleacapital.com\/es\/quienes-somos\/\"]}]},{\"@type\":\"ImageObject\",\"inLanguage\":\"es\",\"@id\":\"https:\/\/www.soleacapital.com\/es\/quienes-somos\/#primaryimage\",\"url\":\"https:\/\/www.soleacapital.com\/wp-content\/uploads\/2025\/04\/About.jpg\",\"contentUrl\":\"https:\/\/www.soleacapital.com\/wp-content\/uploads\/2025\/04\/About.jpg\"},{\"@type\":\"BreadcrumbList\",\"@id\":\"https:\/\/www.soleacapital.com\/es\/quienes-somos\/#breadcrumb\",\"itemListElement\":[{\"@type\":\"ListItem\",\"position\":1,\"name\":\"Home\",\"item\":\"https:\/\/www.soleacapital.com\/es\/\"},{\"@type\":\"ListItem\",\"position\":2,\"name\":\"Qui\u00e9nes somos\"}]},{\"@type\":\"WebSite\",\"@id\":\"https:\/\/www.soleacapital.com\/#website\",\"url\":\"https:\/\/www.soleacapital.com\/\",\"name\":\"Solea Capital\",\"description\":\"\",\"potentialAction\":[{\"@type\":\"SearchAction\",\"target\":{\"@type\":\"EntryPoint\",\"urlTemplate\":\"https:\/\/www.soleacapital.com\/?s={search_term_string}\"},\"query-input\":{\"@type\":\"PropertyValueSpecification\",\"valueRequired\":true,\"valueName\":\"search_term_string\"}}],\"inLanguage\":\"es\"}]}<\/script>\n<!-- \/ Yoast SEO plugin. -->","yoast_head_json":{"title":"Qui\u00e9nes somos - Solea Capital","robots":{"index":"index","follow":"follow","max-snippet":"max-snippet:-1","max-image-preview":"max-image-preview:large","max-video-preview":"max-video-preview:-1"},"canonical":"https:\/\/www.soleacapital.com\/es\/quienes-somos\/","og_locale":"es_ES","og_type":"article","og_title":"Qui\u00e9nes somos - Solea Capital","og_description":"Solea en pocas palabras Solea Capital es una firma de inversi\u00f3n independiente que combina capital privado y financiaci\u00f3n a la medida con una estrategia proactiva. La empresa se enfoca en oportunidades donde puede desempe\u00f1ar un papel activo y aplicar su larga experiencia operativa para generar valor a largo plazo, manteniendo al mismo tiempo un enfoque [&hellip;]","og_url":"https:\/\/www.soleacapital.com\/es\/quienes-somos\/","og_site_name":"Solea Capital","article_modified_time":"2025-06-29T17:40:30+00:00","og_image":[{"width":729,"height":846,"url":"https:\/\/www.soleacapital.com\/wp-content\/uploads\/2025\/04\/About.jpg","type":"image\/jpeg"}],"twitter_card":"summary_large_image","twitter_misc":{"Tiempo de lectura":"5 minutos"},"schema":{"@context":"https:\/\/schema.org","@graph":[{"@type":"WebPage","@id":"https:\/\/www.soleacapital.com\/es\/quienes-somos\/","url":"https:\/\/www.soleacapital.com\/es\/quienes-somos\/","name":"Qui\u00e9nes somos - Solea Capital","isPartOf":{"@id":"https:\/\/www.soleacapital.com\/#website"},"primaryImageOfPage":{"@id":"https:\/\/www.soleacapital.com\/es\/quienes-somos\/#primaryimage"},"image":{"@id":"https:\/\/www.soleacapital.com\/es\/quienes-somos\/#primaryimage"},"thumbnailUrl":"https:\/\/www.soleacapital.com\/wp-content\/uploads\/2025\/04\/About.jpg","datePublished":"2025-04-11T12:40:20+00:00","dateModified":"2025-06-29T17:40:30+00:00","breadcrumb":{"@id":"https:\/\/www.soleacapital.com\/es\/quienes-somos\/#breadcrumb"},"inLanguage":"es","potentialAction":[{"@type":"ReadAction","target":["https:\/\/www.soleacapital.com\/es\/quienes-somos\/"]}]},{"@type":"ImageObject","inLanguage":"es","@id":"https:\/\/www.soleacapital.com\/es\/quienes-somos\/#primaryimage","url":"https:\/\/www.soleacapital.com\/wp-content\/uploads\/2025\/04\/About.jpg","contentUrl":"https:\/\/www.soleacapital.com\/wp-content\/uploads\/2025\/04\/About.jpg"},{"@type":"BreadcrumbList","@id":"https:\/\/www.soleacapital.com\/es\/quienes-somos\/#breadcrumb","itemListElement":[{"@type":"ListItem","position":1,"name":"Home","item":"https:\/\/www.soleacapital.com\/es\/"},{"@type":"ListItem","position":2,"name":"Qui\u00e9nes somos"}]},{"@type":"WebSite","@id":"https:\/\/www.soleacapital.com\/#website","url":"https:\/\/www.soleacapital.com\/","name":"Solea Capital","description":"","potentialAction":[{"@type":"SearchAction","target":{"@type":"EntryPoint","urlTemplate":"https:\/\/www.soleacapital.com\/?s={search_term_string}"},"query-input":{"@type":"PropertyValueSpecification","valueRequired":true,"valueName":"search_term_string"}}],"inLanguage":"es"}]}},"_links":{"self":[{"href":"https:\/\/www.soleacapital.com\/es\/wp-json\/wp\/v2\/pages\/945","targetHints":{"allow":["GET"]}}],"collection":[{"href":"https:\/\/www.soleacapital.com\/es\/wp-json\/wp\/v2\/pages"}],"about":[{"href":"https:\/\/www.soleacapital.com\/es\/wp-json\/wp\/v2\/types\/page"}],"author":[{"embeddable":true,"href":"https:\/\/www.soleacapital.com\/es\/wp-json\/wp\/v2\/users\/2"}],"replies":[{"embeddable":true,"href":"https:\/\/www.soleacapital.com\/es\/wp-json\/wp\/v2\/comments?post=945"}],"version-history":[{"count":4,"href":"https:\/\/www.soleacapital.com\/es\/wp-json\/wp\/v2\/pages\/945\/revisions"}],"predecessor-version":[{"id":949,"href":"https:\/\/www.soleacapital.com\/es\/wp-json\/wp\/v2\/pages\/945\/revisions\/949"}],"wp:attachment":[{"href":"https:\/\/www.soleacapital.com\/es\/wp-json\/wp\/v2\/media?parent=945"}],"curies":[{"name":"wp","href":"https:\/\/api.w.org\/{rel}","templated":true}]}}