{"id":939,"date":"2025-04-11T12:25:17","date_gmt":"2025-04-11T16:25:17","guid":{"rendered":"https:\/\/www.soleacapital.com\/?page_id=939"},"modified":"2025-06-30T04:22:58","modified_gmt":"2025-06-30T08:22:58","slug":"pagina-de-inicio","status":"publish","type":"page","link":"https:\/\/www.soleacapital.com\/es\/","title":{"rendered":"P\u00e1gina de inicio"},"content":{"rendered":"\t\t<div data-elementor-type=\"wp-page\" data-elementor-id=\"939\" class=\"elementor elementor-939 elementor-2\" data-elementor-post-type=\"page\">\n\t\t\t\t<div class=\"elementor-element elementor-element-40ed38da e-con-full e-flex e-con e-parent\" data-id=\"40ed38da\" data-element_type=\"container\">\n\t\t\t\t<div class=\"elementor-element elementor-element-b44e01f elementor-widget elementor-widget-soleacapital-billboard\" data-id=\"b44e01f\" data-element_type=\"widget\" data-widget_type=\"soleacapital-billboard.default\">\n\t\t\t\t<div class=\"elementor-widget-container\">\n\t\t\t\t\t        <div class=\"widget-billboard\"\n                style=\"--sw-image-desktop: url('https:\/\/www.soleacapital.com\/wp-content\/uploads\/2025\/04\/Hero-desktop-2400x1525.jpg');\n                   --sw-image-mobile: url('https:\/\/www.soleacapital.com\/wp-content\/uploads\/2025\/04\/Hero-mobile.jpg');\">\n            <div class=\"widget-billboard__container\">\n                                    <h1 class=\"widget-billboard__title display\">\n                        Capital estrat\u00e9gico<br \/>\nDimensi\u00f3n humana<br \/>\nCrecimiento sostenible                    <\/h1>\n                                                    <h2 class=\"widget-billboard__surtitle p\">\n                        Una firma de capital privado independiente con respaldo familiar                    <\/h2>\n                            <\/div>\n        <\/div>\n        \t\t\t\t<\/div>\n\t\t\t\t<\/div>\n\t\t\t\t<\/div>\n\t\t<div class=\"elementor-element elementor-element-7d662d6 container-xxl-bs e-flex e-con-boxed e-con e-parent\" data-id=\"7d662d6\" data-element_type=\"container\">\n\t\t\t\t\t<div class=\"e-con-inner\">\n\t\t<div class=\"elementor-element elementor-element-311ec85 e-con-full col-12 col-md-10 offset-md-1 col-lg-8 offset-lg-2 e-flex e-con e-child\" data-id=\"311ec85\" data-element_type=\"container\">\n\t\t\t\t<div class=\"elementor-element elementor-element-30556ef col-6 elementor-widget elementor-widget-text-editor\" data-id=\"30556ef\" data-element_type=\"widget\" data-widget_type=\"text-editor.default\">\n\t\t\t\t<div class=\"elementor-widget-container\">\n\t\t\t\t\t\t\t\t\t<h2 class=\"h3 mb-3\"><b>Nuestra <\/b><b>filosof\u00eda<\/b><\/h2>\n<a class=\"small\" href=\"https:\/\/www.soleacapital.com\/philosophy\/\">DESCUBRA<\/a>\t\t\t\t\t\t\t\t<\/div>\n\t\t\t\t<\/div>\n\t\t\t\t<div class=\"elementor-element elementor-element-daea6bb col-6 elementor-widget elementor-widget-image\" data-id=\"daea6bb\" data-element_type=\"widget\" data-widget_type=\"image.default\">\n\t\t\t\t<div class=\"elementor-widget-container\">\n\t\t\t\t\t\t\t\t\t\t\t\t\t\t\t<img fetchpriority=\"high\" decoding=\"async\" width=\"1024\" height=\"865\" src=\"https:\/\/www.soleacapital.com\/wp-content\/uploads\/2025\/04\/philosophy-1-1600x1352.jpg\" class=\"attachment-large size-large wp-image-304\" alt=\"\" srcset=\"https:\/\/www.soleacapital.com\/wp-content\/uploads\/2025\/04\/philosophy-1-1600x1352.jpg 1600w, https:\/\/www.soleacapital.com\/wp-content\/uploads\/2025\/04\/philosophy-1-800x676.jpg 800w, https:\/\/www.soleacapital.com\/wp-content\/uploads\/2025\/04\/philosophy-1-768x649.jpg 768w, https:\/\/www.soleacapital.com\/wp-content\/uploads\/2025\/04\/philosophy-1-1536x1298.jpg 1536w, https:\/\/www.soleacapital.com\/wp-content\/uploads\/2025\/04\/philosophy-1-400x338.jpg 400w, https:\/\/www.soleacapital.com\/wp-content\/uploads\/2025\/04\/philosophy-1.jpg 1988w\" sizes=\"(max-width: 1024px) 100vw, 1024px\" \/>\t\t\t\t\t\t\t\t\t\t\t\t\t\t\t<\/div>\n\t\t\t\t<\/div>\n\t\t\t\t<\/div>\n\t\t<div class=\"elementor-element elementor-element-a391d49 e-con-full col-12 col-md-10 offset-md-1 col-lg-8 offset-lg-2 e-flex e-con e-child\" data-id=\"a391d49\" data-element_type=\"container\">\n\t\t\t\t<div class=\"elementor-element elementor-element-6e23bc2 col-6 elementor-widget elementor-widget-text-editor\" data-id=\"6e23bc2\" data-element_type=\"widget\" data-widget_type=\"text-editor.default\">\n\t\t\t\t<div class=\"elementor-widget-container\">\n\t\t\t\t\t\t\t\t\t<h2 class=\"h3 mb-3\"><b>Estrategia<\/b><b> de <\/b><b>inversi\u00f3n<\/b><\/h2>\n<a class=\"small\" href=\"https:\/\/www.soleacapital.com\/strategy\/\">DESCUBRA<\/a>\t\t\t\t\t\t\t\t<\/div>\n\t\t\t\t<\/div>\n\t\t\t\t<div class=\"elementor-element elementor-element-6952bd4 col-6 elementor-widget elementor-widget-image\" data-id=\"6952bd4\" data-element_type=\"widget\" data-widget_type=\"image.default\">\n\t\t\t\t<div class=\"elementor-widget-container\">\n\t\t\t\t\t\t\t\t\t\t\t\t\t\t\t<img decoding=\"async\" width=\"1024\" height=\"865\" src=\"https:\/\/www.soleacapital.com\/wp-content\/uploads\/2025\/04\/investment-strategy-1-1600x1352.jpg\" class=\"attachment-large size-large wp-image-297\" alt=\"\" srcset=\"https:\/\/www.soleacapital.com\/wp-content\/uploads\/2025\/04\/investment-strategy-1-1600x1352.jpg 1600w, https:\/\/www.soleacapital.com\/wp-content\/uploads\/2025\/04\/investment-strategy-1-800x676.jpg 800w, https:\/\/www.soleacapital.com\/wp-content\/uploads\/2025\/04\/investment-strategy-1-768x649.jpg 768w, https:\/\/www.soleacapital.com\/wp-content\/uploads\/2025\/04\/investment-strategy-1-1536x1298.jpg 1536w, https:\/\/www.soleacapital.com\/wp-content\/uploads\/2025\/04\/investment-strategy-1-400x338.jpg 400w, https:\/\/www.soleacapital.com\/wp-content\/uploads\/2025\/04\/investment-strategy-1.jpg 1988w\" sizes=\"(max-width: 1024px) 100vw, 1024px\" \/>\t\t\t\t\t\t\t\t\t\t\t\t\t\t\t<\/div>\n\t\t\t\t<\/div>\n\t\t\t\t<\/div>\n\t\t<div class=\"elementor-element elementor-element-5131a8a e-con-full col-12 col-md-10 offset-md-1 col-lg-8 offset-lg-2 e-flex e-con e-child\" data-id=\"5131a8a\" data-element_type=\"container\">\n\t\t\t\t<div class=\"elementor-element elementor-element-ecbb55a col-6 elementor-widget elementor-widget-text-editor\" data-id=\"ecbb55a\" data-element_type=\"widget\" data-widget_type=\"text-editor.default\">\n\t\t\t\t<div class=\"elementor-widget-container\">\n\t\t\t\t\t\t\t\t\t<h2 class=\"h3 mb-3\"><b>Nuestro<\/b> <b>equipo<\/b><\/h2>\n<a class=\"small\" href=\"https:\/\/www.soleacapital.com\/about-us\/\">DESCUBRA<\/a>\t\t\t\t\t\t\t\t<\/div>\n\t\t\t\t<\/div>\n\t\t\t\t<div class=\"elementor-element elementor-element-7360819 col-6 elementor-widget elementor-widget-image\" data-id=\"7360819\" data-element_type=\"widget\" data-widget_type=\"image.default\">\n\t\t\t\t<div class=\"elementor-widget-container\">\n\t\t\t\t\t\t\t\t\t\t\t\t\t\t\t<img decoding=\"async\" width=\"1024\" height=\"865\" src=\"https:\/\/www.soleacapital.com\/wp-content\/uploads\/2025\/04\/our-team-1-1600x1352.jpg\" class=\"attachment-large size-large wp-image-301\" alt=\"\" srcset=\"https:\/\/www.soleacapital.com\/wp-content\/uploads\/2025\/04\/our-team-1-1600x1352.jpg 1600w, https:\/\/www.soleacapital.com\/wp-content\/uploads\/2025\/04\/our-team-1-800x676.jpg 800w, https:\/\/www.soleacapital.com\/wp-content\/uploads\/2025\/04\/our-team-1-768x649.jpg 768w, https:\/\/www.soleacapital.com\/wp-content\/uploads\/2025\/04\/our-team-1-1536x1298.jpg 1536w, https:\/\/www.soleacapital.com\/wp-content\/uploads\/2025\/04\/our-team-1-400x338.jpg 400w, https:\/\/www.soleacapital.com\/wp-content\/uploads\/2025\/04\/our-team-1.jpg 1988w\" sizes=\"(max-width: 1024px) 100vw, 1024px\" \/>\t\t\t\t\t\t\t\t\t\t\t\t\t\t\t<\/div>\n\t\t\t\t<\/div>\n\t\t\t\t<\/div>\n\t\t<div class=\"elementor-element elementor-element-cd48c4a e-con-full col-12 col-md-10 offset-md-1 col-lg-8 offset-lg-2 e-flex e-con e-child\" data-id=\"cd48c4a\" data-element_type=\"container\">\n\t\t\t\t<div class=\"elementor-element elementor-element-8d72b86 col-6 elementor-widget elementor-widget-text-editor\" data-id=\"8d72b86\" data-element_type=\"widget\" data-widget_type=\"text-editor.default\">\n\t\t\t\t<div class=\"elementor-widget-container\">\n\t\t\t\t\t\t\t\t\t<h2 class=\"h3 mb-3\">Nuestro portafolio<\/h2>\n<a class=\"small\" href=\"https:\/\/www.soleacapital.com\/portfolio\/\">DESCUBRA<\/a>\t\t\t\t\t\t\t\t<\/div>\n\t\t\t\t<\/div>\n\t\t\t\t<div class=\"elementor-element elementor-element-8823499 col-6 elementor-widget elementor-widget-image\" data-id=\"8823499\" data-element_type=\"widget\" data-widget_type=\"image.default\">\n\t\t\t\t<div class=\"elementor-widget-container\">\n\t\t\t\t\t\t\t\t\t\t\t\t\t\t\t<img loading=\"lazy\" decoding=\"async\" width=\"1024\" height=\"865\" src=\"https:\/\/www.soleacapital.com\/wp-content\/uploads\/2025\/04\/portfolio-1-1600x1352.jpg\" class=\"attachment-large size-large wp-image-307\" alt=\"\" srcset=\"https:\/\/www.soleacapital.com\/wp-content\/uploads\/2025\/04\/portfolio-1-1600x1352.jpg 1600w, https:\/\/www.soleacapital.com\/wp-content\/uploads\/2025\/04\/portfolio-1-800x676.jpg 800w, https:\/\/www.soleacapital.com\/wp-content\/uploads\/2025\/04\/portfolio-1-768x649.jpg 768w, https:\/\/www.soleacapital.com\/wp-content\/uploads\/2025\/04\/portfolio-1-1536x1298.jpg 1536w, https:\/\/www.soleacapital.com\/wp-content\/uploads\/2025\/04\/portfolio-1-400x338.jpg 400w, https:\/\/www.soleacapital.com\/wp-content\/uploads\/2025\/04\/portfolio-1.jpg 1988w\" sizes=\"(max-width: 1024px) 100vw, 1024px\" \/>\t\t\t\t\t\t\t\t\t\t\t\t\t\t\t<\/div>\n\t\t\t\t<\/div>\n\t\t\t\t<\/div>\n\t\t\t\t\t<\/div>\n\t\t\t\t<\/div>\n\t\t\t\t<\/div>\n\t\t","protected":false},"excerpt":{"rendered":"<p>Capital estrat\u00e9gico Dimensi\u00f3n humana Crecimiento sostenible Una firma de capital privado independiente con respaldo familiar Nuestra filosof\u00eda DESCUBRA Estrategia de inversi\u00f3n DESCUBRA Nuestro equipo DESCUBRA Nuestro portafolio DESCUBRA<\/p>\n","protected":false},"author":2,"featured_media":0,"parent":0,"menu_order":0,"comment_status":"closed","ping_status":"closed","template":"","meta":{"_acf_changed":false,"footnotes":""},"class_list":["post-939","page","type-page","status-publish","hentry"],"acf":[],"yoast_head":"<!-- This site is optimized with the Yoast SEO plugin v25.4 - https:\/\/yoast.com\/wordpress\/plugins\/seo\/ -->\n<title>P\u00e1gina de inicio - Solea Capital<\/title>\n<meta name=\"robots\" content=\"index, follow, max-snippet:-1, max-image-preview:large, max-video-preview:-1\" \/>\n<link rel=\"canonical\" href=\"https:\/\/www.soleacapital.com\/es\/\" \/>\n<meta property=\"og:locale\" content=\"es_ES\" \/>\n<meta property=\"og:type\" content=\"article\" \/>\n<meta property=\"og:title\" content=\"P\u00e1gina de inicio - Solea Capital\" \/>\n<meta property=\"og:description\" content=\"Capital estrat\u00e9gico Dimensi\u00f3n humana Crecimiento sostenible Una firma de capital privado independiente con respaldo familiar Nuestra filosof\u00eda DESCUBRA Estrategia de inversi\u00f3n DESCUBRA Nuestro equipo DESCUBRA Nuestro portafolio DESCUBRA\" \/>\n<meta property=\"og:url\" content=\"https:\/\/www.soleacapital.com\/es\/\" \/>\n<meta property=\"og:site_name\" content=\"Solea Capital\" \/>\n<meta property=\"article:modified_time\" content=\"2025-06-30T08:22:58+00:00\" \/>\n<meta property=\"og:image\" content=\"https:\/\/www.soleacapital.com\/wp-content\/uploads\/2025\/04\/philosophy-1.jpg\" \/>\n\t<meta property=\"og:image:width\" content=\"1988\" \/>\n\t<meta property=\"og:image:height\" content=\"1680\" \/>\n\t<meta property=\"og:image:type\" content=\"image\/jpeg\" \/>\n<meta name=\"twitter:card\" content=\"summary_large_image\" \/>\n<meta name=\"twitter:label1\" content=\"Tiempo de lectura\" \/>\n\t<meta name=\"twitter:data1\" content=\"1 minuto\" \/>\n<script type=\"application\/ld+json\" class=\"yoast-schema-graph\">{\"@context\":\"https:\/\/schema.org\",\"@graph\":[{\"@type\":\"WebPage\",\"@id\":\"https:\/\/www.soleacapital.com\/es\/\",\"url\":\"https:\/\/www.soleacapital.com\/es\/\",\"name\":\"P\u00e1gina de inicio - Solea Capital\",\"isPartOf\":{\"@id\":\"https:\/\/www.soleacapital.com\/#website\"},\"primaryImageOfPage\":{\"@id\":\"https:\/\/www.soleacapital.com\/es\/#primaryimage\"},\"image\":{\"@id\":\"https:\/\/www.soleacapital.com\/es\/#primaryimage\"},\"thumbnailUrl\":\"https:\/\/www.soleacapital.com\/wp-content\/uploads\/2025\/04\/philosophy-1-1600x1352.jpg\",\"datePublished\":\"2025-04-11T16:25:17+00:00\",\"dateModified\":\"2025-06-30T08:22:58+00:00\",\"breadcrumb\":{\"@id\":\"https:\/\/www.soleacapital.com\/es\/#breadcrumb\"},\"inLanguage\":\"es\",\"potentialAction\":[{\"@type\":\"ReadAction\",\"target\":[\"https:\/\/www.soleacapital.com\/es\/\"]}]},{\"@type\":\"ImageObject\",\"inLanguage\":\"es\",\"@id\":\"https:\/\/www.soleacapital.com\/es\/#primaryimage\",\"url\":\"https:\/\/www.soleacapital.com\/wp-content\/uploads\/2025\/04\/philosophy-1-1600x1352.jpg\",\"contentUrl\":\"https:\/\/www.soleacapital.com\/wp-content\/uploads\/2025\/04\/philosophy-1-1600x1352.jpg\"},{\"@type\":\"BreadcrumbList\",\"@id\":\"https:\/\/www.soleacapital.com\/es\/#breadcrumb\",\"itemListElement\":[{\"@type\":\"ListItem\",\"position\":1,\"name\":\"Home\",\"item\":\"https:\/\/www.soleacapital.com\/es\/\"},{\"@type\":\"ListItem\",\"position\":2,\"name\":\"P\u00e1gina de inicio\"}]},{\"@type\":\"WebSite\",\"@id\":\"https:\/\/www.soleacapital.com\/#website\",\"url\":\"https:\/\/www.soleacapital.com\/\",\"name\":\"Solea Capital\",\"description\":\"\",\"potentialAction\":[{\"@type\":\"SearchAction\",\"target\":{\"@type\":\"EntryPoint\",\"urlTemplate\":\"https:\/\/www.soleacapital.com\/?s={search_term_string}\"},\"query-input\":{\"@type\":\"PropertyValueSpecification\",\"valueRequired\":true,\"valueName\":\"search_term_string\"}}],\"inLanguage\":\"es\"}]}<\/script>\n<!-- \/ Yoast SEO plugin. -->","yoast_head_json":{"title":"P\u00e1gina de inicio - Solea Capital","robots":{"index":"index","follow":"follow","max-snippet":"max-snippet:-1","max-image-preview":"max-image-preview:large","max-video-preview":"max-video-preview:-1"},"canonical":"https:\/\/www.soleacapital.com\/es\/","og_locale":"es_ES","og_type":"article","og_title":"P\u00e1gina de inicio - Solea Capital","og_description":"Capital estrat\u00e9gico Dimensi\u00f3n humana Crecimiento sostenible Una firma de capital privado independiente con respaldo familiar Nuestra filosof\u00eda DESCUBRA Estrategia de inversi\u00f3n DESCUBRA Nuestro equipo DESCUBRA Nuestro portafolio DESCUBRA","og_url":"https:\/\/www.soleacapital.com\/es\/","og_site_name":"Solea Capital","article_modified_time":"2025-06-30T08:22:58+00:00","og_image":[{"width":1988,"height":1680,"url":"https:\/\/www.soleacapital.com\/wp-content\/uploads\/2025\/04\/philosophy-1.jpg","type":"image\/jpeg"}],"twitter_card":"summary_large_image","twitter_misc":{"Tiempo de lectura":"1 minuto"},"schema":{"@context":"https:\/\/schema.org","@graph":[{"@type":"WebPage","@id":"https:\/\/www.soleacapital.com\/es\/","url":"https:\/\/www.soleacapital.com\/es\/","name":"P\u00e1gina de inicio - Solea Capital","isPartOf":{"@id":"https:\/\/www.soleacapital.com\/#website"},"primaryImageOfPage":{"@id":"https:\/\/www.soleacapital.com\/es\/#primaryimage"},"image":{"@id":"https:\/\/www.soleacapital.com\/es\/#primaryimage"},"thumbnailUrl":"https:\/\/www.soleacapital.com\/wp-content\/uploads\/2025\/04\/philosophy-1-1600x1352.jpg","datePublished":"2025-04-11T16:25:17+00:00","dateModified":"2025-06-30T08:22:58+00:00","breadcrumb":{"@id":"https:\/\/www.soleacapital.com\/es\/#breadcrumb"},"inLanguage":"es","potentialAction":[{"@type":"ReadAction","target":["https:\/\/www.soleacapital.com\/es\/"]}]},{"@type":"ImageObject","inLanguage":"es","@id":"https:\/\/www.soleacapital.com\/es\/#primaryimage","url":"https:\/\/www.soleacapital.com\/wp-content\/uploads\/2025\/04\/philosophy-1-1600x1352.jpg","contentUrl":"https:\/\/www.soleacapital.com\/wp-content\/uploads\/2025\/04\/philosophy-1-1600x1352.jpg"},{"@type":"BreadcrumbList","@id":"https:\/\/www.soleacapital.com\/es\/#breadcrumb","itemListElement":[{"@type":"ListItem","position":1,"name":"Home","item":"https:\/\/www.soleacapital.com\/es\/"},{"@type":"ListItem","position":2,"name":"P\u00e1gina de inicio"}]},{"@type":"WebSite","@id":"https:\/\/www.soleacapital.com\/#website","url":"https:\/\/www.soleacapital.com\/","name":"Solea Capital","description":"","potentialAction":[{"@type":"SearchAction","target":{"@type":"EntryPoint","urlTemplate":"https:\/\/www.soleacapital.com\/?s={search_term_string}"},"query-input":{"@type":"PropertyValueSpecification","valueRequired":true,"valueName":"search_term_string"}}],"inLanguage":"es"}]}},"_links":{"self":[{"href":"https:\/\/www.soleacapital.com\/es\/wp-json\/wp\/v2\/pages\/939","targetHints":{"allow":["GET"]}}],"collection":[{"href":"https:\/\/www.soleacapital.com\/es\/wp-json\/wp\/v2\/pages"}],"about":[{"href":"https:\/\/www.soleacapital.com\/es\/wp-json\/wp\/v2\/types\/page"}],"author":[{"embeddable":true,"href":"https:\/\/www.soleacapital.com\/es\/wp-json\/wp\/v2\/users\/2"}],"replies":[{"embeddable":true,"href":"https:\/\/www.soleacapital.com\/es\/wp-json\/wp\/v2\/comments?post=939"}],"version-history":[{"count":17,"href":"https:\/\/www.soleacapital.com\/es\/wp-json\/wp\/v2\/pages\/939\/revisions"}],"predecessor-version":[{"id":1035,"href":"https:\/\/www.soleacapital.com\/es\/wp-json\/wp\/v2\/pages\/939\/revisions\/1035"}],"wp:attachment":[{"href":"https:\/\/www.soleacapital.com\/es\/wp-json\/wp\/v2\/media?parent=939"}],"curies":[{"name":"wp","href":"https:\/\/api.w.org\/{rel}","templated":true}]}}